{"id":84,"date":"2022-04-21T10:21:59","date_gmt":"2022-04-21T08:21:59","guid":{"rendered":"http:\/\/www.bbspagroup.com\/?page_id=84"},"modified":"2026-01-04T09:45:23","modified_gmt":"2026-01-04T08:45:23","slug":"we-develop","status":"publish","type":"page","link":"https:\/\/www.bbspagroup.com\/it\/cosa-facciamo\/we-develop\/","title":{"rendered":"we Develop"},"content":{"rendered":"\t\t<div data-elementor-type=\"wp-page\" data-elementor-id=\"84\" class=\"elementor elementor-84\" data-elementor-post-type=\"page\">\n\t\t\t\t<div class=\"elementor-element elementor-element-4e30b7a9 e-con-full bbspa-we-page--intro e-flex e-con e-parent\" data-id=\"4e30b7a9\" data-element_type=\"container\" data-settings=\"{&quot;background_background&quot;:&quot;classic&quot;}\">\n\t\t<div class=\"elementor-element elementor-element-3952c918 e-flex e-con-boxed e-con e-child\" data-id=\"3952c918\" data-element_type=\"container\">\n\t\t\t\t\t<div class=\"e-con-inner\">\n\t\t\t\t<div class=\"elementor-element elementor-element-7becf8fe bbspa-we-block-title elementor-widget elementor-widget-heading\" data-id=\"7becf8fe\" data-element_type=\"widget\" data-widget_type=\"heading.default\">\n\t\t\t\t<div class=\"elementor-widget-container\">\n\t\t\t\t\t<h1 class=\"elementor-heading-title elementor-size-default\">We <span style=\"background-color: #bd2f27\">Develop<\/span><\/h1>\t\t\t\t<\/div>\n\t\t\t\t<\/div>\n\t\t\t\t\t<\/div>\n\t\t\t\t<\/div>\n\t\t\t\t<\/div>\n\t\t<div class=\"elementor-element elementor-element-38ccc740 e-flex e-con-boxed e-con e-parent\" data-id=\"38ccc740\" data-element_type=\"container\" data-settings=\"{&quot;background_background&quot;:&quot;classic&quot;}\">\n\t\t\t\t\t<div class=\"e-con-inner\">\n\t\t<div class=\"elementor-element elementor-element-6e0ccdf2 e-con-full e-flex e-con e-child\" data-id=\"6e0ccdf2\" data-element_type=\"container\" data-settings=\"{&quot;background_background&quot;:&quot;classic&quot;}\">\n\t\t\t\t<div class=\"elementor-element elementor-element-7d93cc40 elementor-widget elementor-widget-text-editor\" data-id=\"7d93cc40\" data-element_type=\"widget\" data-widget_type=\"text-editor.default\">\n\t\t\t\t<div class=\"elementor-widget-container\">\n\t\t\t\t\t\t\t\t\t<p><strong>We Develop<\/strong> \u00e8 il servizio di consulenza finalizzato a rendere perfettamente funzionale, gestibile e sostenibile lo SPA concept, attraverso lo studio di spazi, funzioni e requisiti tecnologici e gestionali.<\/p><p><strong>Come si progetta una SPA funzionale e profittevole?<\/strong><\/p><p>Sulla base del business model condiviso, sviluppiamo lo <strong>studio di spazi e funzioni<\/strong> secondo un approccio analitico&amp;tailor made, mettendo a disposizione tutti gli elementi utili per permettere al team di architetti dei nostri clienti di strutturare l\u2019intero progetto architettonico e impiantistico puntando sulle soluzioni pi\u00f9 adatte, innovative e sostenibili al fine di massimizzare la redditivit\u00e0 del progetto.<\/p><p>In contemporanea, elaboriamo i <strong>diagrammi di flusso<\/strong> in cui viene analizzata e ideata la fruibilit\u00e0 della SPA mirando all\u2019ottimizzazione dei flussi di clienti e, sulla base della gestione operativa, del team.<\/p><p>Stiliamo poi una lista con i <strong>requisiti tecnici<\/strong> del progetto per ognuna delle macro\/micro aree e definiamo per ciascun ambiente, pubblico o tecnico che sia, tutti i parametri di progettazione e costruzione, dai materiali alle finiture, dall\u2019illuminazione agli impianti speciali.<\/p><p>Il servizio We Develop si completa con la redazione di un <strong>business plan<\/strong> che comprende l\u2019impostazione degli obiettivi, il modello di business e il piano di marketing. \u00c8 sulla base di questi elementi che sviluppiamo il budget di gestione facendo una proiezione dei ricavi per ogni attivit\u00e0 e dei costi di produzione e del personale in modo da definire i flussi di cassa e verificare la redditivit\u00e0.<\/p>\t\t\t\t\t\t\t\t<\/div>\n\t\t\t\t<\/div>\n\t\t\t\t<div class=\"elementor-element elementor-element-4a3bceeb elementor-icon-list--layout-traditional elementor-list-item-link-full_width elementor-widget elementor-widget-icon-list\" data-id=\"4a3bceeb\" data-element_type=\"widget\" data-widget_type=\"icon-list.default\">\n\t\t\t\t<div class=\"elementor-widget-container\">\n\t\t\t\t\t\t\t<ul class=\"elementor-icon-list-items\">\n\t\t\t\t\t\t\t<li class=\"elementor-icon-list-item\">\n\t\t\t\t\t\t\t\t\t\t\t<span class=\"elementor-icon-list-icon\">\n\t\t\t\t\t\t\t<i aria-hidden=\"true\" class=\"fas fa-square-full\"><\/i>\t\t\t\t\t\t<\/span>\n\t\t\t\t\t\t\t\t\t\t<span class=\"elementor-icon-list-text\"><strong>2.1<\/strong> Studio spazi e funzioni<\/span>\n\t\t\t\t\t\t\t\t\t<\/li>\n\t\t\t\t\t\t\t\t<li class=\"elementor-icon-list-item\">\n\t\t\t\t\t\t\t\t\t\t\t<span class=\"elementor-icon-list-icon\">\n\t\t\t\t\t\t\t<i aria-hidden=\"true\" class=\"fas fa-square-full\"><\/i>\t\t\t\t\t\t<\/span>\n\t\t\t\t\t\t\t\t\t\t<span class=\"elementor-icon-list-text\"><strong>2.2<\/strong> Diagrammi di flusso<\/span>\n\t\t\t\t\t\t\t\t\t<\/li>\n\t\t\t\t\t\t\t\t<li class=\"elementor-icon-list-item\">\n\t\t\t\t\t\t\t\t\t\t\t<span class=\"elementor-icon-list-icon\">\n\t\t\t\t\t\t\t<i aria-hidden=\"true\" class=\"fas fa-square-full\"><\/i>\t\t\t\t\t\t<\/span>\n\t\t\t\t\t\t\t\t\t\t<span class=\"elementor-icon-list-text\"><strong>2.3<\/strong> Requisiti tecnici<\/span>\n\t\t\t\t\t\t\t\t\t<\/li>\n\t\t\t\t\t\t\t\t<li class=\"elementor-icon-list-item\">\n\t\t\t\t\t\t\t\t\t\t\t<span class=\"elementor-icon-list-icon\">\n\t\t\t\t\t\t\t<i aria-hidden=\"true\" class=\"fas fa-square-full\"><\/i>\t\t\t\t\t\t<\/span>\n\t\t\t\t\t\t\t\t\t\t<span class=\"elementor-icon-list-text\"><strong>2.4<\/strong> Business plan<\/span>\n\t\t\t\t\t\t\t\t\t<\/li>\n\t\t\t\t\t\t<\/ul>\n\t\t\t\t\t\t<\/div>\n\t\t\t\t<\/div>\n\t\t\t\t<div class=\"elementor-element elementor-element-31cdaa4a elementor-hidden-desktop elementor-hidden-tablet elementor-widget-divider--view-line elementor-widget elementor-widget-divider\" data-id=\"31cdaa4a\" data-element_type=\"widget\" data-widget_type=\"divider.default\">\n\t\t\t\t<div class=\"elementor-widget-container\">\n\t\t\t\t\t\t\t<div class=\"elementor-divider\">\n\t\t\t<span class=\"elementor-divider-separator\">\n\t\t\t\t\t\t<\/span>\n\t\t<\/div>\n\t\t\t\t\t\t<\/div>\n\t\t\t\t<\/div>\n\t\t<div class=\"elementor-element elementor-element-2cefaf2e e-con-full e-grid bbspa-we-page--grid e-con e-child\" data-id=\"2cefaf2e\" data-element_type=\"container\">\n\t\t\t\t<div class=\"elementor-element elementor-element-3c11dbfb bbspa-we-block-btn elementor-widget elementor-widget-text-editor\" data-id=\"3c11dbfb\" data-element_type=\"widget\" data-widget_type=\"text-editor.default\">\n\t\t\t\t<div class=\"elementor-widget-container\">\n\t\t\t\t\t\t\t\t\t<a href=\"https:\/\/www.bbspagroup.com\/it\/cosa-facciamo\/we-think\/\" target=\"_self\">We <span style=\"background-color: #9b3128;\">Think<\/span><\/a>\t\t\t\t\t\t\t\t<\/div>\n\t\t\t\t<\/div>\n\t\t\t\t<div class=\"elementor-element elementor-element-61b9a97f elementor-view-default elementor-widget elementor-widget-icon\" data-id=\"61b9a97f\" data-element_type=\"widget\" data-widget_type=\"icon.default\">\n\t\t\t\t<div class=\"elementor-widget-container\">\n\t\t\t\t\t\t\t<div class=\"elementor-icon-wrapper\">\n\t\t\t<div class=\"elementor-icon\">\n\t\t\t<svg xmlns=\"http:\/\/www.w3.org\/2000\/svg\" width=\"19.542\" height=\"36.121\" viewBox=\"0 0 19.542 36.121\"><g id=\"Group_1647\" data-name=\"Group 1647\" transform=\"translate(1.414 1.414)\"><line id=\"Line_3\" data-name=\"Line 3\" x2=\"23.636\" transform=\"translate(0 33.292) rotate(-45)\" fill=\"none\" stroke=\"#504f4e\" stroke-linecap=\"round\" stroke-width=\"2\"><\/line><line id=\"Line_20\" data-name=\"Line 20\" x2=\"16.665\" y2=\"16.579\" transform=\"translate(0.049 0)\" fill=\"none\" stroke=\"#504f4e\" stroke-linecap=\"round\" stroke-width=\"2\"><\/line><\/g><\/svg>\t\t\t<\/div>\n\t\t<\/div>\n\t\t\t\t\t\t<\/div>\n\t\t\t\t<\/div>\n\t\t\t\t<div class=\"elementor-element elementor-element-7863e218 bbspa-we-block-btn bbspa-we-block-btn--current elementor-widget elementor-widget-text-editor\" data-id=\"7863e218\" data-element_type=\"widget\" data-widget_type=\"text-editor.default\">\n\t\t\t\t<div class=\"elementor-widget-container\">\n\t\t\t\t\t\t\t\t\t<a href=\"#\" target=\"_self\">We <span style=\"background-color: #bd2f27;\">Develop<\/span><\/a>\t\t\t\t\t\t\t\t<\/div>\n\t\t\t\t<\/div>\n\t\t\t\t<div class=\"elementor-element elementor-element-49a08e70 elementor-view-default elementor-widget elementor-widget-icon\" data-id=\"49a08e70\" data-element_type=\"widget\" data-widget_type=\"icon.default\">\n\t\t\t\t<div class=\"elementor-widget-container\">\n\t\t\t\t\t\t\t<div class=\"elementor-icon-wrapper\">\n\t\t\t<div class=\"elementor-icon\">\n\t\t\t<svg xmlns=\"http:\/\/www.w3.org\/2000\/svg\" width=\"19.542\" height=\"36.121\" viewBox=\"0 0 19.542 36.121\"><g id=\"Group_1647\" data-name=\"Group 1647\" transform=\"translate(1.414 1.414)\"><line id=\"Line_3\" data-name=\"Line 3\" x2=\"23.636\" transform=\"translate(0 33.292) rotate(-45)\" fill=\"none\" stroke=\"#504f4e\" stroke-linecap=\"round\" stroke-width=\"2\"><\/line><line id=\"Line_20\" data-name=\"Line 20\" x2=\"16.665\" y2=\"16.579\" transform=\"translate(0.049 0)\" fill=\"none\" stroke=\"#504f4e\" stroke-linecap=\"round\" stroke-width=\"2\"><\/line><\/g><\/svg>\t\t\t<\/div>\n\t\t<\/div>\n\t\t\t\t\t\t<\/div>\n\t\t\t\t<\/div>\n\t\t\t\t<div class=\"elementor-element elementor-element-39f2d6b0 bbspa-we-block-btn elementor-widget elementor-widget-text-editor\" data-id=\"39f2d6b0\" data-element_type=\"widget\" data-widget_type=\"text-editor.default\">\n\t\t\t\t<div class=\"elementor-widget-container\">\n\t\t\t\t\t\t\t\t\t<a href=\"https:\/\/www.bbspagroup.com\/it\/cosa-facciamo\/we-design\" target=\"_self\">We <span style=\"background-color: #d13a35;\">Design<\/span><\/a>\t\t\t\t\t\t\t\t<\/div>\n\t\t\t\t<\/div>\n\t\t\t\t<div class=\"elementor-element elementor-element-d3dbccf elementor-view-default elementor-widget elementor-widget-icon\" data-id=\"d3dbccf\" data-element_type=\"widget\" data-widget_type=\"icon.default\">\n\t\t\t\t<div class=\"elementor-widget-container\">\n\t\t\t\t\t\t\t<div class=\"elementor-icon-wrapper\">\n\t\t\t<div class=\"elementor-icon\">\n\t\t\t<svg xmlns=\"http:\/\/www.w3.org\/2000\/svg\" width=\"19.542\" height=\"36.121\" viewBox=\"0 0 19.542 36.121\"><g id=\"Group_1647\" data-name=\"Group 1647\" transform=\"translate(1.414 1.414)\"><line id=\"Line_3\" data-name=\"Line 3\" x2=\"23.636\" transform=\"translate(0 33.292) rotate(-45)\" fill=\"none\" stroke=\"#504f4e\" stroke-linecap=\"round\" stroke-width=\"2\"><\/line><line id=\"Line_20\" data-name=\"Line 20\" x2=\"16.665\" y2=\"16.579\" transform=\"translate(0.049 0)\" fill=\"none\" stroke=\"#504f4e\" stroke-linecap=\"round\" stroke-width=\"2\"><\/line><\/g><\/svg>\t\t\t<\/div>\n\t\t<\/div>\n\t\t\t\t\t\t<\/div>\n\t\t\t\t<\/div>\n\t\t\t\t<div class=\"elementor-element elementor-element-5f65958a bbspa-we-block-btn elementor-widget elementor-widget-text-editor\" data-id=\"5f65958a\" data-element_type=\"widget\" data-widget_type=\"text-editor.default\">\n\t\t\t\t<div class=\"elementor-widget-container\">\n\t\t\t\t\t\t\t\t\t<a href=\"https:\/\/www.bbspagroup.com\/it\/cosa-facciamo\/we-deliver\" target=\"_self\">We <span style=\"background-color: #9c9d9e;\">Deliver<\/span><\/a>\t\t\t\t\t\t\t\t<\/div>\n\t\t\t\t<\/div>\n\t\t\t\t<div class=\"elementor-element elementor-element-23041f0 elementor-view-default elementor-widget elementor-widget-icon\" data-id=\"23041f0\" data-element_type=\"widget\" data-widget_type=\"icon.default\">\n\t\t\t\t<div class=\"elementor-widget-container\">\n\t\t\t\t\t\t\t<div class=\"elementor-icon-wrapper\">\n\t\t\t<div class=\"elementor-icon\">\n\t\t\t<svg xmlns=\"http:\/\/www.w3.org\/2000\/svg\" width=\"19.542\" height=\"36.121\" viewBox=\"0 0 19.542 36.121\"><g id=\"Group_1647\" data-name=\"Group 1647\" transform=\"translate(1.414 1.414)\"><line id=\"Line_3\" data-name=\"Line 3\" x2=\"23.636\" transform=\"translate(0 33.292) rotate(-45)\" fill=\"none\" stroke=\"#504f4e\" stroke-linecap=\"round\" stroke-width=\"2\"><\/line><line id=\"Line_20\" data-name=\"Line 20\" x2=\"16.665\" y2=\"16.579\" transform=\"translate(0.049 0)\" fill=\"none\" stroke=\"#504f4e\" stroke-linecap=\"round\" stroke-width=\"2\"><\/line><\/g><\/svg>\t\t\t<\/div>\n\t\t<\/div>\n\t\t\t\t\t\t<\/div>\n\t\t\t\t<\/div>\n\t\t\t\t<div class=\"elementor-element elementor-element-1b5e1d7 bbspa-we-block-btn elementor-widget elementor-widget-text-editor\" data-id=\"1b5e1d7\" data-element_type=\"widget\" data-widget_type=\"text-editor.default\">\n\t\t\t\t<div class=\"elementor-widget-container\">\n\t\t\t\t\t\t\t\t\t<a href=\"https:\/\/www.bbspagroup.com\/it\/cosa-facciamo\/we-manage\" target=\"_self\">We <span style=\"background-color: #514f4e;\">Manage<\/span><\/a>\t\t\t\t\t\t\t\t<\/div>\n\t\t\t\t<\/div>\n\t\t\t\t<\/div>\n\t\t\t\t<div class=\"elementor-element elementor-element-68faec87 elementor-hidden-desktop elementor-hidden-tablet elementor-widget-divider--view-line elementor-widget elementor-widget-divider\" data-id=\"68faec87\" data-element_type=\"widget\" data-widget_type=\"divider.default\">\n\t\t\t\t<div class=\"elementor-widget-container\">\n\t\t\t\t\t\t\t<div class=\"elementor-divider\">\n\t\t\t<span class=\"elementor-divider-separator\">\n\t\t\t\t\t\t<\/span>\n\t\t<\/div>\n\t\t\t\t\t\t<\/div>\n\t\t\t\t<\/div>\n\t\t\t\t<\/div>\n\t\t<div class=\"elementor-element elementor-element-4746bba0 e-con-full e-flex e-con e-child\" data-id=\"4746bba0\" data-element_type=\"container\">\n\t\t\t\t<div class=\"elementor-element elementor-element-6faa92db elementor-widget elementor-widget-image\" data-id=\"6faa92db\" data-element_type=\"widget\" data-widget_type=\"image.default\">\n\t\t\t\t<div class=\"elementor-widget-container\">\n\t\t\t\t\t\t\t\t\t\t\t\t\t\t\t<img fetchpriority=\"high\" decoding=\"async\" width=\"2500\" height=\"1667\" src=\"https:\/\/www.bbspagroup.com\/wp-content\/uploads\/2022\/09\/wedesign_1142928158.jpg\" class=\"attachment-full size-full wp-image-3868\" alt=\"wedesign_1142928158\" srcset=\"https:\/\/www.bbspagroup.com\/wp-content\/uploads\/2022\/09\/wedesign_1142928158.jpg 2500w, https:\/\/www.bbspagroup.com\/wp-content\/uploads\/2022\/09\/wedesign_1142928158-300x200.jpg 300w, https:\/\/www.bbspagroup.com\/wp-content\/uploads\/2022\/09\/wedesign_1142928158-1024x683.jpg 1024w, https:\/\/www.bbspagroup.com\/wp-content\/uploads\/2022\/09\/wedesign_1142928158-768x512.jpg 768w, https:\/\/www.bbspagroup.com\/wp-content\/uploads\/2022\/09\/wedesign_1142928158-1536x1024.jpg 1536w, https:\/\/www.bbspagroup.com\/wp-content\/uploads\/2022\/09\/wedesign_1142928158-2048x1366.jpg 2048w\" sizes=\"(max-width: 2500px) 100vw, 2500px\" title=\"wedesign_1142928158\" \/>\t\t\t\t\t\t\t\t\t\t\t\t\t\t\t<\/div>\n\t\t\t\t<\/div>\n\t\t\t\t<\/div>\n\t\t\t\t\t<\/div>\n\t\t\t\t<\/div>\n\t\t\t\t<\/div>\n\t\t","protected":false},"excerpt":{"rendered":"<p>We Develop We Develop \u00e8 il servizio di consulenza finalizzato a rendere perfettamente funzionale, gestibile e sostenibile lo SPA concept, attraverso lo studio di spazi, funzioni e requisiti tecnologici e gestionali. Come si progetta una SPA funzionale e profittevole? Sulla base del business model condiviso, sviluppiamo lo studio di spazi e funzioni secondo un approccio [&hellip;]<\/p>\n","protected":false},"author":1,"featured_media":0,"parent":52,"menu_order":0,"comment_status":"closed","ping_status":"closed","template":"","meta":{"_acf_changed":false,"footnotes":""},"class_list":["post-84","page","type-page","status-publish","hentry"],"acf":[],"yoast_head":"<!-- This site is optimized with the Yoast SEO plugin v22.5 - https:\/\/yoast.com\/wordpress\/plugins\/seo\/ -->\n<title>we Develop - bbspa_Group<\/title>\n<meta name=\"description\" content=\"\u00c8 il servizio che interviene nella fase pi\u00f9 operativa coordinando i lavori di costruzione o ristrutturazione della SPA.\" \/>\n<meta name=\"robots\" content=\"index, follow, max-snippet:-1, max-image-preview:large, max-video-preview:-1\" \/>\n<link rel=\"canonical\" href=\"https:\/\/www.bbspagroup.com\/it\/cosa-facciamo\/we-develop\/\" \/>\n<meta property=\"og:locale\" content=\"it_IT\" \/>\n<meta property=\"og:type\" content=\"article\" \/>\n<meta property=\"og:title\" content=\"we Develop - bbspa_Group\" \/>\n<meta property=\"og:description\" content=\"\u00c8 il servizio che interviene nella fase pi\u00f9 operativa coordinando i lavori di costruzione o ristrutturazione della SPA.\" \/>\n<meta property=\"og:url\" content=\"https:\/\/www.bbspagroup.com\/it\/cosa-facciamo\/we-develop\/\" \/>\n<meta property=\"og:site_name\" content=\"bbspa_Group\" \/>\n<meta property=\"article:modified_time\" content=\"2026-01-04T08:45:23+00:00\" \/>\n<meta property=\"og:image\" content=\"https:\/\/www.bbspagroup.com\/wp-content\/uploads\/2022\/09\/wedesign_1142928158.jpg\" \/>\n<meta name=\"twitter:card\" content=\"summary_large_image\" \/>\n<meta name=\"twitter:label1\" content=\"Tempo di lettura stimato\" \/>\n\t<meta name=\"twitter:data1\" content=\"2 minuti\" \/>\n<script type=\"application\/ld+json\" class=\"yoast-schema-graph\">{\"@context\":\"https:\/\/schema.org\",\"@graph\":[{\"@type\":\"WebPage\",\"@id\":\"https:\/\/www.bbspagroup.com\/it\/cosa-facciamo\/we-develop\/\",\"url\":\"https:\/\/www.bbspagroup.com\/it\/cosa-facciamo\/we-develop\/\",\"name\":\"we Develop - bbspa_Group\",\"isPartOf\":{\"@id\":\"https:\/\/www.bbspagroup.com\/it\/#website\"},\"primaryImageOfPage\":{\"@id\":\"https:\/\/www.bbspagroup.com\/it\/cosa-facciamo\/we-develop\/#primaryimage\"},\"image\":{\"@id\":\"https:\/\/www.bbspagroup.com\/it\/cosa-facciamo\/we-develop\/#primaryimage\"},\"thumbnailUrl\":\"https:\/\/www.bbspagroup.com\/wp-content\/uploads\/2022\/09\/wedesign_1142928158.jpg\",\"datePublished\":\"2022-04-21T08:21:59+00:00\",\"dateModified\":\"2026-01-04T08:45:23+00:00\",\"description\":\"\u00c8 il servizio che interviene nella fase pi\u00f9 operativa coordinando i lavori di costruzione o ristrutturazione della SPA.\",\"breadcrumb\":{\"@id\":\"https:\/\/www.bbspagroup.com\/it\/cosa-facciamo\/we-develop\/#breadcrumb\"},\"inLanguage\":\"it-IT\",\"potentialAction\":[{\"@type\":\"ReadAction\",\"target\":[\"https:\/\/www.bbspagroup.com\/it\/cosa-facciamo\/we-develop\/\"]}]},{\"@type\":\"ImageObject\",\"inLanguage\":\"it-IT\",\"@id\":\"https:\/\/www.bbspagroup.com\/it\/cosa-facciamo\/we-develop\/#primaryimage\",\"url\":\"https:\/\/www.bbspagroup.com\/wp-content\/uploads\/2022\/09\/wedesign_1142928158.jpg\",\"contentUrl\":\"https:\/\/www.bbspagroup.com\/wp-content\/uploads\/2022\/09\/wedesign_1142928158.jpg\"},{\"@type\":\"BreadcrumbList\",\"@id\":\"https:\/\/www.bbspagroup.com\/it\/cosa-facciamo\/we-develop\/#breadcrumb\",\"itemListElement\":[{\"@type\":\"ListItem\",\"position\":1,\"name\":\"Home\",\"item\":\"https:\/\/www.bbspagroup.com\/it\/\"},{\"@type\":\"ListItem\",\"position\":2,\"name\":\"Cosa facciamo\",\"item\":\"https:\/\/www.bbspagroup.com\/it\/cosa-facciamo\/\"},{\"@type\":\"ListItem\",\"position\":3,\"name\":\"we Develop\"}]},{\"@type\":\"WebSite\",\"@id\":\"https:\/\/www.bbspagroup.com\/it\/#website\",\"url\":\"https:\/\/www.bbspagroup.com\/it\/\",\"name\":\"bbspa_Group\",\"description\":\"\",\"publisher\":{\"@id\":\"https:\/\/www.bbspagroup.com\/it\/#organization\"},\"potentialAction\":[{\"@type\":\"SearchAction\",\"target\":{\"@type\":\"EntryPoint\",\"urlTemplate\":\"https:\/\/www.bbspagroup.com\/it\/?s={search_term_string}\"},\"query-input\":\"required name=search_term_string\"}],\"inLanguage\":\"it-IT\"},{\"@type\":\"Organization\",\"@id\":\"https:\/\/www.bbspagroup.com\/it\/#organization\",\"name\":\"bbspa_Group\",\"url\":\"https:\/\/www.bbspagroup.com\/it\/\",\"logo\":{\"@type\":\"ImageObject\",\"inLanguage\":\"it-IT\",\"@id\":\"https:\/\/www.bbspagroup.com\/it\/#\/schema\/logo\/image\/\",\"url\":\"https:\/\/www.bbspagroup.com\/wp-content\/uploads\/2022\/04\/\u2022BBspa_LOGO_08_2022_\u00ae-1.png\",\"contentUrl\":\"https:\/\/www.bbspagroup.com\/wp-content\/uploads\/2022\/04\/\u2022BBspa_LOGO_08_2022_\u00ae-1.png\",\"width\":1926,\"height\":548,\"caption\":\"bbspa_Group\"},\"image\":{\"@id\":\"https:\/\/www.bbspagroup.com\/it\/#\/schema\/logo\/image\/\"}}]}<\/script>\n<!-- \/ Yoast SEO plugin. -->","yoast_head_json":{"title":"we Develop - bbspa_Group","description":"\u00c8 il servizio che interviene nella fase pi\u00f9 operativa coordinando i lavori di costruzione o ristrutturazione della SPA.","robots":{"index":"index","follow":"follow","max-snippet":"max-snippet:-1","max-image-preview":"max-image-preview:large","max-video-preview":"max-video-preview:-1"},"canonical":"https:\/\/www.bbspagroup.com\/it\/cosa-facciamo\/we-develop\/","og_locale":"it_IT","og_type":"article","og_title":"we Develop - bbspa_Group","og_description":"\u00c8 il servizio che interviene nella fase pi\u00f9 operativa coordinando i lavori di costruzione o ristrutturazione della SPA.","og_url":"https:\/\/www.bbspagroup.com\/it\/cosa-facciamo\/we-develop\/","og_site_name":"bbspa_Group","article_modified_time":"2026-01-04T08:45:23+00:00","og_image":[{"url":"https:\/\/www.bbspagroup.com\/wp-content\/uploads\/2022\/09\/wedesign_1142928158.jpg"}],"twitter_card":"summary_large_image","twitter_misc":{"Tempo di lettura stimato":"2 minuti"},"schema":{"@context":"https:\/\/schema.org","@graph":[{"@type":"WebPage","@id":"https:\/\/www.bbspagroup.com\/it\/cosa-facciamo\/we-develop\/","url":"https:\/\/www.bbspagroup.com\/it\/cosa-facciamo\/we-develop\/","name":"we Develop - bbspa_Group","isPartOf":{"@id":"https:\/\/www.bbspagroup.com\/it\/#website"},"primaryImageOfPage":{"@id":"https:\/\/www.bbspagroup.com\/it\/cosa-facciamo\/we-develop\/#primaryimage"},"image":{"@id":"https:\/\/www.bbspagroup.com\/it\/cosa-facciamo\/we-develop\/#primaryimage"},"thumbnailUrl":"https:\/\/www.bbspagroup.com\/wp-content\/uploads\/2022\/09\/wedesign_1142928158.jpg","datePublished":"2022-04-21T08:21:59+00:00","dateModified":"2026-01-04T08:45:23+00:00","description":"\u00c8 il servizio che interviene nella fase pi\u00f9 operativa coordinando i lavori di costruzione o ristrutturazione della SPA.","breadcrumb":{"@id":"https:\/\/www.bbspagroup.com\/it\/cosa-facciamo\/we-develop\/#breadcrumb"},"inLanguage":"it-IT","potentialAction":[{"@type":"ReadAction","target":["https:\/\/www.bbspagroup.com\/it\/cosa-facciamo\/we-develop\/"]}]},{"@type":"ImageObject","inLanguage":"it-IT","@id":"https:\/\/www.bbspagroup.com\/it\/cosa-facciamo\/we-develop\/#primaryimage","url":"https:\/\/www.bbspagroup.com\/wp-content\/uploads\/2022\/09\/wedesign_1142928158.jpg","contentUrl":"https:\/\/www.bbspagroup.com\/wp-content\/uploads\/2022\/09\/wedesign_1142928158.jpg"},{"@type":"BreadcrumbList","@id":"https:\/\/www.bbspagroup.com\/it\/cosa-facciamo\/we-develop\/#breadcrumb","itemListElement":[{"@type":"ListItem","position":1,"name":"Home","item":"https:\/\/www.bbspagroup.com\/it\/"},{"@type":"ListItem","position":2,"name":"Cosa facciamo","item":"https:\/\/www.bbspagroup.com\/it\/cosa-facciamo\/"},{"@type":"ListItem","position":3,"name":"we Develop"}]},{"@type":"WebSite","@id":"https:\/\/www.bbspagroup.com\/it\/#website","url":"https:\/\/www.bbspagroup.com\/it\/","name":"bbspa_Group","description":"","publisher":{"@id":"https:\/\/www.bbspagroup.com\/it\/#organization"},"potentialAction":[{"@type":"SearchAction","target":{"@type":"EntryPoint","urlTemplate":"https:\/\/www.bbspagroup.com\/it\/?s={search_term_string}"},"query-input":"required name=search_term_string"}],"inLanguage":"it-IT"},{"@type":"Organization","@id":"https:\/\/www.bbspagroup.com\/it\/#organization","name":"bbspa_Group","url":"https:\/\/www.bbspagroup.com\/it\/","logo":{"@type":"ImageObject","inLanguage":"it-IT","@id":"https:\/\/www.bbspagroup.com\/it\/#\/schema\/logo\/image\/","url":"https:\/\/www.bbspagroup.com\/wp-content\/uploads\/2022\/04\/\u2022BBspa_LOGO_08_2022_\u00ae-1.png","contentUrl":"https:\/\/www.bbspagroup.com\/wp-content\/uploads\/2022\/04\/\u2022BBspa_LOGO_08_2022_\u00ae-1.png","width":1926,"height":548,"caption":"bbspa_Group"},"image":{"@id":"https:\/\/www.bbspagroup.com\/it\/#\/schema\/logo\/image\/"}}]}},"_links":{"self":[{"href":"https:\/\/www.bbspagroup.com\/it\/wp-json\/wp\/v2\/pages\/84","targetHints":{"allow":["GET"]}}],"collection":[{"href":"https:\/\/www.bbspagroup.com\/it\/wp-json\/wp\/v2\/pages"}],"about":[{"href":"https:\/\/www.bbspagroup.com\/it\/wp-json\/wp\/v2\/types\/page"}],"author":[{"embeddable":true,"href":"https:\/\/www.bbspagroup.com\/it\/wp-json\/wp\/v2\/users\/1"}],"replies":[{"embeddable":true,"href":"https:\/\/www.bbspagroup.com\/it\/wp-json\/wp\/v2\/comments?post=84"}],"version-history":[{"count":71,"href":"https:\/\/www.bbspagroup.com\/it\/wp-json\/wp\/v2\/pages\/84\/revisions"}],"predecessor-version":[{"id":8627,"href":"https:\/\/www.bbspagroup.com\/it\/wp-json\/wp\/v2\/pages\/84\/revisions\/8627"}],"up":[{"embeddable":true,"href":"https:\/\/www.bbspagroup.com\/it\/wp-json\/wp\/v2\/pages\/52"}],"wp:attachment":[{"href":"https:\/\/www.bbspagroup.com\/it\/wp-json\/wp\/v2\/media?parent=84"}],"curies":[{"name":"wp","href":"https:\/\/api.w.org\/{rel}","templated":true}]}}