{"id":8065,"date":"2025-12-04T07:02:49","date_gmt":"2025-12-04T06:02:49","guid":{"rendered":"https:\/\/www.bbspagroup.com\/nos-clients\/"},"modified":"2025-12-09T12:26:20","modified_gmt":"2025-12-09T11:26:20","slug":"nos-clients","status":"publish","type":"page","link":"https:\/\/www.bbspagroup.com\/fr\/nos-clients\/","title":{"rendered":"Nos clients"},"content":{"rendered":"\t\t<div data-elementor-type=\"wp-page\" data-elementor-id=\"8065\" class=\"elementor elementor-8065 elementor-7811\" data-elementor-post-type=\"page\">\n\t\t\t\t<div class=\"elementor-element elementor-element-7e52fdd3 e-con-full e-flex e-con e-parent\" data-id=\"7e52fdd3\" data-element_type=\"container\" data-settings=\"{&quot;background_background&quot;:&quot;classic&quot;}\">\n\t\t<div class=\"elementor-element elementor-element-2455b846 e-flex e-con-boxed e-con e-child\" data-id=\"2455b846\" data-element_type=\"container\">\n\t\t\t\t\t<div class=\"e-con-inner\">\n\t\t\t\t<div class=\"elementor-element elementor-element-485435bb elementor-widget elementor-widget-heading\" data-id=\"485435bb\" data-element_type=\"widget\" data-widget_type=\"heading.default\">\n\t\t\t\t<div class=\"elementor-widget-container\">\n\t\t\t\t\t<h1 class=\"elementor-heading-title elementor-size-default\">NOS CLIENTS<\/h1>\t\t\t\t<\/div>\n\t\t\t\t<\/div>\n\t\t<div class=\"elementor-element elementor-element-815ccfe e-con-full e-flex e-con e-child\" data-id=\"815ccfe\" data-element_type=\"container\">\n\t\t\t\t<div class=\"elementor-element elementor-element-3948512 elementor-widget elementor-widget-text-editor\" data-id=\"3948512\" data-element_type=\"widget\" data-widget_type=\"text-editor.default\">\n\t\t\t\t<div class=\"elementor-widget-container\">\n\t\t\t\t\t\t\t\t\t<p>Nos projets SPA et bien-\u00eatre: des r\u00e9alisations qui transforment l\u2019exp\u00e9rience.<\/p>\t\t\t\t\t\t\t\t<\/div>\n\t\t\t\t<\/div>\n\t\t\t\t<div class=\"elementor-element elementor-element-4571d30 elementor-widget elementor-widget-text-editor\" data-id=\"4571d30\" data-element_type=\"widget\" data-widget_type=\"text-editor.default\">\n\t\t\t\t<div class=\"elementor-widget-container\">\n\t\t\t\t\t\t\t\t\t<p>Concevoir un SPA, c&rsquo;est donner forme au bien-\u00eatre: transformer un espace en exp\u00e9rience, une id\u00e9e en identit\u00e9. Chez bbspa_Group, nous cr\u00e9ons des environnements con\u00e7us pour offrir des parcours sensoriels authentiques : SPA urbains, complexes internationaux, centres thermaux et destinations bien-\u00eatre n\u00e9s de l\u2019alliance entre cr\u00e9ativit\u00e9, strat\u00e9gie et m\u00e9thode.<\/p>\t\t\t\t\t\t\t\t<\/div>\n\t\t\t\t<\/div>\n\t\t\t\t<\/div>\n\t\t\t\t\t<\/div>\n\t\t\t\t<\/div>\n\t\t\t\t<\/div>\n\t\t<div class=\"elementor-element elementor-element-300ba190 e-con-full e-flex e-con e-parent\" data-id=\"300ba190\" data-element_type=\"container\" data-settings=\"{&quot;background_background&quot;:&quot;classic&quot;}\">\n\t\t<div class=\"elementor-element elementor-element-33a84465 e-flex e-con-boxed e-con e-child\" data-id=\"33a84465\" data-element_type=\"container\">\n\t\t\t\t\t<div class=\"e-con-inner\">\n\t\t<div class=\"elementor-element elementor-element-6ed57e62 e-con-full e-flex e-con e-child\" data-id=\"6ed57e62\" data-element_type=\"container\">\n\t\t\t\t<div class=\"elementor-element elementor-element-34eaa31c elementor-widget elementor-widget-counter\" data-id=\"34eaa31c\" data-element_type=\"widget\" data-widget_type=\"counter.default\">\n\t\t\t\t<div class=\"elementor-widget-container\">\n\t\t\t\t\t\t\t<div class=\"elementor-counter\">\n\t\t\t<div class=\"elementor-counter-title\">projets<\/div>\t\t\t<div class=\"elementor-counter-number-wrapper\">\n\t\t\t\t<span class=\"elementor-counter-number-prefix\"><\/span>\n\t\t\t\t<span class=\"elementor-counter-number\" data-duration=\"2000\" data-to-value=\"43\" data-from-value=\"0\" data-delimiter=\",\">0<\/span>\n\t\t\t\t<span class=\"elementor-counter-number-suffix\"><\/span>\n\t\t\t<\/div>\n\t\t<\/div>\n\t\t\t\t\t\t<\/div>\n\t\t\t\t<\/div>\n\t\t\t\t<\/div>\n\t\t<div class=\"elementor-element elementor-element-53235305 e-con-full e-flex e-con e-child\" data-id=\"53235305\" data-element_type=\"container\">\n\t\t\t\t<div class=\"elementor-element elementor-element-69f93329 elementor-widget elementor-widget-counter\" data-id=\"69f93329\" data-element_type=\"widget\" data-widget_type=\"counter.default\">\n\t\t\t\t<div class=\"elementor-widget-container\">\n\t\t\t\t\t\t\t<div class=\"elementor-counter\">\n\t\t\t<div class=\"elementor-counter-title\">m2<\/div>\t\t\t<div class=\"elementor-counter-number-wrapper\">\n\t\t\t\t<span class=\"elementor-counter-number-prefix\"><\/span>\n\t\t\t\t<span class=\"elementor-counter-number\" data-duration=\"2000\" data-to-value=\"65173\" data-from-value=\"0\" data-delimiter=\".\">0<\/span>\n\t\t\t\t<span class=\"elementor-counter-number-suffix\"><\/span>\n\t\t\t<\/div>\n\t\t<\/div>\n\t\t\t\t\t\t<\/div>\n\t\t\t\t<\/div>\n\t\t\t\t<\/div>\n\t\t<div class=\"elementor-element elementor-element-cfb723c e-con-full e-flex e-con e-child\" data-id=\"cfb723c\" data-element_type=\"container\">\n\t\t\t\t<div class=\"elementor-element elementor-element-759838b9 elementor-widget elementor-widget-counter\" data-id=\"759838b9\" data-element_type=\"widget\" data-widget_type=\"counter.default\">\n\t\t\t\t<div class=\"elementor-widget-container\">\n\t\t\t\t\t\t\t<div class=\"elementor-counter\">\n\t\t\t<div class=\"elementor-counter-title\">pays<\/div>\t\t\t<div class=\"elementor-counter-number-wrapper\">\n\t\t\t\t<span class=\"elementor-counter-number-prefix\"><\/span>\n\t\t\t\t<span class=\"elementor-counter-number\" data-duration=\"2000\" data-to-value=\"10\" data-from-value=\"0\" data-delimiter=\",\">0<\/span>\n\t\t\t\t<span class=\"elementor-counter-number-suffix\"><\/span>\n\t\t\t<\/div>\n\t\t<\/div>\n\t\t\t\t\t\t<\/div>\n\t\t\t\t<\/div>\n\t\t\t\t<\/div>\n\t\t\t\t\t<\/div>\n\t\t\t\t<\/div>\n\t\t\t\t<\/div>\n\t\t<div class=\"elementor-element elementor-element-e7fe945 e-con-full e-flex e-con e-parent\" data-id=\"e7fe945\" data-element_type=\"container\">\n\t\t<div class=\"elementor-element elementor-element-d975369 e-con-full e-flex e-con e-child\" data-id=\"d975369\" data-element_type=\"container\">\n\t\t<div class=\"elementor-element elementor-element-3c30652 e-con-full e-flex e-con e-child\" data-id=\"3c30652\" data-element_type=\"container\">\n\t\t<a class=\"elementor-element elementor-element-b11a608 e-con-full e-flex e-con e-child\" data-id=\"b11a608\" data-element_type=\"container\" data-settings=\"{&quot;background_background&quot;:&quot;classic&quot;}\" href=\"https:\/\/www.bbspagroup.com\/fr\/portefeuille-de-projets-realises\/\">\n\t\t<div class=\"elementor-element elementor-element-ffc8135 e-con-full e-flex e-con e-child\" data-id=\"ffc8135\" data-element_type=\"container\" data-settings=\"{&quot;background_background&quot;:&quot;classic&quot;}\">\n\t\t\t\t<div class=\"elementor-element elementor-element-4e8eb66 elementor-widget elementor-widget-text-editor\" data-id=\"4e8eb66\" data-element_type=\"widget\" data-widget_type=\"text-editor.default\">\n\t\t\t\t<div class=\"elementor-widget-container\">\n\t\t\t\t\t\t\t\t\tProjets iconiques\t\t\t\t\t\t\t\t<\/div>\n\t\t\t\t<\/div>\n\t\t\t\t<\/div>\n\t\t\t\t<\/a>\n\t\t<a class=\"elementor-element elementor-element-c42c73a e-con-full e-flex e-con e-child\" data-id=\"c42c73a\" data-element_type=\"container\" data-settings=\"{&quot;background_background&quot;:&quot;classic&quot;}\" href=\"https:\/\/www.bbspagroup.com\/fr\/projets-en-cours-avec\/\">\n\t\t<div class=\"elementor-element elementor-element-d1b5061 e-con-full e-flex e-con e-child\" data-id=\"d1b5061\" data-element_type=\"container\" data-settings=\"{&quot;background_background&quot;:&quot;classic&quot;}\">\n\t\t\t\t<div class=\"elementor-element elementor-element-582a3f0 elementor-widget elementor-widget-text-editor\" data-id=\"582a3f0\" data-element_type=\"widget\" data-widget_type=\"text-editor.default\">\n\t\t\t\t<div class=\"elementor-widget-container\">\n\t\t\t\t\t\t\t\t\t<p>Projets en cours<\/p>\t\t\t\t\t\t\t\t<\/div>\n\t\t\t\t<\/div>\n\t\t\t\t<\/div>\n\t\t\t\t<\/a>\n\t\t<a class=\"elementor-element elementor-element-197b995 e-con-full e-flex e-con e-child\" data-id=\"197b995\" data-element_type=\"container\" data-settings=\"{&quot;background_background&quot;:&quot;classic&quot;}\" href=\"https:\/\/www.bbspagroup.com\/fr\/etudes-de-faisabilite\/\">\n\t\t<div class=\"elementor-element elementor-element-1501077 e-con-full e-flex e-con e-child\" data-id=\"1501077\" data-element_type=\"container\" data-settings=\"{&quot;background_background&quot;:&quot;classic&quot;}\">\n\t\t\t\t<div class=\"elementor-element elementor-element-2daa202 elementor-widget elementor-widget-text-editor\" data-id=\"2daa202\" data-element_type=\"widget\" data-widget_type=\"text-editor.default\">\n\t\t\t\t<div class=\"elementor-widget-container\">\n\t\t\t\t\t\t\t\t\t<p>\u00c9tudes de faisabilit\u00e9<\/p>\t\t\t\t\t\t\t\t<\/div>\n\t\t\t\t<\/div>\n\t\t\t\t<\/div>\n\t\t\t\t<\/a>\n\t\t\t\t<\/div>\n\t\t\t\t<\/div>\n\t\t\t\t<\/div>\n\t\t\t\t<\/div>\n\t\t","protected":false},"excerpt":{"rendered":"<p>NOS CLIENTS Nos projets SPA et bien-\u00eatre: des r\u00e9alisations qui transforment l\u2019exp\u00e9rience. Concevoir un SPA, c&rsquo;est donner forme au bien-\u00eatre: transformer un espace en exp\u00e9rience, une id\u00e9e en identit\u00e9. Chez bbspa_Group, nous cr\u00e9ons des environnements con\u00e7us pour offrir des parcours sensoriels authentiques : SPA urbains, complexes internationaux, centres thermaux et destinations bien-\u00eatre n\u00e9s de l\u2019alliance [&hellip;]<\/p>\n","protected":false},"author":1,"featured_media":0,"parent":0,"menu_order":0,"comment_status":"closed","ping_status":"closed","template":"","meta":{"_acf_changed":false,"footnotes":""},"class_list":["post-8065","page","type-page","status-publish","hentry"],"acf":[],"yoast_head":"<!-- This site is optimized with the Yoast SEO plugin v22.5 - https:\/\/yoast.com\/wordpress\/plugins\/seo\/ -->\n<title>Nos clients - bbspa_Group<\/title>\n<meta name=\"robots\" content=\"index, follow, max-snippet:-1, max-image-preview:large, max-video-preview:-1\" \/>\n<link rel=\"canonical\" href=\"https:\/\/www.bbspagroup.com\/fr\/nos-clients\/\" \/>\n<meta property=\"og:locale\" content=\"fr_FR\" \/>\n<meta property=\"og:type\" content=\"article\" \/>\n<meta property=\"og:title\" content=\"Nos clients - bbspa_Group\" \/>\n<meta property=\"og:description\" content=\"NOS CLIENTS Nos projets SPA et bien-\u00eatre: des r\u00e9alisations qui transforment l\u2019exp\u00e9rience. Concevoir un SPA, c&rsquo;est donner forme au bien-\u00eatre: transformer un espace en exp\u00e9rience, une id\u00e9e en identit\u00e9. Chez bbspa_Group, nous cr\u00e9ons des environnements con\u00e7us pour offrir des parcours sensoriels authentiques : SPA urbains, complexes internationaux, centres thermaux et destinations bien-\u00eatre n\u00e9s de l\u2019alliance [&hellip;]\" \/>\n<meta property=\"og:url\" content=\"https:\/\/www.bbspagroup.com\/fr\/nos-clients\/\" \/>\n<meta property=\"og:site_name\" content=\"bbspa_Group\" \/>\n<meta property=\"article:modified_time\" content=\"2025-12-09T11:26:20+00:00\" \/>\n<meta name=\"twitter:card\" content=\"summary_large_image\" \/>\n<script type=\"application\/ld+json\" class=\"yoast-schema-graph\">{\"@context\":\"https:\/\/schema.org\",\"@graph\":[{\"@type\":\"WebPage\",\"@id\":\"https:\/\/www.bbspagroup.com\/fr\/nos-clients\/\",\"url\":\"https:\/\/www.bbspagroup.com\/fr\/nos-clients\/\",\"name\":\"Nos clients - bbspa_Group\",\"isPartOf\":{\"@id\":\"https:\/\/www.bbspagroup.com\/fr\/#website\"},\"datePublished\":\"2025-12-04T06:02:49+00:00\",\"dateModified\":\"2025-12-09T11:26:20+00:00\",\"breadcrumb\":{\"@id\":\"https:\/\/www.bbspagroup.com\/fr\/nos-clients\/#breadcrumb\"},\"inLanguage\":\"fr-FR\",\"potentialAction\":[{\"@type\":\"ReadAction\",\"target\":[\"https:\/\/www.bbspagroup.com\/fr\/nos-clients\/\"]}]},{\"@type\":\"BreadcrumbList\",\"@id\":\"https:\/\/www.bbspagroup.com\/fr\/nos-clients\/#breadcrumb\",\"itemListElement\":[{\"@type\":\"ListItem\",\"position\":1,\"name\":\"Home\",\"item\":\"https:\/\/www.bbspagroup.com\/fr\/the-sandbox\/\"},{\"@type\":\"ListItem\",\"position\":2,\"name\":\"Nos clients\"}]},{\"@type\":\"WebSite\",\"@id\":\"https:\/\/www.bbspagroup.com\/fr\/#website\",\"url\":\"https:\/\/www.bbspagroup.com\/fr\/\",\"name\":\"bbspa_Group\",\"description\":\"\",\"publisher\":{\"@id\":\"https:\/\/www.bbspagroup.com\/fr\/#organization\"},\"potentialAction\":[{\"@type\":\"SearchAction\",\"target\":{\"@type\":\"EntryPoint\",\"urlTemplate\":\"https:\/\/www.bbspagroup.com\/fr\/?s={search_term_string}\"},\"query-input\":\"required name=search_term_string\"}],\"inLanguage\":\"fr-FR\"},{\"@type\":\"Organization\",\"@id\":\"https:\/\/www.bbspagroup.com\/fr\/#organization\",\"name\":\"bbspa_Group\",\"url\":\"https:\/\/www.bbspagroup.com\/fr\/\",\"logo\":{\"@type\":\"ImageObject\",\"inLanguage\":\"fr-FR\",\"@id\":\"https:\/\/www.bbspagroup.com\/fr\/#\/schema\/logo\/image\/\",\"url\":\"https:\/\/www.bbspagroup.com\/wp-content\/uploads\/2022\/04\/\u2022BBspa_LOGO_08_2022_\u00ae-1.png\",\"contentUrl\":\"https:\/\/www.bbspagroup.com\/wp-content\/uploads\/2022\/04\/\u2022BBspa_LOGO_08_2022_\u00ae-1.png\",\"width\":1926,\"height\":548,\"caption\":\"bbspa_Group\"},\"image\":{\"@id\":\"https:\/\/www.bbspagroup.com\/fr\/#\/schema\/logo\/image\/\"}}]}<\/script>\n<!-- \/ Yoast SEO plugin. -->","yoast_head_json":{"title":"Nos clients - bbspa_Group","robots":{"index":"index","follow":"follow","max-snippet":"max-snippet:-1","max-image-preview":"max-image-preview:large","max-video-preview":"max-video-preview:-1"},"canonical":"https:\/\/www.bbspagroup.com\/fr\/nos-clients\/","og_locale":"fr_FR","og_type":"article","og_title":"Nos clients - bbspa_Group","og_description":"NOS CLIENTS Nos projets SPA et bien-\u00eatre: des r\u00e9alisations qui transforment l\u2019exp\u00e9rience. Concevoir un SPA, c&rsquo;est donner forme au bien-\u00eatre: transformer un espace en exp\u00e9rience, une id\u00e9e en identit\u00e9. Chez bbspa_Group, nous cr\u00e9ons des environnements con\u00e7us pour offrir des parcours sensoriels authentiques : SPA urbains, complexes internationaux, centres thermaux et destinations bien-\u00eatre n\u00e9s de l\u2019alliance [&hellip;]","og_url":"https:\/\/www.bbspagroup.com\/fr\/nos-clients\/","og_site_name":"bbspa_Group","article_modified_time":"2025-12-09T11:26:20+00:00","twitter_card":"summary_large_image","schema":{"@context":"https:\/\/schema.org","@graph":[{"@type":"WebPage","@id":"https:\/\/www.bbspagroup.com\/fr\/nos-clients\/","url":"https:\/\/www.bbspagroup.com\/fr\/nos-clients\/","name":"Nos clients - bbspa_Group","isPartOf":{"@id":"https:\/\/www.bbspagroup.com\/fr\/#website"},"datePublished":"2025-12-04T06:02:49+00:00","dateModified":"2025-12-09T11:26:20+00:00","breadcrumb":{"@id":"https:\/\/www.bbspagroup.com\/fr\/nos-clients\/#breadcrumb"},"inLanguage":"fr-FR","potentialAction":[{"@type":"ReadAction","target":["https:\/\/www.bbspagroup.com\/fr\/nos-clients\/"]}]},{"@type":"BreadcrumbList","@id":"https:\/\/www.bbspagroup.com\/fr\/nos-clients\/#breadcrumb","itemListElement":[{"@type":"ListItem","position":1,"name":"Home","item":"https:\/\/www.bbspagroup.com\/fr\/the-sandbox\/"},{"@type":"ListItem","position":2,"name":"Nos clients"}]},{"@type":"WebSite","@id":"https:\/\/www.bbspagroup.com\/fr\/#website","url":"https:\/\/www.bbspagroup.com\/fr\/","name":"bbspa_Group","description":"","publisher":{"@id":"https:\/\/www.bbspagroup.com\/fr\/#organization"},"potentialAction":[{"@type":"SearchAction","target":{"@type":"EntryPoint","urlTemplate":"https:\/\/www.bbspagroup.com\/fr\/?s={search_term_string}"},"query-input":"required name=search_term_string"}],"inLanguage":"fr-FR"},{"@type":"Organization","@id":"https:\/\/www.bbspagroup.com\/fr\/#organization","name":"bbspa_Group","url":"https:\/\/www.bbspagroup.com\/fr\/","logo":{"@type":"ImageObject","inLanguage":"fr-FR","@id":"https:\/\/www.bbspagroup.com\/fr\/#\/schema\/logo\/image\/","url":"https:\/\/www.bbspagroup.com\/wp-content\/uploads\/2022\/04\/\u2022BBspa_LOGO_08_2022_\u00ae-1.png","contentUrl":"https:\/\/www.bbspagroup.com\/wp-content\/uploads\/2022\/04\/\u2022BBspa_LOGO_08_2022_\u00ae-1.png","width":1926,"height":548,"caption":"bbspa_Group"},"image":{"@id":"https:\/\/www.bbspagroup.com\/fr\/#\/schema\/logo\/image\/"}}]}},"_links":{"self":[{"href":"https:\/\/www.bbspagroup.com\/fr\/wp-json\/wp\/v2\/pages\/8065","targetHints":{"allow":["GET"]}}],"collection":[{"href":"https:\/\/www.bbspagroup.com\/fr\/wp-json\/wp\/v2\/pages"}],"about":[{"href":"https:\/\/www.bbspagroup.com\/fr\/wp-json\/wp\/v2\/types\/page"}],"author":[{"embeddable":true,"href":"https:\/\/www.bbspagroup.com\/fr\/wp-json\/wp\/v2\/users\/1"}],"replies":[{"embeddable":true,"href":"https:\/\/www.bbspagroup.com\/fr\/wp-json\/wp\/v2\/comments?post=8065"}],"version-history":[{"count":6,"href":"https:\/\/www.bbspagroup.com\/fr\/wp-json\/wp\/v2\/pages\/8065\/revisions"}],"predecessor-version":[{"id":8333,"href":"https:\/\/www.bbspagroup.com\/fr\/wp-json\/wp\/v2\/pages\/8065\/revisions\/8333"}],"wp:attachment":[{"href":"https:\/\/www.bbspagroup.com\/fr\/wp-json\/wp\/v2\/media?parent=8065"}],"curies":[{"name":"wp","href":"https:\/\/api.w.org\/{rel}","templated":true}]}}