{"id":7882,"date":"2025-12-01T08:33:22","date_gmt":"2025-12-01T07:33:22","guid":{"rendered":"https:\/\/www.bbspagroup.com\/ce-quon-fait\/we-deliver\/"},"modified":"2025-12-04T23:27:37","modified_gmt":"2025-12-04T22:27:37","slug":"we-deliver","status":"publish","type":"page","link":"https:\/\/www.bbspagroup.com\/fr\/ce-quon-fait\/we-deliver\/","title":{"rendered":"we Deliver"},"content":{"rendered":"\t\t<div data-elementor-type=\"wp-page\" data-elementor-id=\"7882\" class=\"elementor elementor-7882 elementor-7527\" data-elementor-post-type=\"page\">\n\t\t\t\t<div class=\"elementor-element elementor-element-73e9731c e-con-full bbspa-we-page--intro e-flex e-con e-parent\" data-id=\"73e9731c\" data-element_type=\"container\" data-settings=\"{&quot;background_background&quot;:&quot;classic&quot;}\">\n\t\t<div class=\"elementor-element elementor-element-fc0c5d9 e-flex e-con-boxed e-con e-child\" data-id=\"fc0c5d9\" data-element_type=\"container\">\n\t\t\t\t\t<div class=\"e-con-inner\">\n\t\t\t\t<div class=\"elementor-element elementor-element-53727d12 bbspa-we-block-title elementor-widget elementor-widget-heading\" data-id=\"53727d12\" data-element_type=\"widget\" data-widget_type=\"heading.default\">\n\t\t\t\t<div class=\"elementor-widget-container\">\n\t\t\t\t\t<h1 class=\"elementor-heading-title elementor-size-default\">We <span style=\"background-color: #9C9D9E\">Deliver<\/span><\/h1>\t\t\t\t<\/div>\n\t\t\t\t<\/div>\n\t\t\t\t\t<\/div>\n\t\t\t\t<\/div>\n\t\t\t\t<\/div>\n\t\t<div class=\"elementor-element elementor-element-24a021e e-flex e-con-boxed e-con e-parent\" data-id=\"24a021e\" data-element_type=\"container\" data-settings=\"{&quot;background_background&quot;:&quot;classic&quot;}\">\n\t\t\t\t\t<div class=\"e-con-inner\">\n\t\t<div class=\"elementor-element elementor-element-9100ff0 e-con-full e-flex e-con e-child\" data-id=\"9100ff0\" data-element_type=\"container\" data-settings=\"{&quot;background_background&quot;:&quot;classic&quot;}\">\n\t\t\t\t<div class=\"elementor-element elementor-element-7761d40 elementor-widget elementor-widget-text-editor\" data-id=\"7761d40\" data-element_type=\"widget\" data-widget_type=\"text-editor.default\">\n\t\t\t\t<div class=\"elementor-widget-container\">\n\t\t\t\t\t\t\t\t\t<p>We Deliver est le service de conseil qui accompagne les investisseurs et les gestionnaires de projets Wellness &amp; SPA dans la d\u00e9finition et la mise en \u0153uvre d\u2019un mod\u00e8le de gestion performant et mesurable.<\/p><p><strong>Comment obtenir un SPA rentable et profitable?<\/strong><\/p><p>Chaque mod\u00e8le commercial n\u00e9cessite un mod\u00e8le de gestion adapt\u00e9 pour garantir un service de haut niveau. Nous assurons donc la <strong>recherche et la s\u00e9lection d&rsquo;une soci\u00e9t\u00e9 de gestion de SPA<\/strong> la plus appropri\u00e9e, en analysant chaque candidature pour identifier celle qui convient le mieux \u00e0 chaque situation.<\/p><p>Nous vous accompagnons \u00e9galement dans la <strong>recherche et la s\u00e9lection de marques cosm\u00e9tiques et technologiques<\/strong>, afin d\u2019assurer leur coh\u00e9rence avec le concept SPA et avec le mod\u00e8le commercial.<\/p><p>Une fois ces \u00e9l\u00e9ments d\u00e9finis, nous \u00e9laborons les <strong>manuels SPA<\/strong>, indispensables pour standardiser et formaliser l\u2019ensemble des processus. Ils deviennent la base de r\u00e9f\u00e9rence pour le recrutement et la formation des \u00e9quipes, assurant ainsi une gestion fluide, efficace et irr\u00e9prochable.<\/p><p>Nos services comprennent \u00e9galement <strong>la recherche, la s\u00e9lection et la formation de l&rsquo;\u00e9quipe SPA<\/strong> : organigramme, fiches de poste, recrutement, formation avant et apr\u00e8s l&rsquo;ouverture.<\/p>\t\t\t\t\t\t\t\t<\/div>\n\t\t\t\t<\/div>\n\t\t\t\t<div class=\"elementor-element elementor-element-827f4c0 elementor-icon-list--layout-traditional elementor-list-item-link-full_width elementor-widget elementor-widget-icon-list\" data-id=\"827f4c0\" data-element_type=\"widget\" data-widget_type=\"icon-list.default\">\n\t\t\t\t<div class=\"elementor-widget-container\">\n\t\t\t\t\t\t\t<ul class=\"elementor-icon-list-items\">\n\t\t\t\t\t\t\t<li class=\"elementor-icon-list-item\">\n\t\t\t\t\t\t\t\t\t\t\t<span class=\"elementor-icon-list-icon\">\n\t\t\t\t\t\t\t<i aria-hidden=\"true\" class=\"fas fa-square-full\"><\/i>\t\t\t\t\t\t<\/span>\n\t\t\t\t\t\t\t\t\t\t<span class=\"elementor-icon-list-text\"><strong>4.1<\/strong> Recherche et s\u00e9lection de la soci\u00e9t\u00e9 de gestion de la SPA<\/span>\n\t\t\t\t\t\t\t\t\t<\/li>\n\t\t\t\t\t\t\t\t<li class=\"elementor-icon-list-item\">\n\t\t\t\t\t\t\t\t\t\t\t<span class=\"elementor-icon-list-icon\">\n\t\t\t\t\t\t\t<i aria-hidden=\"true\" class=\"fas fa-square-full\"><\/i>\t\t\t\t\t\t<\/span>\n\t\t\t\t\t\t\t\t\t\t<span class=\"elementor-icon-list-text\"><strong>4.2<\/strong> Recherche et s\u00e9lection de marques cosm\u00e9tiques et technologiques<\/span>\n\t\t\t\t\t\t\t\t\t<\/li>\n\t\t\t\t\t\t\t\t<li class=\"elementor-icon-list-item\">\n\t\t\t\t\t\t\t\t\t\t\t<span class=\"elementor-icon-list-icon\">\n\t\t\t\t\t\t\t<i aria-hidden=\"true\" class=\"fas fa-square-full\"><\/i>\t\t\t\t\t\t<\/span>\n\t\t\t\t\t\t\t\t\t\t<span class=\"elementor-icon-list-text\"><strong>4.3<\/strong> Recherche, s\u00e9lection et formation de l\u2019\u00e9quipe SPA<\/span>\n\t\t\t\t\t\t\t\t\t<\/li>\n\t\t\t\t\t\t\t\t<li class=\"elementor-icon-list-item\">\n\t\t\t\t\t\t\t\t\t\t\t<span class=\"elementor-icon-list-icon\">\n\t\t\t\t\t\t\t<i aria-hidden=\"true\" class=\"fas fa-square-full\"><\/i>\t\t\t\t\t\t<\/span>\n\t\t\t\t\t\t\t\t\t\t<span class=\"elementor-icon-list-text\"><strong>4.4<\/strong> Manuels SPA<\/span>\n\t\t\t\t\t\t\t\t\t<\/li>\n\t\t\t\t\t\t\t\t<li class=\"elementor-icon-list-item\">\n\t\t\t\t\t\t\t\t\t\t\t<span class=\"elementor-icon-list-icon\">\n\t\t\t\t\t\t\t<i aria-hidden=\"true\" class=\"fas fa-square-full\"><\/i>\t\t\t\t\t\t<\/span>\n\t\t\t\t\t\t\t\t\t\t<span class=\"elementor-icon-list-text\"><strong>4.5<\/strong> D\u00e9marrage, ouverture et post-ouverture<\/span>\n\t\t\t\t\t\t\t\t\t<\/li>\n\t\t\t\t\t\t<\/ul>\n\t\t\t\t\t\t<\/div>\n\t\t\t\t<\/div>\n\t\t\t\t<div class=\"elementor-element elementor-element-135be38 elementor-hidden-desktop elementor-hidden-tablet elementor-widget-divider--view-line elementor-widget elementor-widget-divider\" data-id=\"135be38\" data-element_type=\"widget\" data-widget_type=\"divider.default\">\n\t\t\t\t<div class=\"elementor-widget-container\">\n\t\t\t\t\t\t\t<div class=\"elementor-divider\">\n\t\t\t<span class=\"elementor-divider-separator\">\n\t\t\t\t\t\t<\/span>\n\t\t<\/div>\n\t\t\t\t\t\t<\/div>\n\t\t\t\t<\/div>\n\t\t<div class=\"elementor-element elementor-element-4c43e27 e-con-full e-grid bbspa-we-page--grid e-con e-child\" data-id=\"4c43e27\" data-element_type=\"container\">\n\t\t\t\t<div class=\"elementor-element elementor-element-726ae19 bbspa-we-block-btn elementor-widget elementor-widget-text-editor\" data-id=\"726ae19\" data-element_type=\"widget\" data-widget_type=\"text-editor.default\">\n\t\t\t\t<div class=\"elementor-widget-container\">\n\t\t\t\t\t\t\t\t\t<a href=\"https:\/\/www.bbspagroup.com\/fr\/ce-quon-fait\/we-think\/\" target=\"_self\">We <span style=\"background-color: #9b3128;\">Think<\/span><\/a>\t\t\t\t\t\t\t\t<\/div>\n\t\t\t\t<\/div>\n\t\t\t\t<div class=\"elementor-element elementor-element-fad514a elementor-view-default elementor-widget elementor-widget-icon\" data-id=\"fad514a\" data-element_type=\"widget\" data-widget_type=\"icon.default\">\n\t\t\t\t<div class=\"elementor-widget-container\">\n\t\t\t\t\t\t\t<div class=\"elementor-icon-wrapper\">\n\t\t\t<div class=\"elementor-icon\">\n\t\t\t<svg xmlns=\"http:\/\/www.w3.org\/2000\/svg\" width=\"19.542\" height=\"36.121\" viewBox=\"0 0 19.542 36.121\"><g id=\"Group_1647\" data-name=\"Group 1647\" transform=\"translate(1.414 1.414)\"><line id=\"Line_3\" data-name=\"Line 3\" x2=\"23.636\" transform=\"translate(0 33.292) rotate(-45)\" fill=\"none\" stroke=\"#504f4e\" stroke-linecap=\"round\" stroke-width=\"2\"><\/line><line id=\"Line_20\" data-name=\"Line 20\" x2=\"16.665\" y2=\"16.579\" transform=\"translate(0.049 0)\" fill=\"none\" stroke=\"#504f4e\" stroke-linecap=\"round\" stroke-width=\"2\"><\/line><\/g><\/svg>\t\t\t<\/div>\n\t\t<\/div>\n\t\t\t\t\t\t<\/div>\n\t\t\t\t<\/div>\n\t\t\t\t<div class=\"elementor-element elementor-element-a0c4560 bbspa-we-block-btn elementor-widget elementor-widget-text-editor\" data-id=\"a0c4560\" data-element_type=\"widget\" data-widget_type=\"text-editor.default\">\n\t\t\t\t<div class=\"elementor-widget-container\">\n\t\t\t\t\t\t\t\t\t<a href=\"https:\/\/www.bbspagroup.com\/fr\/ce-quon-fait\/we-develop\/\" target=\"_self\">We <span style=\"background-color: #bd2f27;\">Develop<\/span><\/a>\t\t\t\t\t\t\t\t<\/div>\n\t\t\t\t<\/div>\n\t\t\t\t<div class=\"elementor-element elementor-element-0d9712a elementor-view-default elementor-widget elementor-widget-icon\" data-id=\"0d9712a\" data-element_type=\"widget\" data-widget_type=\"icon.default\">\n\t\t\t\t<div class=\"elementor-widget-container\">\n\t\t\t\t\t\t\t<div class=\"elementor-icon-wrapper\">\n\t\t\t<div class=\"elementor-icon\">\n\t\t\t<svg xmlns=\"http:\/\/www.w3.org\/2000\/svg\" width=\"19.542\" height=\"36.121\" viewBox=\"0 0 19.542 36.121\"><g id=\"Group_1647\" data-name=\"Group 1647\" transform=\"translate(1.414 1.414)\"><line id=\"Line_3\" data-name=\"Line 3\" x2=\"23.636\" transform=\"translate(0 33.292) rotate(-45)\" fill=\"none\" stroke=\"#504f4e\" stroke-linecap=\"round\" stroke-width=\"2\"><\/line><line id=\"Line_20\" data-name=\"Line 20\" x2=\"16.665\" y2=\"16.579\" transform=\"translate(0.049 0)\" fill=\"none\" stroke=\"#504f4e\" stroke-linecap=\"round\" stroke-width=\"2\"><\/line><\/g><\/svg>\t\t\t<\/div>\n\t\t<\/div>\n\t\t\t\t\t\t<\/div>\n\t\t\t\t<\/div>\n\t\t\t\t<div class=\"elementor-element elementor-element-71adc94 bbspa-we-block-btn elementor-widget elementor-widget-text-editor\" data-id=\"71adc94\" data-element_type=\"widget\" data-widget_type=\"text-editor.default\">\n\t\t\t\t<div class=\"elementor-widget-container\">\n\t\t\t\t\t\t\t\t\t<a href=\"https:\/\/www.bbspagroup.com\/fr\/ce-quon-fait\/we-design\/\" target=\"_self\">We <span style=\"background-color: #d13a35;\">Design<\/span><\/a>\t\t\t\t\t\t\t\t<\/div>\n\t\t\t\t<\/div>\n\t\t\t\t<div class=\"elementor-element elementor-element-bff8496 elementor-view-default elementor-widget elementor-widget-icon\" data-id=\"bff8496\" data-element_type=\"widget\" data-widget_type=\"icon.default\">\n\t\t\t\t<div class=\"elementor-widget-container\">\n\t\t\t\t\t\t\t<div class=\"elementor-icon-wrapper\">\n\t\t\t<div class=\"elementor-icon\">\n\t\t\t<svg xmlns=\"http:\/\/www.w3.org\/2000\/svg\" width=\"19.542\" height=\"36.121\" viewBox=\"0 0 19.542 36.121\"><g id=\"Group_1647\" data-name=\"Group 1647\" transform=\"translate(1.414 1.414)\"><line id=\"Line_3\" data-name=\"Line 3\" x2=\"23.636\" transform=\"translate(0 33.292) rotate(-45)\" fill=\"none\" stroke=\"#504f4e\" stroke-linecap=\"round\" stroke-width=\"2\"><\/line><line id=\"Line_20\" data-name=\"Line 20\" x2=\"16.665\" y2=\"16.579\" transform=\"translate(0.049 0)\" fill=\"none\" stroke=\"#504f4e\" stroke-linecap=\"round\" stroke-width=\"2\"><\/line><\/g><\/svg>\t\t\t<\/div>\n\t\t<\/div>\n\t\t\t\t\t\t<\/div>\n\t\t\t\t<\/div>\n\t\t\t\t<div class=\"elementor-element elementor-element-6a2843a bbspa-we-block-btn bbspa-we-block-btn--current elementor-widget elementor-widget-text-editor\" data-id=\"6a2843a\" data-element_type=\"widget\" data-widget_type=\"text-editor.default\">\n\t\t\t\t<div class=\"elementor-widget-container\">\n\t\t\t\t\t\t\t\t\t<a href=\"#\" target=\"_self\">We <span style=\"background-color: #9c9d9e;\">Deliver<\/span><\/a>\t\t\t\t\t\t\t\t<\/div>\n\t\t\t\t<\/div>\n\t\t\t\t<div class=\"elementor-element elementor-element-b4e447f elementor-view-default elementor-widget elementor-widget-icon\" data-id=\"b4e447f\" data-element_type=\"widget\" data-widget_type=\"icon.default\">\n\t\t\t\t<div class=\"elementor-widget-container\">\n\t\t\t\t\t\t\t<div class=\"elementor-icon-wrapper\">\n\t\t\t<div class=\"elementor-icon\">\n\t\t\t<svg xmlns=\"http:\/\/www.w3.org\/2000\/svg\" width=\"19.542\" height=\"36.121\" viewBox=\"0 0 19.542 36.121\"><g id=\"Group_1647\" data-name=\"Group 1647\" transform=\"translate(1.414 1.414)\"><line id=\"Line_3\" data-name=\"Line 3\" x2=\"23.636\" transform=\"translate(0 33.292) rotate(-45)\" fill=\"none\" stroke=\"#504f4e\" stroke-linecap=\"round\" stroke-width=\"2\"><\/line><line id=\"Line_20\" data-name=\"Line 20\" x2=\"16.665\" y2=\"16.579\" transform=\"translate(0.049 0)\" fill=\"none\" stroke=\"#504f4e\" stroke-linecap=\"round\" stroke-width=\"2\"><\/line><\/g><\/svg>\t\t\t<\/div>\n\t\t<\/div>\n\t\t\t\t\t\t<\/div>\n\t\t\t\t<\/div>\n\t\t\t\t<div class=\"elementor-element elementor-element-4f23b38 bbspa-we-block-btn elementor-widget elementor-widget-text-editor\" data-id=\"4f23b38\" data-element_type=\"widget\" data-widget_type=\"text-editor.default\">\n\t\t\t\t<div class=\"elementor-widget-container\">\n\t\t\t\t\t\t\t\t\t<a href=\"https:\/\/www.bbspagroup.com\/fr\/ce-quon-fait\/we-manage\/\" target=\"_self\">We <span style=\"background-color: #514f4e;\">Manage<\/span><\/a>\t\t\t\t\t\t\t\t<\/div>\n\t\t\t\t<\/div>\n\t\t\t\t<\/div>\n\t\t\t\t<div class=\"elementor-element elementor-element-9425957 elementor-hidden-desktop elementor-hidden-tablet elementor-widget-divider--view-line elementor-widget elementor-widget-divider\" data-id=\"9425957\" data-element_type=\"widget\" data-widget_type=\"divider.default\">\n\t\t\t\t<div class=\"elementor-widget-container\">\n\t\t\t\t\t\t\t<div class=\"elementor-divider\">\n\t\t\t<span class=\"elementor-divider-separator\">\n\t\t\t\t\t\t<\/span>\n\t\t<\/div>\n\t\t\t\t\t\t<\/div>\n\t\t\t\t<\/div>\n\t\t\t\t<\/div>\n\t\t<div class=\"elementor-element elementor-element-68f44bf e-con-full e-flex e-con e-child\" data-id=\"68f44bf\" data-element_type=\"container\">\n\t\t\t\t<div class=\"elementor-element elementor-element-95ceaa2 elementor-widget elementor-widget-image\" data-id=\"95ceaa2\" data-element_type=\"widget\" data-widget_type=\"image.default\">\n\t\t\t\t<div class=\"elementor-widget-container\">\n\t\t\t\t\t\t\t\t\t\t\t\t\t\t\t<img fetchpriority=\"high\" decoding=\"async\" width=\"800\" height=\"800\" src=\"https:\/\/www.bbspagroup.com\/wp-content\/uploads\/2025\/12\/bbspa_group-we-deliver-1024x1024.png\" class=\"attachment-large size-large wp-image-7643\" alt=\"bbspa_group-we-deliver-1024x1024\" srcset=\"https:\/\/www.bbspagroup.com\/wp-content\/uploads\/2025\/12\/bbspa_group-we-deliver-1024x1024.png 1024w, https:\/\/www.bbspagroup.com\/wp-content\/uploads\/2025\/12\/bbspa_group-we-deliver-300x300.png 300w, https:\/\/www.bbspagroup.com\/wp-content\/uploads\/2025\/12\/bbspa_group-we-deliver-150x150.png 150w, https:\/\/www.bbspagroup.com\/wp-content\/uploads\/2025\/12\/bbspa_group-we-deliver-768x768.png 768w, https:\/\/www.bbspagroup.com\/wp-content\/uploads\/2025\/12\/bbspa_group-we-deliver.png 1440w\" sizes=\"(max-width: 800px) 100vw, 800px\" title=\"bbspa_group-we-deliver-1024x1024\" \/>\t\t\t\t\t\t\t\t\t\t\t\t\t\t\t<\/div>\n\t\t\t\t<\/div>\n\t\t\t\t<\/div>\n\t\t\t\t\t<\/div>\n\t\t\t\t<\/div>\n\t\t\t\t<\/div>\n\t\t","protected":false},"excerpt":{"rendered":"<p>We Deliver We Deliver est le service de conseil qui accompagne les investisseurs et les gestionnaires de projets Wellness &amp; SPA dans la d\u00e9finition et la mise en \u0153uvre d\u2019un mod\u00e8le de gestion performant et mesurable. Comment obtenir un SPA rentable et profitable? Chaque mod\u00e8le commercial n\u00e9cessite un mod\u00e8le de gestion adapt\u00e9 pour garantir un [&hellip;]<\/p>\n","protected":false},"author":1,"featured_media":0,"parent":2477,"menu_order":0,"comment_status":"closed","ping_status":"closed","template":"","meta":{"_acf_changed":false,"footnotes":""},"class_list":["post-7882","page","type-page","status-publish","hentry"],"acf":[],"yoast_head":"<!-- This site is optimized with the Yoast SEO plugin v22.5 - https:\/\/yoast.com\/wordpress\/plugins\/seo\/ -->\n<title>we Deliver - bbspa_Group<\/title>\n<meta name=\"robots\" content=\"index, follow, max-snippet:-1, max-image-preview:large, max-video-preview:-1\" \/>\n<link rel=\"canonical\" href=\"https:\/\/www.bbspagroup.com\/fr\/ce-quon-fait\/we-deliver\/\" \/>\n<meta property=\"og:locale\" content=\"fr_FR\" \/>\n<meta property=\"og:type\" content=\"article\" \/>\n<meta property=\"og:title\" content=\"we Deliver - bbspa_Group\" \/>\n<meta property=\"og:description\" content=\"We Deliver We Deliver est le service de conseil qui accompagne les investisseurs et les gestionnaires de projets Wellness &amp; SPA dans la d\u00e9finition et la mise en \u0153uvre d\u2019un mod\u00e8le de gestion performant et mesurable. Comment obtenir un SPA rentable et profitable? Chaque mod\u00e8le commercial n\u00e9cessite un mod\u00e8le de gestion adapt\u00e9 pour garantir un [&hellip;]\" \/>\n<meta property=\"og:url\" content=\"https:\/\/www.bbspagroup.com\/fr\/ce-quon-fait\/we-deliver\/\" \/>\n<meta property=\"og:site_name\" content=\"bbspa_Group\" \/>\n<meta property=\"article:modified_time\" content=\"2025-12-04T22:27:37+00:00\" \/>\n<meta property=\"og:image\" content=\"https:\/\/www.bbspagroup.com\/wp-content\/uploads\/2025\/12\/bbspa_group-we-deliver-1024x1024.png\" \/>\n<meta name=\"twitter:card\" content=\"summary_large_image\" \/>\n<meta name=\"twitter:label1\" content=\"Dur\u00e9e de lecture estim\u00e9e\" \/>\n\t<meta name=\"twitter:data1\" content=\"1 minute\" \/>\n<script type=\"application\/ld+json\" class=\"yoast-schema-graph\">{\"@context\":\"https:\/\/schema.org\",\"@graph\":[{\"@type\":\"WebPage\",\"@id\":\"https:\/\/www.bbspagroup.com\/fr\/ce-quon-fait\/we-deliver\/\",\"url\":\"https:\/\/www.bbspagroup.com\/fr\/ce-quon-fait\/we-deliver\/\",\"name\":\"we Deliver - bbspa_Group\",\"isPartOf\":{\"@id\":\"https:\/\/www.bbspagroup.com\/fr\/#website\"},\"primaryImageOfPage\":{\"@id\":\"https:\/\/www.bbspagroup.com\/fr\/ce-quon-fait\/we-deliver\/#primaryimage\"},\"image\":{\"@id\":\"https:\/\/www.bbspagroup.com\/fr\/ce-quon-fait\/we-deliver\/#primaryimage\"},\"thumbnailUrl\":\"https:\/\/www.bbspagroup.com\/wp-content\/uploads\/2025\/12\/bbspa_group-we-deliver-1024x1024.png\",\"datePublished\":\"2025-12-01T07:33:22+00:00\",\"dateModified\":\"2025-12-04T22:27:37+00:00\",\"breadcrumb\":{\"@id\":\"https:\/\/www.bbspagroup.com\/fr\/ce-quon-fait\/we-deliver\/#breadcrumb\"},\"inLanguage\":\"fr-FR\",\"potentialAction\":[{\"@type\":\"ReadAction\",\"target\":[\"https:\/\/www.bbspagroup.com\/fr\/ce-quon-fait\/we-deliver\/\"]}]},{\"@type\":\"ImageObject\",\"inLanguage\":\"fr-FR\",\"@id\":\"https:\/\/www.bbspagroup.com\/fr\/ce-quon-fait\/we-deliver\/#primaryimage\",\"url\":\"https:\/\/www.bbspagroup.com\/wp-content\/uploads\/2025\/12\/bbspa_group-we-deliver-1024x1024.png\",\"contentUrl\":\"https:\/\/www.bbspagroup.com\/wp-content\/uploads\/2025\/12\/bbspa_group-we-deliver-1024x1024.png\"},{\"@type\":\"BreadcrumbList\",\"@id\":\"https:\/\/www.bbspagroup.com\/fr\/ce-quon-fait\/we-deliver\/#breadcrumb\",\"itemListElement\":[{\"@type\":\"ListItem\",\"position\":1,\"name\":\"Home\",\"item\":\"https:\/\/www.bbspagroup.com\/fr\/the-sandbox\/\"},{\"@type\":\"ListItem\",\"position\":2,\"name\":\"Ce qu&rsquo;on fait\",\"item\":\"https:\/\/www.bbspagroup.com\/fr\/ce-quon-fait\/\"},{\"@type\":\"ListItem\",\"position\":3,\"name\":\"we Deliver\"}]},{\"@type\":\"WebSite\",\"@id\":\"https:\/\/www.bbspagroup.com\/fr\/#website\",\"url\":\"https:\/\/www.bbspagroup.com\/fr\/\",\"name\":\"bbspa_Group\",\"description\":\"\",\"publisher\":{\"@id\":\"https:\/\/www.bbspagroup.com\/fr\/#organization\"},\"potentialAction\":[{\"@type\":\"SearchAction\",\"target\":{\"@type\":\"EntryPoint\",\"urlTemplate\":\"https:\/\/www.bbspagroup.com\/fr\/?s={search_term_string}\"},\"query-input\":\"required name=search_term_string\"}],\"inLanguage\":\"fr-FR\"},{\"@type\":\"Organization\",\"@id\":\"https:\/\/www.bbspagroup.com\/fr\/#organization\",\"name\":\"bbspa_Group\",\"url\":\"https:\/\/www.bbspagroup.com\/fr\/\",\"logo\":{\"@type\":\"ImageObject\",\"inLanguage\":\"fr-FR\",\"@id\":\"https:\/\/www.bbspagroup.com\/fr\/#\/schema\/logo\/image\/\",\"url\":\"https:\/\/www.bbspagroup.com\/wp-content\/uploads\/2022\/04\/\u2022BBspa_LOGO_08_2022_\u00ae-1.png\",\"contentUrl\":\"https:\/\/www.bbspagroup.com\/wp-content\/uploads\/2022\/04\/\u2022BBspa_LOGO_08_2022_\u00ae-1.png\",\"width\":1926,\"height\":548,\"caption\":\"bbspa_Group\"},\"image\":{\"@id\":\"https:\/\/www.bbspagroup.com\/fr\/#\/schema\/logo\/image\/\"}}]}<\/script>\n<!-- \/ Yoast SEO plugin. -->","yoast_head_json":{"title":"we Deliver - bbspa_Group","robots":{"index":"index","follow":"follow","max-snippet":"max-snippet:-1","max-image-preview":"max-image-preview:large","max-video-preview":"max-video-preview:-1"},"canonical":"https:\/\/www.bbspagroup.com\/fr\/ce-quon-fait\/we-deliver\/","og_locale":"fr_FR","og_type":"article","og_title":"we Deliver - bbspa_Group","og_description":"We Deliver We Deliver est le service de conseil qui accompagne les investisseurs et les gestionnaires de projets Wellness &amp; SPA dans la d\u00e9finition et la mise en \u0153uvre d\u2019un mod\u00e8le de gestion performant et mesurable. Comment obtenir un SPA rentable et profitable? Chaque mod\u00e8le commercial n\u00e9cessite un mod\u00e8le de gestion adapt\u00e9 pour garantir un [&hellip;]","og_url":"https:\/\/www.bbspagroup.com\/fr\/ce-quon-fait\/we-deliver\/","og_site_name":"bbspa_Group","article_modified_time":"2025-12-04T22:27:37+00:00","og_image":[{"url":"https:\/\/www.bbspagroup.com\/wp-content\/uploads\/2025\/12\/bbspa_group-we-deliver-1024x1024.png"}],"twitter_card":"summary_large_image","twitter_misc":{"Dur\u00e9e de lecture estim\u00e9e":"1 minute"},"schema":{"@context":"https:\/\/schema.org","@graph":[{"@type":"WebPage","@id":"https:\/\/www.bbspagroup.com\/fr\/ce-quon-fait\/we-deliver\/","url":"https:\/\/www.bbspagroup.com\/fr\/ce-quon-fait\/we-deliver\/","name":"we Deliver - bbspa_Group","isPartOf":{"@id":"https:\/\/www.bbspagroup.com\/fr\/#website"},"primaryImageOfPage":{"@id":"https:\/\/www.bbspagroup.com\/fr\/ce-quon-fait\/we-deliver\/#primaryimage"},"image":{"@id":"https:\/\/www.bbspagroup.com\/fr\/ce-quon-fait\/we-deliver\/#primaryimage"},"thumbnailUrl":"https:\/\/www.bbspagroup.com\/wp-content\/uploads\/2025\/12\/bbspa_group-we-deliver-1024x1024.png","datePublished":"2025-12-01T07:33:22+00:00","dateModified":"2025-12-04T22:27:37+00:00","breadcrumb":{"@id":"https:\/\/www.bbspagroup.com\/fr\/ce-quon-fait\/we-deliver\/#breadcrumb"},"inLanguage":"fr-FR","potentialAction":[{"@type":"ReadAction","target":["https:\/\/www.bbspagroup.com\/fr\/ce-quon-fait\/we-deliver\/"]}]},{"@type":"ImageObject","inLanguage":"fr-FR","@id":"https:\/\/www.bbspagroup.com\/fr\/ce-quon-fait\/we-deliver\/#primaryimage","url":"https:\/\/www.bbspagroup.com\/wp-content\/uploads\/2025\/12\/bbspa_group-we-deliver-1024x1024.png","contentUrl":"https:\/\/www.bbspagroup.com\/wp-content\/uploads\/2025\/12\/bbspa_group-we-deliver-1024x1024.png"},{"@type":"BreadcrumbList","@id":"https:\/\/www.bbspagroup.com\/fr\/ce-quon-fait\/we-deliver\/#breadcrumb","itemListElement":[{"@type":"ListItem","position":1,"name":"Home","item":"https:\/\/www.bbspagroup.com\/fr\/the-sandbox\/"},{"@type":"ListItem","position":2,"name":"Ce qu&rsquo;on fait","item":"https:\/\/www.bbspagroup.com\/fr\/ce-quon-fait\/"},{"@type":"ListItem","position":3,"name":"we Deliver"}]},{"@type":"WebSite","@id":"https:\/\/www.bbspagroup.com\/fr\/#website","url":"https:\/\/www.bbspagroup.com\/fr\/","name":"bbspa_Group","description":"","publisher":{"@id":"https:\/\/www.bbspagroup.com\/fr\/#organization"},"potentialAction":[{"@type":"SearchAction","target":{"@type":"EntryPoint","urlTemplate":"https:\/\/www.bbspagroup.com\/fr\/?s={search_term_string}"},"query-input":"required name=search_term_string"}],"inLanguage":"fr-FR"},{"@type":"Organization","@id":"https:\/\/www.bbspagroup.com\/fr\/#organization","name":"bbspa_Group","url":"https:\/\/www.bbspagroup.com\/fr\/","logo":{"@type":"ImageObject","inLanguage":"fr-FR","@id":"https:\/\/www.bbspagroup.com\/fr\/#\/schema\/logo\/image\/","url":"https:\/\/www.bbspagroup.com\/wp-content\/uploads\/2022\/04\/\u2022BBspa_LOGO_08_2022_\u00ae-1.png","contentUrl":"https:\/\/www.bbspagroup.com\/wp-content\/uploads\/2022\/04\/\u2022BBspa_LOGO_08_2022_\u00ae-1.png","width":1926,"height":548,"caption":"bbspa_Group"},"image":{"@id":"https:\/\/www.bbspagroup.com\/fr\/#\/schema\/logo\/image\/"}}]}},"_links":{"self":[{"href":"https:\/\/www.bbspagroup.com\/fr\/wp-json\/wp\/v2\/pages\/7882","targetHints":{"allow":["GET"]}}],"collection":[{"href":"https:\/\/www.bbspagroup.com\/fr\/wp-json\/wp\/v2\/pages"}],"about":[{"href":"https:\/\/www.bbspagroup.com\/fr\/wp-json\/wp\/v2\/types\/page"}],"author":[{"embeddable":true,"href":"https:\/\/www.bbspagroup.com\/fr\/wp-json\/wp\/v2\/users\/1"}],"replies":[{"embeddable":true,"href":"https:\/\/www.bbspagroup.com\/fr\/wp-json\/wp\/v2\/comments?post=7882"}],"version-history":[{"count":2,"href":"https:\/\/www.bbspagroup.com\/fr\/wp-json\/wp\/v2\/pages\/7882\/revisions"}],"predecessor-version":[{"id":8193,"href":"https:\/\/www.bbspagroup.com\/fr\/wp-json\/wp\/v2\/pages\/7882\/revisions\/8193"}],"up":[{"embeddable":true,"href":"https:\/\/www.bbspagroup.com\/fr\/wp-json\/wp\/v2\/pages\/2477"}],"wp:attachment":[{"href":"https:\/\/www.bbspagroup.com\/fr\/wp-json\/wp\/v2\/media?parent=7882"}],"curies":[{"name":"wp","href":"https:\/\/api.w.org\/{rel}","templated":true}]}}