{"id":2500,"date":"2022-04-21T10:32:50","date_gmt":"2022-04-21T08:32:50","guid":{"rendered":"http:\/\/www.bbspagroup.com\/rd\/spacube\/"},"modified":"2022-09-27T10:00:51","modified_gmt":"2022-09-27T08:00:51","slug":"spacube","status":"publish","type":"page","link":"https:\/\/www.bbspagroup.com\/fr\/rd\/spacube\/","title":{"rendered":"spacube"},"content":{"rendered":"","protected":false},"excerpt":{"rendered":"","protected":false},"author":1,"featured_media":0,"parent":2496,"menu_order":0,"comment_status":"closed","ping_status":"closed","template":"","meta":{"_acf_changed":false,"footnotes":""},"class_list":["post-2500","page","type-page","status-publish","hentry"],"acf":[],"yoast_head":"<!-- This site is optimized with the Yoast SEO plugin v22.5 - https:\/\/yoast.com\/wordpress\/plugins\/seo\/ -->\n<title>spacube - bbspa_Group<\/title>\n<meta name=\"description\" content=\"25 ans de recherche et d\u2019innovation dans un groupe de pr\u00e9fabriqu\u00e9 exclusif de bb_spa et d\u00e9velopp\u00e9 dans un concept modulaire en trois dimensions.\" \/>\n<meta name=\"robots\" content=\"index, follow, max-snippet:-1, max-image-preview:large, max-video-preview:-1\" \/>\n<link rel=\"canonical\" href=\"https:\/\/www.bbspagroup.com\/fr\/rd\/spacube\/\" \/>\n<meta property=\"og:locale\" content=\"fr_FR\" \/>\n<meta property=\"og:type\" content=\"article\" \/>\n<meta property=\"og:title\" content=\"spacube - bbspa_Group\" \/>\n<meta property=\"og:description\" content=\"25 ans de recherche et d\u2019innovation dans un groupe de pr\u00e9fabriqu\u00e9 exclusif de bb_spa et d\u00e9velopp\u00e9 dans un concept modulaire en trois dimensions.\" \/>\n<meta property=\"og:url\" content=\"https:\/\/www.bbspagroup.com\/fr\/rd\/spacube\/\" \/>\n<meta property=\"og:site_name\" content=\"bbspa_Group\" \/>\n<meta property=\"article:modified_time\" content=\"2022-09-27T08:00:51+00:00\" \/>\n<meta name=\"twitter:card\" content=\"summary_large_image\" \/>\n<script type=\"application\/ld+json\" class=\"yoast-schema-graph\">{\"@context\":\"https:\/\/schema.org\",\"@graph\":[{\"@type\":\"WebPage\",\"@id\":\"https:\/\/www.bbspagroup.com\/fr\/rd\/spacube\/\",\"url\":\"https:\/\/www.bbspagroup.com\/fr\/rd\/spacube\/\",\"name\":\"spacube - bbspa_Group\",\"isPartOf\":{\"@id\":\"https:\/\/www.bbspagroup.com\/fr\/#website\"},\"datePublished\":\"2022-04-21T08:32:50+00:00\",\"dateModified\":\"2022-09-27T08:00:51+00:00\",\"description\":\"25 ans de recherche et d\u2019innovation dans un groupe de pr\u00e9fabriqu\u00e9 exclusif de bb_spa et d\u00e9velopp\u00e9 dans un concept modulaire en trois dimensions.\",\"breadcrumb\":{\"@id\":\"https:\/\/www.bbspagroup.com\/fr\/rd\/spacube\/#breadcrumb\"},\"inLanguage\":\"fr-FR\",\"potentialAction\":[{\"@type\":\"ReadAction\",\"target\":[\"https:\/\/www.bbspagroup.com\/fr\/rd\/spacube\/\"]}]},{\"@type\":\"BreadcrumbList\",\"@id\":\"https:\/\/www.bbspagroup.com\/fr\/rd\/spacube\/#breadcrumb\",\"itemListElement\":[{\"@type\":\"ListItem\",\"position\":1,\"name\":\"Home\",\"item\":\"https:\/\/www.bbspagroup.com\/fr\/the-sandbox\/\"},{\"@type\":\"ListItem\",\"position\":2,\"name\":\"R&amp;D\",\"item\":\"https:\/\/www.bbspagroup.com\/fr\/rd\/\"},{\"@type\":\"ListItem\",\"position\":3,\"name\":\"spacube\"}]},{\"@type\":\"WebSite\",\"@id\":\"https:\/\/www.bbspagroup.com\/fr\/#website\",\"url\":\"https:\/\/www.bbspagroup.com\/fr\/\",\"name\":\"bbspa_Group\",\"description\":\"\",\"publisher\":{\"@id\":\"https:\/\/www.bbspagroup.com\/fr\/#organization\"},\"potentialAction\":[{\"@type\":\"SearchAction\",\"target\":{\"@type\":\"EntryPoint\",\"urlTemplate\":\"https:\/\/www.bbspagroup.com\/fr\/?s={search_term_string}\"},\"query-input\":\"required name=search_term_string\"}],\"inLanguage\":\"fr-FR\"},{\"@type\":\"Organization\",\"@id\":\"https:\/\/www.bbspagroup.com\/fr\/#organization\",\"name\":\"bbspa_Group\",\"url\":\"https:\/\/www.bbspagroup.com\/fr\/\",\"logo\":{\"@type\":\"ImageObject\",\"inLanguage\":\"fr-FR\",\"@id\":\"https:\/\/www.bbspagroup.com\/fr\/#\/schema\/logo\/image\/\",\"url\":\"https:\/\/www.bbspagroup.com\/wp-content\/uploads\/2022\/04\/\u2022BBspa_LOGO_08_2022_\u00ae-1.png\",\"contentUrl\":\"https:\/\/www.bbspagroup.com\/wp-content\/uploads\/2022\/04\/\u2022BBspa_LOGO_08_2022_\u00ae-1.png\",\"width\":1926,\"height\":548,\"caption\":\"bbspa_Group\"},\"image\":{\"@id\":\"https:\/\/www.bbspagroup.com\/fr\/#\/schema\/logo\/image\/\"}}]}<\/script>\n<!-- \/ Yoast SEO plugin. -->","yoast_head_json":{"title":"spacube - bbspa_Group","description":"25 ans de recherche et d\u2019innovation dans un groupe de pr\u00e9fabriqu\u00e9 exclusif de bb_spa et d\u00e9velopp\u00e9 dans un concept modulaire en trois dimensions.","robots":{"index":"index","follow":"follow","max-snippet":"max-snippet:-1","max-image-preview":"max-image-preview:large","max-video-preview":"max-video-preview:-1"},"canonical":"https:\/\/www.bbspagroup.com\/fr\/rd\/spacube\/","og_locale":"fr_FR","og_type":"article","og_title":"spacube - bbspa_Group","og_description":"25 ans de recherche et d\u2019innovation dans un groupe de pr\u00e9fabriqu\u00e9 exclusif de bb_spa et d\u00e9velopp\u00e9 dans un concept modulaire en trois dimensions.","og_url":"https:\/\/www.bbspagroup.com\/fr\/rd\/spacube\/","og_site_name":"bbspa_Group","article_modified_time":"2022-09-27T08:00:51+00:00","twitter_card":"summary_large_image","schema":{"@context":"https:\/\/schema.org","@graph":[{"@type":"WebPage","@id":"https:\/\/www.bbspagroup.com\/fr\/rd\/spacube\/","url":"https:\/\/www.bbspagroup.com\/fr\/rd\/spacube\/","name":"spacube - bbspa_Group","isPartOf":{"@id":"https:\/\/www.bbspagroup.com\/fr\/#website"},"datePublished":"2022-04-21T08:32:50+00:00","dateModified":"2022-09-27T08:00:51+00:00","description":"25 ans de recherche et d\u2019innovation dans un groupe de pr\u00e9fabriqu\u00e9 exclusif de bb_spa et d\u00e9velopp\u00e9 dans un concept modulaire en trois dimensions.","breadcrumb":{"@id":"https:\/\/www.bbspagroup.com\/fr\/rd\/spacube\/#breadcrumb"},"inLanguage":"fr-FR","potentialAction":[{"@type":"ReadAction","target":["https:\/\/www.bbspagroup.com\/fr\/rd\/spacube\/"]}]},{"@type":"BreadcrumbList","@id":"https:\/\/www.bbspagroup.com\/fr\/rd\/spacube\/#breadcrumb","itemListElement":[{"@type":"ListItem","position":1,"name":"Home","item":"https:\/\/www.bbspagroup.com\/fr\/the-sandbox\/"},{"@type":"ListItem","position":2,"name":"R&amp;D","item":"https:\/\/www.bbspagroup.com\/fr\/rd\/"},{"@type":"ListItem","position":3,"name":"spacube"}]},{"@type":"WebSite","@id":"https:\/\/www.bbspagroup.com\/fr\/#website","url":"https:\/\/www.bbspagroup.com\/fr\/","name":"bbspa_Group","description":"","publisher":{"@id":"https:\/\/www.bbspagroup.com\/fr\/#organization"},"potentialAction":[{"@type":"SearchAction","target":{"@type":"EntryPoint","urlTemplate":"https:\/\/www.bbspagroup.com\/fr\/?s={search_term_string}"},"query-input":"required name=search_term_string"}],"inLanguage":"fr-FR"},{"@type":"Organization","@id":"https:\/\/www.bbspagroup.com\/fr\/#organization","name":"bbspa_Group","url":"https:\/\/www.bbspagroup.com\/fr\/","logo":{"@type":"ImageObject","inLanguage":"fr-FR","@id":"https:\/\/www.bbspagroup.com\/fr\/#\/schema\/logo\/image\/","url":"https:\/\/www.bbspagroup.com\/wp-content\/uploads\/2022\/04\/\u2022BBspa_LOGO_08_2022_\u00ae-1.png","contentUrl":"https:\/\/www.bbspagroup.com\/wp-content\/uploads\/2022\/04\/\u2022BBspa_LOGO_08_2022_\u00ae-1.png","width":1926,"height":548,"caption":"bbspa_Group"},"image":{"@id":"https:\/\/www.bbspagroup.com\/fr\/#\/schema\/logo\/image\/"}}]}},"_links":{"self":[{"href":"https:\/\/www.bbspagroup.com\/fr\/wp-json\/wp\/v2\/pages\/2500","targetHints":{"allow":["GET"]}}],"collection":[{"href":"https:\/\/www.bbspagroup.com\/fr\/wp-json\/wp\/v2\/pages"}],"about":[{"href":"https:\/\/www.bbspagroup.com\/fr\/wp-json\/wp\/v2\/types\/page"}],"author":[{"embeddable":true,"href":"https:\/\/www.bbspagroup.com\/fr\/wp-json\/wp\/v2\/users\/1"}],"replies":[{"embeddable":true,"href":"https:\/\/www.bbspagroup.com\/fr\/wp-json\/wp\/v2\/comments?post=2500"}],"version-history":[{"count":1,"href":"https:\/\/www.bbspagroup.com\/fr\/wp-json\/wp\/v2\/pages\/2500\/revisions"}],"predecessor-version":[{"id":4323,"href":"https:\/\/www.bbspagroup.com\/fr\/wp-json\/wp\/v2\/pages\/2500\/revisions\/4323"}],"up":[{"embeddable":true,"href":"https:\/\/www.bbspagroup.com\/fr\/wp-json\/wp\/v2\/pages\/2496"}],"wp:attachment":[{"href":"https:\/\/www.bbspagroup.com\/fr\/wp-json\/wp\/v2\/media?parent=2500"}],"curies":[{"name":"wp","href":"https:\/\/api.w.org\/{rel}","templated":true}]}}