{"id":2487,"date":"2022-04-21T10:21:28","date_gmt":"2022-04-21T08:21:28","guid":{"rendered":"http:\/\/www.bbspagroup.com\/ce-quon-fait\/we-think\/"},"modified":"2026-01-14T12:47:57","modified_gmt":"2026-01-14T11:47:57","slug":"we-think","status":"publish","type":"page","link":"https:\/\/www.bbspagroup.com\/fr\/ce-quon-fait\/we-think\/","title":{"rendered":"we Think"},"content":{"rendered":"\t\t<div data-elementor-type=\"wp-page\" data-elementor-id=\"2487\" class=\"elementor elementor-2487 elementor-80\" data-elementor-post-type=\"page\">\n\t\t\t\t<div class=\"elementor-element elementor-element-2a3957bf e-con-full bbspa-we-page--intro e-flex e-con e-parent\" data-id=\"2a3957bf\" data-element_type=\"container\" data-settings=\"{&quot;background_background&quot;:&quot;classic&quot;}\">\n\t\t<div class=\"elementor-element elementor-element-3da803b7 e-flex e-con-boxed e-con e-child\" data-id=\"3da803b7\" data-element_type=\"container\">\n\t\t\t\t\t<div class=\"e-con-inner\">\n\t\t\t\t<div class=\"elementor-element elementor-element-2fd3079e bbspa-we-block-title elementor-widget elementor-widget-heading\" data-id=\"2fd3079e\" data-element_type=\"widget\" data-widget_type=\"heading.default\">\n\t\t\t\t<div class=\"elementor-widget-container\">\n\t\t\t\t\t<h1 class=\"elementor-heading-title elementor-size-default\">We <span style=\"background-color:#9B3128\">Think<\/span><\/h1>\t\t\t\t<\/div>\n\t\t\t\t<\/div>\n\t\t\t\t\t<\/div>\n\t\t\t\t<\/div>\n\t\t\t\t<\/div>\n\t\t<div class=\"elementor-element elementor-element-150fa3a0 e-flex e-con-boxed e-con e-parent\" data-id=\"150fa3a0\" data-element_type=\"container\" data-settings=\"{&quot;background_background&quot;:&quot;classic&quot;}\">\n\t\t\t\t\t<div class=\"e-con-inner\">\n\t\t<div class=\"elementor-element elementor-element-44921e1d e-con-full e-flex e-con e-child\" data-id=\"44921e1d\" data-element_type=\"container\" data-settings=\"{&quot;background_background&quot;:&quot;classic&quot;}\">\n\t\t\t\t<div class=\"elementor-element elementor-element-1f0347a6 elementor-widget elementor-widget-text-editor\" data-id=\"1f0347a6\" data-element_type=\"widget\" data-widget_type=\"text-editor.default\">\n\t\t\t\t<div class=\"elementor-widget-container\">\n\t\t\t\t\t\t\t\t\t<p><strong>We Think<\/strong> est le service de conseil pour r\u00e9aliser ou repenser <em>ex novo<\/em> un SPA de succ\u00e8s, \u00e0 travers la d\u00e9finition d\u2019un SPA concept innovant et orient\u00e9 marketing, associ\u00e9 \u00e0 un mod\u00e8le \u00e9conomique durable et rentable.<\/p><p><strong>Comment cr\u00e9e-t-on un SPA concept rentable?<\/strong><\/p><p>Nous partons d\u2019un <strong>audit <\/strong>tr\u00e8s pr\u00e9cis, pour recueillir toutes les informations concernant le site, l\u2019\u00e9quipe de techniciens et de professionnels \u00e9ventuellement d\u00e9j\u00e0 concern\u00e9s, et pour analyser la documentation et les particularit\u00e9s du projet.<\/p><p>S\u2019ensuit <strong>une analyse de march\u00e9 <\/strong> dans le but d\u2019identifier et d\u2019analyser les points forts et les points critiques de la concurrence \u2013 en se servant aussi de l\u2019aide de plusieurs invit\u00e9s myst\u00e8res \u2013 pour tracer les lignes directrices de l\u2019identit\u00e9 du SPA en en d\u00e9finissant le classement, la strat\u00e9gie commerciale et le mod\u00e8le de gestion.<\/p><p>L\u2019\u00e9tape suivante pr\u00e9voit l\u2019identification des \u00e9l\u00e9ments relatifs au <strong>SPA concept<\/strong> du projet : la d\u00e9finition des points focaux de l\u2019identit\u00e9 de la marque, le classement, le storytelling et la d\u00e9finition de la cible de march\u00e9. Dans cette phase sont d\u00e9velopp\u00e9s, en outre, les premi\u00e8res mises en page par macro-aires fonctionnelles, le menu des services et la tarification coh\u00e9rente au business model.<\/p><p>Sur ces bases sera, enfin, effectu\u00e9e l\u2019analyse des co\u00fbts de r\u00e9alisation et de construction et <strong>l\u2019analyse des b\u00e9n\u00e9fices <\/strong> \u2013 ceux de gestion inclus \u2013 pour obtenir une projection de la rentabilit\u00e9 dans les 9 premi\u00e8res ann\u00e9es d\u2019activit\u00e9s du SPA et avoir ainsi tous les \u00e9l\u00e9ments utiles avant de passer aux phases successives.<\/p>\t\t\t\t\t\t\t\t<\/div>\n\t\t\t\t<\/div>\n\t\t\t\t<div class=\"elementor-element elementor-element-58aae68d elementor-icon-list--layout-traditional elementor-list-item-link-full_width elementor-widget elementor-widget-icon-list\" data-id=\"58aae68d\" data-element_type=\"widget\" data-widget_type=\"icon-list.default\">\n\t\t\t\t<div class=\"elementor-widget-container\">\n\t\t\t\t\t\t\t<ul class=\"elementor-icon-list-items\">\n\t\t\t\t\t\t\t<li class=\"elementor-icon-list-item\">\n\t\t\t\t\t\t\t\t\t\t\t<span class=\"elementor-icon-list-icon\">\n\t\t\t\t\t\t\t<i aria-hidden=\"true\" class=\"fas fa-square-full\"><\/i>\t\t\t\t\t\t<\/span>\n\t\t\t\t\t\t\t\t\t\t<span class=\"elementor-icon-list-text\"><strong>1.1<\/strong> Audit<\/span>\n\t\t\t\t\t\t\t\t\t<\/li>\n\t\t\t\t\t\t\t\t<li class=\"elementor-icon-list-item\">\n\t\t\t\t\t\t\t\t\t\t\t<span class=\"elementor-icon-list-icon\">\n\t\t\t\t\t\t\t<i aria-hidden=\"true\" class=\"fas fa-square-full\"><\/i>\t\t\t\t\t\t<\/span>\n\t\t\t\t\t\t\t\t\t\t<span class=\"elementor-icon-list-text\"><strong>1.2<\/strong> Analyse de march\u00e9<\/span>\n\t\t\t\t\t\t\t\t\t<\/li>\n\t\t\t\t\t\t\t\t<li class=\"elementor-icon-list-item\">\n\t\t\t\t\t\t\t\t\t\t\t<span class=\"elementor-icon-list-icon\">\n\t\t\t\t\t\t\t<i aria-hidden=\"true\" class=\"fas fa-square-full\"><\/i>\t\t\t\t\t\t<\/span>\n\t\t\t\t\t\t\t\t\t\t<span class=\"elementor-icon-list-text\"><strong>1.3<\/strong> SPA&amp;WELLNESS concept<\/span>\n\t\t\t\t\t\t\t\t\t<\/li>\n\t\t\t\t\t\t\t\t<li class=\"elementor-icon-list-item\">\n\t\t\t\t\t\t\t\t\t\t\t<span class=\"elementor-icon-list-icon\">\n\t\t\t\t\t\t\t<i aria-hidden=\"true\" class=\"fas fa-square-full\"><\/i>\t\t\t\t\t\t<\/span>\n\t\t\t\t\t\t\t\t\t\t<span class=\"elementor-icon-list-text\"><strong>1.4<\/strong> Analyses des co\u00fbts et des b\u00e9n\u00e9fices<\/span>\n\t\t\t\t\t\t\t\t\t<\/li>\n\t\t\t\t\t\t<\/ul>\n\t\t\t\t\t\t<\/div>\n\t\t\t\t<\/div>\n\t\t\t\t<div class=\"elementor-element elementor-element-791135e5 elementor-hidden-desktop elementor-hidden-tablet elementor-widget-divider--view-line elementor-widget elementor-widget-divider\" data-id=\"791135e5\" data-element_type=\"widget\" data-widget_type=\"divider.default\">\n\t\t\t\t<div class=\"elementor-widget-container\">\n\t\t\t\t\t\t\t<div class=\"elementor-divider\">\n\t\t\t<span class=\"elementor-divider-separator\">\n\t\t\t\t\t\t<\/span>\n\t\t<\/div>\n\t\t\t\t\t\t<\/div>\n\t\t\t\t<\/div>\n\t\t<div class=\"elementor-element elementor-element-79cfd397 e-con-full e-grid bbspa-we-page--grid e-con e-child\" data-id=\"79cfd397\" data-element_type=\"container\">\n\t\t\t\t<div class=\"elementor-element elementor-element-4a238f49 bbspa-we-block-btn bbspa-we-block-btn--current elementor-widget elementor-widget-text-editor\" data-id=\"4a238f49\" data-element_type=\"widget\" data-widget_type=\"text-editor.default\">\n\t\t\t\t<div class=\"elementor-widget-container\">\n\t\t\t\t\t\t\t\t\t<a href=\"#\" target=\"_self\">We <span style=\"background-color: #9b3128;\">Think<\/span><\/a>\t\t\t\t\t\t\t\t<\/div>\n\t\t\t\t<\/div>\n\t\t\t\t<div class=\"elementor-element elementor-element-5c331b96 elementor-view-default elementor-widget elementor-widget-icon\" data-id=\"5c331b96\" data-element_type=\"widget\" data-widget_type=\"icon.default\">\n\t\t\t\t<div class=\"elementor-widget-container\">\n\t\t\t\t\t\t\t<div class=\"elementor-icon-wrapper\">\n\t\t\t<div class=\"elementor-icon\">\n\t\t\t<svg xmlns=\"http:\/\/www.w3.org\/2000\/svg\" width=\"19.542\" height=\"36.121\" viewBox=\"0 0 19.542 36.121\"><g id=\"Group_1647\" data-name=\"Group 1647\" transform=\"translate(1.414 1.414)\"><line id=\"Line_3\" data-name=\"Line 3\" x2=\"23.636\" transform=\"translate(0 33.292) rotate(-45)\" fill=\"none\" stroke=\"#504f4e\" stroke-linecap=\"round\" stroke-width=\"2\"><\/line><line id=\"Line_20\" data-name=\"Line 20\" x2=\"16.665\" y2=\"16.579\" transform=\"translate(0.049 0)\" fill=\"none\" stroke=\"#504f4e\" stroke-linecap=\"round\" stroke-width=\"2\"><\/line><\/g><\/svg>\t\t\t<\/div>\n\t\t<\/div>\n\t\t\t\t\t\t<\/div>\n\t\t\t\t<\/div>\n\t\t\t\t<div class=\"elementor-element elementor-element-4c502bff bbspa-we-block-btn elementor-widget elementor-widget-text-editor\" data-id=\"4c502bff\" data-element_type=\"widget\" data-widget_type=\"text-editor.default\">\n\t\t\t\t<div class=\"elementor-widget-container\">\n\t\t\t\t\t\t\t\t\t<a href=\"https:\/\/www.bbspagroup.com\/fr\/ce-quon-fait\/we-develop\/\" target=\"_self\">We <span style=\"background-color: #bd2f27;\">Develop<\/span><\/a>\t\t\t\t\t\t\t\t<\/div>\n\t\t\t\t<\/div>\n\t\t\t\t<div class=\"elementor-element elementor-element-128310dc elementor-view-default elementor-widget elementor-widget-icon\" data-id=\"128310dc\" data-element_type=\"widget\" data-widget_type=\"icon.default\">\n\t\t\t\t<div class=\"elementor-widget-container\">\n\t\t\t\t\t\t\t<div class=\"elementor-icon-wrapper\">\n\t\t\t<div class=\"elementor-icon\">\n\t\t\t<svg xmlns=\"http:\/\/www.w3.org\/2000\/svg\" width=\"19.542\" height=\"36.121\" viewBox=\"0 0 19.542 36.121\"><g id=\"Group_1647\" data-name=\"Group 1647\" transform=\"translate(1.414 1.414)\"><line id=\"Line_3\" data-name=\"Line 3\" x2=\"23.636\" transform=\"translate(0 33.292) rotate(-45)\" fill=\"none\" stroke=\"#504f4e\" stroke-linecap=\"round\" stroke-width=\"2\"><\/line><line id=\"Line_20\" data-name=\"Line 20\" x2=\"16.665\" y2=\"16.579\" transform=\"translate(0.049 0)\" fill=\"none\" stroke=\"#504f4e\" stroke-linecap=\"round\" stroke-width=\"2\"><\/line><\/g><\/svg>\t\t\t<\/div>\n\t\t<\/div>\n\t\t\t\t\t\t<\/div>\n\t\t\t\t<\/div>\n\t\t\t\t<div class=\"elementor-element elementor-element-69003ee9 bbspa-we-block-btn elementor-widget elementor-widget-text-editor\" data-id=\"69003ee9\" data-element_type=\"widget\" data-widget_type=\"text-editor.default\">\n\t\t\t\t<div class=\"elementor-widget-container\">\n\t\t\t\t\t\t\t\t\t<a href=\"https:\/\/www.bbspagroup.com\/fr\/ce-quon-fait\/we-design\/\" target=\"_self\">We <span style=\"background-color: #d13a35;\">Design<\/span><\/a>\t\t\t\t\t\t\t\t<\/div>\n\t\t\t\t<\/div>\n\t\t\t\t<div class=\"elementor-element elementor-element-28365f5 elementor-view-default elementor-widget elementor-widget-icon\" data-id=\"28365f5\" data-element_type=\"widget\" data-widget_type=\"icon.default\">\n\t\t\t\t<div class=\"elementor-widget-container\">\n\t\t\t\t\t\t\t<div class=\"elementor-icon-wrapper\">\n\t\t\t<div class=\"elementor-icon\">\n\t\t\t<svg xmlns=\"http:\/\/www.w3.org\/2000\/svg\" width=\"19.542\" height=\"36.121\" viewBox=\"0 0 19.542 36.121\"><g id=\"Group_1647\" data-name=\"Group 1647\" transform=\"translate(1.414 1.414)\"><line id=\"Line_3\" data-name=\"Line 3\" x2=\"23.636\" transform=\"translate(0 33.292) rotate(-45)\" fill=\"none\" stroke=\"#504f4e\" stroke-linecap=\"round\" stroke-width=\"2\"><\/line><line id=\"Line_20\" data-name=\"Line 20\" x2=\"16.665\" y2=\"16.579\" transform=\"translate(0.049 0)\" fill=\"none\" stroke=\"#504f4e\" stroke-linecap=\"round\" stroke-width=\"2\"><\/line><\/g><\/svg>\t\t\t<\/div>\n\t\t<\/div>\n\t\t\t\t\t\t<\/div>\n\t\t\t\t<\/div>\n\t\t\t\t<div class=\"elementor-element elementor-element-1e69befb bbspa-we-block-btn elementor-widget elementor-widget-text-editor\" data-id=\"1e69befb\" data-element_type=\"widget\" data-widget_type=\"text-editor.default\">\n\t\t\t\t<div class=\"elementor-widget-container\">\n\t\t\t\t\t\t\t\t\t<a href=\"https:\/\/www.bbspagroup.com\/fr\/ce-quon-fait\/we-deliver\/\" target=\"_self\">We <span style=\"background-color: #9c9d9e;\">Deliver<\/span><\/a>\t\t\t\t\t\t\t\t<\/div>\n\t\t\t\t<\/div>\n\t\t\t\t<div class=\"elementor-element elementor-element-43b4140e elementor-view-default elementor-widget elementor-widget-icon\" data-id=\"43b4140e\" data-element_type=\"widget\" data-widget_type=\"icon.default\">\n\t\t\t\t<div class=\"elementor-widget-container\">\n\t\t\t\t\t\t\t<div class=\"elementor-icon-wrapper\">\n\t\t\t<div class=\"elementor-icon\">\n\t\t\t<svg xmlns=\"http:\/\/www.w3.org\/2000\/svg\" width=\"19.542\" height=\"36.121\" viewBox=\"0 0 19.542 36.121\"><g id=\"Group_1647\" data-name=\"Group 1647\" transform=\"translate(1.414 1.414)\"><line id=\"Line_3\" data-name=\"Line 3\" x2=\"23.636\" transform=\"translate(0 33.292) rotate(-45)\" fill=\"none\" stroke=\"#504f4e\" stroke-linecap=\"round\" stroke-width=\"2\"><\/line><line id=\"Line_20\" data-name=\"Line 20\" x2=\"16.665\" y2=\"16.579\" transform=\"translate(0.049 0)\" fill=\"none\" stroke=\"#504f4e\" stroke-linecap=\"round\" stroke-width=\"2\"><\/line><\/g><\/svg>\t\t\t<\/div>\n\t\t<\/div>\n\t\t\t\t\t\t<\/div>\n\t\t\t\t<\/div>\n\t\t\t\t<div class=\"elementor-element elementor-element-1c140b1c bbspa-we-block-btn elementor-widget elementor-widget-text-editor\" data-id=\"1c140b1c\" data-element_type=\"widget\" data-widget_type=\"text-editor.default\">\n\t\t\t\t<div class=\"elementor-widget-container\">\n\t\t\t\t\t\t\t\t\t<a href=\"https:\/\/www.bbspagroup.com\/fr\/ce-quon-fait\/we-manage\/\" target=\"_self\">We <span style=\"background-color: #514f4e;\">Manage<\/span><\/a>\t\t\t\t\t\t\t\t<\/div>\n\t\t\t\t<\/div>\n\t\t\t\t<\/div>\n\t\t\t\t<div class=\"elementor-element elementor-element-3e66bade elementor-hidden-desktop elementor-hidden-tablet elementor-widget-divider--view-line elementor-widget elementor-widget-divider\" data-id=\"3e66bade\" data-element_type=\"widget\" data-widget_type=\"divider.default\">\n\t\t\t\t<div class=\"elementor-widget-container\">\n\t\t\t\t\t\t\t<div class=\"elementor-divider\">\n\t\t\t<span class=\"elementor-divider-separator\">\n\t\t\t\t\t\t<\/span>\n\t\t<\/div>\n\t\t\t\t\t\t<\/div>\n\t\t\t\t<\/div>\n\t\t\t\t<\/div>\n\t\t<div class=\"elementor-element elementor-element-3ba26644 e-con-full e-flex e-con e-child\" data-id=\"3ba26644\" data-element_type=\"container\">\n\t\t\t\t<div class=\"elementor-element elementor-element-448a8b59 elementor-widget elementor-widget-image\" data-id=\"448a8b59\" data-element_type=\"widget\" data-widget_type=\"image.default\">\n\t\t\t\t<div class=\"elementor-widget-container\">\n\t\t\t\t\t\t\t\t\t\t\t\t\t\t\t<img decoding=\"async\" src=\"https:\/\/www.bbspagroup.com\/wp-content\/uploads\/2022\/05\/bbspa_think.png\" title=\"bbspa_think\" alt=\"bbspa_think\" loading=\"lazy\" \/>\t\t\t\t\t\t\t\t\t\t\t\t\t\t\t<\/div>\n\t\t\t\t<\/div>\n\t\t\t\t<\/div>\n\t\t\t\t\t<\/div>\n\t\t\t\t<\/div>\n\t\t\t\t<\/div>\n\t\t","protected":false},"excerpt":{"rendered":"<p>We Think We Think est le service de conseil pour r\u00e9aliser ou repenser ex novo un SPA de succ\u00e8s, \u00e0 travers la d\u00e9finition d\u2019un SPA concept innovant et orient\u00e9 marketing, associ\u00e9 \u00e0 un mod\u00e8le \u00e9conomique durable et rentable. Comment cr\u00e9e-t-on un SPA concept rentable? Nous partons d\u2019un audit tr\u00e8s pr\u00e9cis, pour recueillir toutes les informations [&hellip;]<\/p>\n","protected":false},"author":1,"featured_media":0,"parent":2477,"menu_order":0,"comment_status":"closed","ping_status":"closed","template":"","meta":{"_acf_changed":false,"footnotes":""},"class_list":["post-2487","page","type-page","status-publish","hentry"],"acf":[],"yoast_head":"<!-- This site is optimized with the Yoast SEO plugin v22.5 - https:\/\/yoast.com\/wordpress\/plugins\/seo\/ -->\n<title>we Think - bbspa_Group<\/title>\n<meta name=\"description\" content=\"bbspa Think est le service offert pour le r\u00e9am\u00e9nagement ou la conception ex-novo des \u00e9l\u00e9ments indispensables \u00e0 la r\u00e9alisation d\u2019un SPA r\u00e9ussi\" \/>\n<meta name=\"robots\" content=\"index, follow, max-snippet:-1, max-image-preview:large, max-video-preview:-1\" \/>\n<link rel=\"canonical\" href=\"https:\/\/www.bbspagroup.com\/fr\/ce-quon-fait\/we-think\/\" \/>\n<meta property=\"og:locale\" content=\"fr_FR\" \/>\n<meta property=\"og:type\" content=\"article\" \/>\n<meta property=\"og:title\" content=\"we Think - bbspa_Group\" \/>\n<meta property=\"og:description\" content=\"bbspa Think est le service offert pour le r\u00e9am\u00e9nagement ou la conception ex-novo des \u00e9l\u00e9ments indispensables \u00e0 la r\u00e9alisation d\u2019un SPA r\u00e9ussi\" \/>\n<meta property=\"og:url\" content=\"https:\/\/www.bbspagroup.com\/fr\/ce-quon-fait\/we-think\/\" \/>\n<meta property=\"og:site_name\" content=\"bbspa_Group\" \/>\n<meta property=\"article:modified_time\" content=\"2026-01-14T11:47:57+00:00\" \/>\n<meta property=\"og:image\" content=\"https:\/\/www.bbspagroup.com\/wp-content\/uploads\/2022\/05\/bbspa_think.png\" \/>\n<meta name=\"twitter:card\" content=\"summary_large_image\" \/>\n<meta name=\"twitter:label1\" content=\"Dur\u00e9e de lecture estim\u00e9e\" \/>\n\t<meta name=\"twitter:data1\" content=\"2 minutes\" \/>\n<script type=\"application\/ld+json\" class=\"yoast-schema-graph\">{\"@context\":\"https:\/\/schema.org\",\"@graph\":[{\"@type\":\"WebPage\",\"@id\":\"https:\/\/www.bbspagroup.com\/fr\/ce-quon-fait\/we-think\/\",\"url\":\"https:\/\/www.bbspagroup.com\/fr\/ce-quon-fait\/we-think\/\",\"name\":\"we Think - bbspa_Group\",\"isPartOf\":{\"@id\":\"https:\/\/www.bbspagroup.com\/fr\/#website\"},\"primaryImageOfPage\":{\"@id\":\"https:\/\/www.bbspagroup.com\/fr\/ce-quon-fait\/we-think\/#primaryimage\"},\"image\":{\"@id\":\"https:\/\/www.bbspagroup.com\/fr\/ce-quon-fait\/we-think\/#primaryimage\"},\"thumbnailUrl\":\"https:\/\/www.bbspagroup.com\/wp-content\/uploads\/2022\/05\/bbspa_think.png\",\"datePublished\":\"2022-04-21T08:21:28+00:00\",\"dateModified\":\"2026-01-14T11:47:57+00:00\",\"description\":\"bbspa Think est le service offert pour le r\u00e9am\u00e9nagement ou la conception ex-novo des \u00e9l\u00e9ments indispensables \u00e0 la r\u00e9alisation d\u2019un SPA r\u00e9ussi\",\"breadcrumb\":{\"@id\":\"https:\/\/www.bbspagroup.com\/fr\/ce-quon-fait\/we-think\/#breadcrumb\"},\"inLanguage\":\"fr-FR\",\"potentialAction\":[{\"@type\":\"ReadAction\",\"target\":[\"https:\/\/www.bbspagroup.com\/fr\/ce-quon-fait\/we-think\/\"]}]},{\"@type\":\"ImageObject\",\"inLanguage\":\"fr-FR\",\"@id\":\"https:\/\/www.bbspagroup.com\/fr\/ce-quon-fait\/we-think\/#primaryimage\",\"url\":\"https:\/\/www.bbspagroup.com\/wp-content\/uploads\/2022\/05\/bbspa_think.png\",\"contentUrl\":\"https:\/\/www.bbspagroup.com\/wp-content\/uploads\/2022\/05\/bbspa_think.png\"},{\"@type\":\"BreadcrumbList\",\"@id\":\"https:\/\/www.bbspagroup.com\/fr\/ce-quon-fait\/we-think\/#breadcrumb\",\"itemListElement\":[{\"@type\":\"ListItem\",\"position\":1,\"name\":\"Home\",\"item\":\"https:\/\/www.bbspagroup.com\/fr\/the-sandbox\/\"},{\"@type\":\"ListItem\",\"position\":2,\"name\":\"Ce qu&rsquo;on fait\",\"item\":\"https:\/\/www.bbspagroup.com\/fr\/ce-quon-fait\/\"},{\"@type\":\"ListItem\",\"position\":3,\"name\":\"we Think\"}]},{\"@type\":\"WebSite\",\"@id\":\"https:\/\/www.bbspagroup.com\/fr\/#website\",\"url\":\"https:\/\/www.bbspagroup.com\/fr\/\",\"name\":\"bbspa_Group\",\"description\":\"\",\"publisher\":{\"@id\":\"https:\/\/www.bbspagroup.com\/fr\/#organization\"},\"potentialAction\":[{\"@type\":\"SearchAction\",\"target\":{\"@type\":\"EntryPoint\",\"urlTemplate\":\"https:\/\/www.bbspagroup.com\/fr\/?s={search_term_string}\"},\"query-input\":\"required name=search_term_string\"}],\"inLanguage\":\"fr-FR\"},{\"@type\":\"Organization\",\"@id\":\"https:\/\/www.bbspagroup.com\/fr\/#organization\",\"name\":\"bbspa_Group\",\"url\":\"https:\/\/www.bbspagroup.com\/fr\/\",\"logo\":{\"@type\":\"ImageObject\",\"inLanguage\":\"fr-FR\",\"@id\":\"https:\/\/www.bbspagroup.com\/fr\/#\/schema\/logo\/image\/\",\"url\":\"https:\/\/www.bbspagroup.com\/wp-content\/uploads\/2022\/04\/\u2022BBspa_LOGO_08_2022_\u00ae-1.png\",\"contentUrl\":\"https:\/\/www.bbspagroup.com\/wp-content\/uploads\/2022\/04\/\u2022BBspa_LOGO_08_2022_\u00ae-1.png\",\"width\":1926,\"height\":548,\"caption\":\"bbspa_Group\"},\"image\":{\"@id\":\"https:\/\/www.bbspagroup.com\/fr\/#\/schema\/logo\/image\/\"}}]}<\/script>\n<!-- \/ Yoast SEO plugin. -->","yoast_head_json":{"title":"we Think - bbspa_Group","description":"bbspa Think est le service offert pour le r\u00e9am\u00e9nagement ou la conception ex-novo des \u00e9l\u00e9ments indispensables \u00e0 la r\u00e9alisation d\u2019un SPA r\u00e9ussi","robots":{"index":"index","follow":"follow","max-snippet":"max-snippet:-1","max-image-preview":"max-image-preview:large","max-video-preview":"max-video-preview:-1"},"canonical":"https:\/\/www.bbspagroup.com\/fr\/ce-quon-fait\/we-think\/","og_locale":"fr_FR","og_type":"article","og_title":"we Think - bbspa_Group","og_description":"bbspa Think est le service offert pour le r\u00e9am\u00e9nagement ou la conception ex-novo des \u00e9l\u00e9ments indispensables \u00e0 la r\u00e9alisation d\u2019un SPA r\u00e9ussi","og_url":"https:\/\/www.bbspagroup.com\/fr\/ce-quon-fait\/we-think\/","og_site_name":"bbspa_Group","article_modified_time":"2026-01-14T11:47:57+00:00","og_image":[{"url":"https:\/\/www.bbspagroup.com\/wp-content\/uploads\/2022\/05\/bbspa_think.png"}],"twitter_card":"summary_large_image","twitter_misc":{"Dur\u00e9e de lecture estim\u00e9e":"2 minutes"},"schema":{"@context":"https:\/\/schema.org","@graph":[{"@type":"WebPage","@id":"https:\/\/www.bbspagroup.com\/fr\/ce-quon-fait\/we-think\/","url":"https:\/\/www.bbspagroup.com\/fr\/ce-quon-fait\/we-think\/","name":"we Think - bbspa_Group","isPartOf":{"@id":"https:\/\/www.bbspagroup.com\/fr\/#website"},"primaryImageOfPage":{"@id":"https:\/\/www.bbspagroup.com\/fr\/ce-quon-fait\/we-think\/#primaryimage"},"image":{"@id":"https:\/\/www.bbspagroup.com\/fr\/ce-quon-fait\/we-think\/#primaryimage"},"thumbnailUrl":"https:\/\/www.bbspagroup.com\/wp-content\/uploads\/2022\/05\/bbspa_think.png","datePublished":"2022-04-21T08:21:28+00:00","dateModified":"2026-01-14T11:47:57+00:00","description":"bbspa Think est le service offert pour le r\u00e9am\u00e9nagement ou la conception ex-novo des \u00e9l\u00e9ments indispensables \u00e0 la r\u00e9alisation d\u2019un SPA r\u00e9ussi","breadcrumb":{"@id":"https:\/\/www.bbspagroup.com\/fr\/ce-quon-fait\/we-think\/#breadcrumb"},"inLanguage":"fr-FR","potentialAction":[{"@type":"ReadAction","target":["https:\/\/www.bbspagroup.com\/fr\/ce-quon-fait\/we-think\/"]}]},{"@type":"ImageObject","inLanguage":"fr-FR","@id":"https:\/\/www.bbspagroup.com\/fr\/ce-quon-fait\/we-think\/#primaryimage","url":"https:\/\/www.bbspagroup.com\/wp-content\/uploads\/2022\/05\/bbspa_think.png","contentUrl":"https:\/\/www.bbspagroup.com\/wp-content\/uploads\/2022\/05\/bbspa_think.png"},{"@type":"BreadcrumbList","@id":"https:\/\/www.bbspagroup.com\/fr\/ce-quon-fait\/we-think\/#breadcrumb","itemListElement":[{"@type":"ListItem","position":1,"name":"Home","item":"https:\/\/www.bbspagroup.com\/fr\/the-sandbox\/"},{"@type":"ListItem","position":2,"name":"Ce qu&rsquo;on fait","item":"https:\/\/www.bbspagroup.com\/fr\/ce-quon-fait\/"},{"@type":"ListItem","position":3,"name":"we Think"}]},{"@type":"WebSite","@id":"https:\/\/www.bbspagroup.com\/fr\/#website","url":"https:\/\/www.bbspagroup.com\/fr\/","name":"bbspa_Group","description":"","publisher":{"@id":"https:\/\/www.bbspagroup.com\/fr\/#organization"},"potentialAction":[{"@type":"SearchAction","target":{"@type":"EntryPoint","urlTemplate":"https:\/\/www.bbspagroup.com\/fr\/?s={search_term_string}"},"query-input":"required name=search_term_string"}],"inLanguage":"fr-FR"},{"@type":"Organization","@id":"https:\/\/www.bbspagroup.com\/fr\/#organization","name":"bbspa_Group","url":"https:\/\/www.bbspagroup.com\/fr\/","logo":{"@type":"ImageObject","inLanguage":"fr-FR","@id":"https:\/\/www.bbspagroup.com\/fr\/#\/schema\/logo\/image\/","url":"https:\/\/www.bbspagroup.com\/wp-content\/uploads\/2022\/04\/\u2022BBspa_LOGO_08_2022_\u00ae-1.png","contentUrl":"https:\/\/www.bbspagroup.com\/wp-content\/uploads\/2022\/04\/\u2022BBspa_LOGO_08_2022_\u00ae-1.png","width":1926,"height":548,"caption":"bbspa_Group"},"image":{"@id":"https:\/\/www.bbspagroup.com\/fr\/#\/schema\/logo\/image\/"}}]}},"_links":{"self":[{"href":"https:\/\/www.bbspagroup.com\/fr\/wp-json\/wp\/v2\/pages\/2487","targetHints":{"allow":["GET"]}}],"collection":[{"href":"https:\/\/www.bbspagroup.com\/fr\/wp-json\/wp\/v2\/pages"}],"about":[{"href":"https:\/\/www.bbspagroup.com\/fr\/wp-json\/wp\/v2\/types\/page"}],"author":[{"embeddable":true,"href":"https:\/\/www.bbspagroup.com\/fr\/wp-json\/wp\/v2\/users\/1"}],"replies":[{"embeddable":true,"href":"https:\/\/www.bbspagroup.com\/fr\/wp-json\/wp\/v2\/comments?post=2487"}],"version-history":[{"count":15,"href":"https:\/\/www.bbspagroup.com\/fr\/wp-json\/wp\/v2\/pages\/2487\/revisions"}],"predecessor-version":[{"id":8226,"href":"https:\/\/www.bbspagroup.com\/fr\/wp-json\/wp\/v2\/pages\/2487\/revisions\/8226"}],"up":[{"embeddable":true,"href":"https:\/\/www.bbspagroup.com\/fr\/wp-json\/wp\/v2\/pages\/2477"}],"wp:attachment":[{"href":"https:\/\/www.bbspagroup.com\/fr\/wp-json\/wp\/v2\/media?parent=2487"}],"curies":[{"name":"wp","href":"https:\/\/api.w.org\/{rel}","templated":true}]}}