{"id":2483,"date":"2022-04-21T10:22:12","date_gmt":"2022-04-21T08:22:12","guid":{"rendered":"http:\/\/www.bbspagroup.com\/ce-quon-fait\/we-manage\/"},"modified":"2025-12-04T23:58:53","modified_gmt":"2025-12-04T22:58:53","slug":"we-manage","status":"publish","type":"page","link":"https:\/\/www.bbspagroup.com\/fr\/ce-quon-fait\/we-manage\/","title":{"rendered":"we Manage"},"content":{"rendered":"\t\t<div data-elementor-type=\"wp-page\" data-elementor-id=\"2483\" class=\"elementor elementor-2483 elementor-86\" data-elementor-post-type=\"page\">\n\t\t\t\t<div class=\"elementor-element elementor-element-611ba701 e-con-full bbspa-we-page--intro e-flex e-con e-parent\" data-id=\"611ba701\" data-element_type=\"container\" data-settings=\"{&quot;background_background&quot;:&quot;classic&quot;}\">\n\t\t<div class=\"elementor-element elementor-element-51fc7a9d e-flex e-con-boxed e-con e-child\" data-id=\"51fc7a9d\" data-element_type=\"container\">\n\t\t\t\t\t<div class=\"e-con-inner\">\n\t\t\t\t<div class=\"elementor-element elementor-element-56faec79 bbspa-we-block-title elementor-widget elementor-widget-heading\" data-id=\"56faec79\" data-element_type=\"widget\" data-widget_type=\"heading.default\">\n\t\t\t\t<div class=\"elementor-widget-container\">\n\t\t\t\t\t<h1 class=\"elementor-heading-title elementor-size-default\">We <span style=\"background-color: #514f4e\">Manage<\/span><\/h1>\t\t\t\t<\/div>\n\t\t\t\t<\/div>\n\t\t\t\t\t<\/div>\n\t\t\t\t<\/div>\n\t\t\t\t<\/div>\n\t\t<div class=\"elementor-element elementor-element-5f05a835 e-flex e-con-boxed e-con e-parent\" data-id=\"5f05a835\" data-element_type=\"container\" data-settings=\"{&quot;background_background&quot;:&quot;classic&quot;}\">\n\t\t\t\t\t<div class=\"e-con-inner\">\n\t\t<div class=\"elementor-element elementor-element-72c5317a e-con-full e-flex e-con e-child\" data-id=\"72c5317a\" data-element_type=\"container\" data-settings=\"{&quot;background_background&quot;:&quot;classic&quot;}\">\n\t\t\t\t<div class=\"elementor-element elementor-element-1ba2727c elementor-widget elementor-widget-text-editor\" data-id=\"1ba2727c\" data-element_type=\"widget\" data-widget_type=\"text-editor.default\">\n\t\t\t\t<div class=\"elementor-widget-container\">\n\t\t\t\t\t\t\t\t\t<p>We Manage est le service de bbspa_Group d\u00e9di\u00e9 \u00e0 la gestion op\u00e9rationnelle du SPA pour garantir l\u2019excellence, la coh\u00e9rence et l\u2019attractivit\u00e9 de l&rsquo;exp\u00e9rience quotidienne. De la formation continue du personnel au suivi des KPI, bbspa_Group accompagne ses clients dans toutes les activit\u00e9s post-ouverture avec une approche flexible, strat\u00e9gique et mesurable. <\/p><p><strong>Comment maintenir l&rsquo;excellence au quotidien dans un SPA?<\/strong><\/p><p>La qualit\u00e9 d&rsquo;un SPA se mesure par la rigueur des protocoles appliqu\u00e9s, la formation continue du personnel et la coh\u00e9rence entre le positionnement et l&rsquo;exp\u00e9rience client. <strong>bbspa_Group soutient ou prend en charge la gestion compl\u00e8te du SPA<\/strong>, offrant un accompagnement op\u00e9rationnel \u00e0 360\u00b0.<\/p><p>Nous optimisons les activit\u00e9s, supervisons les \u00e9quipes, suivons performance commerciale et KPI et activons tous les leviers de marketing et de communication n\u00e9cessaires pour <strong>garantir une gestion efficace, coh\u00e9rente et ax\u00e9e sur la rentabilit\u00e9<\/strong>.<\/p><p>En fonction des objectifs et du mod\u00e8le commercial, vous pouvez choisir entre <strong>diff\u00e9rents modes de collaboration<\/strong>:<\/p><ul><li aria-level=\"1\"><strong>Solution \u00abManagement\u00bb:<\/strong> le client g\u00e8re directement le personnel, tandis que bbspa_Group coordonne et optimise toutes les activit\u00e9s.<\/li><li aria-level=\"1\"><strong>Solution \u00abLease\u00bb:<\/strong> bbspa_Group loue le nouveau SPA directement aupr\u00e8s du propri\u00e9taire, en assume la gestion compl\u00e8te avec sa propre \u00e9quipe et prend en charge les op\u00e9rations, le marketing et la maintenance.<\/li><li aria-level=\"1\"><strong>Solution \u00abLease management\u00bb:<\/strong> bbspa_Group prend en charge la gestion d&rsquo;un SPA d\u00e9j\u00e0 op\u00e9rationnel avec sa propre \u00e9quipe ou une \u00e9quipe partag\u00e9e, en assumant de mani\u00e8re autonome tous les co\u00fbts op\u00e9rationnels, d&rsquo;entretien et de promotion.<\/li><\/ul>\t\t\t\t\t\t\t\t<\/div>\n\t\t\t\t<\/div>\n\t\t\t\t<div class=\"elementor-element elementor-element-5c716240 elementor-icon-list--layout-traditional elementor-list-item-link-full_width elementor-widget elementor-widget-icon-list\" data-id=\"5c716240\" data-element_type=\"widget\" data-widget_type=\"icon-list.default\">\n\t\t\t\t<div class=\"elementor-widget-container\">\n\t\t\t\t\t\t\t<ul class=\"elementor-icon-list-items\">\n\t\t\t\t\t\t\t<li class=\"elementor-icon-list-item\">\n\t\t\t\t\t\t\t\t\t\t\t<span class=\"elementor-icon-list-icon\">\n\t\t\t\t\t\t\t<i aria-hidden=\"true\" class=\"fas fa-square-full\"><\/i>\t\t\t\t\t\t<\/span>\n\t\t\t\t\t\t\t\t\t\t<span class=\"elementor-icon-list-text\"><strong>5.1<\/strong> Supervision op\u00e9rationnelle quotidienne du SPA<\/span>\n\t\t\t\t\t\t\t\t\t<\/li>\n\t\t\t\t\t\t\t\t<li class=\"elementor-icon-list-item\">\n\t\t\t\t\t\t\t\t\t\t\t<span class=\"elementor-icon-list-icon\">\n\t\t\t\t\t\t\t<i aria-hidden=\"true\" class=\"fas fa-square-full\"><\/i>\t\t\t\t\t\t<\/span>\n\t\t\t\t\t\t\t\t\t\t<span class=\"elementor-icon-list-text\"><strong>5.2<\/strong> Coordination et gestion de l'\u00e9quipe interne<\/span>\n\t\t\t\t\t\t\t\t\t<\/li>\n\t\t\t\t\t\t\t\t<li class=\"elementor-icon-list-item\">\n\t\t\t\t\t\t\t\t\t\t\t<span class=\"elementor-icon-list-icon\">\n\t\t\t\t\t\t\t<i aria-hidden=\"true\" class=\"fas fa-square-full\"><\/i>\t\t\t\t\t\t<\/span>\n\t\t\t\t\t\t\t\t\t\t<span class=\"elementor-icon-list-text\"><strong>5.3<\/strong> Suivi des KPI, des ventes et des performances commerciales<\/span>\n\t\t\t\t\t\t\t\t\t<\/li>\n\t\t\t\t\t\t\t\t<li class=\"elementor-icon-list-item\">\n\t\t\t\t\t\t\t\t\t\t\t<span class=\"elementor-icon-list-icon\">\n\t\t\t\t\t\t\t<i aria-hidden=\"true\" class=\"fas fa-square-full\"><\/i>\t\t\t\t\t\t<\/span>\n\t\t\t\t\t\t\t\t\t\t<span class=\"elementor-icon-list-text\"><strong>5.4<\/strong> Optimisation des protocoles et de l'exp\u00e9rience client<\/span>\n\t\t\t\t\t\t\t\t\t<\/li>\n\t\t\t\t\t\t\t\t<li class=\"elementor-icon-list-item\">\n\t\t\t\t\t\t\t\t\t\t\t<span class=\"elementor-icon-list-icon\">\n\t\t\t\t\t\t\t<i aria-hidden=\"true\" class=\"fas fa-square-full\"><\/i>\t\t\t\t\t\t<\/span>\n\t\t\t\t\t\t\t\t\t\t<span class=\"elementor-icon-list-text\"><strong>5.5<\/strong> Gestion autonome ou partag\u00e9e selon le contrat<\/span>\n\t\t\t\t\t\t\t\t\t<\/li>\n\t\t\t\t\t\t<\/ul>\n\t\t\t\t\t\t<\/div>\n\t\t\t\t<\/div>\n\t\t\t\t<div class=\"elementor-element elementor-element-272696e4 elementor-hidden-desktop elementor-hidden-tablet elementor-widget-divider--view-line elementor-widget elementor-widget-divider\" data-id=\"272696e4\" data-element_type=\"widget\" data-widget_type=\"divider.default\">\n\t\t\t\t<div class=\"elementor-widget-container\">\n\t\t\t\t\t\t\t<div class=\"elementor-divider\">\n\t\t\t<span class=\"elementor-divider-separator\">\n\t\t\t\t\t\t<\/span>\n\t\t<\/div>\n\t\t\t\t\t\t<\/div>\n\t\t\t\t<\/div>\n\t\t<div class=\"elementor-element elementor-element-e8ba2d0 e-con-full e-grid bbspa-we-page--grid e-con e-child\" data-id=\"e8ba2d0\" data-element_type=\"container\">\n\t\t\t\t<div class=\"elementor-element elementor-element-18b4ff0f bbspa-we-block-btn elementor-widget elementor-widget-text-editor\" data-id=\"18b4ff0f\" data-element_type=\"widget\" data-widget_type=\"text-editor.default\">\n\t\t\t\t<div class=\"elementor-widget-container\">\n\t\t\t\t\t\t\t\t\t<a href=\"https:\/\/www.bbspagroup.com\/fr\/ce-quon-fait\/we-think\/\" target=\"_self\">We <span style=\"background-color: #9b3128;\">Think<\/span><\/a>\t\t\t\t\t\t\t\t<\/div>\n\t\t\t\t<\/div>\n\t\t\t\t<div class=\"elementor-element elementor-element-568663ca elementor-view-default elementor-widget elementor-widget-icon\" data-id=\"568663ca\" data-element_type=\"widget\" data-widget_type=\"icon.default\">\n\t\t\t\t<div class=\"elementor-widget-container\">\n\t\t\t\t\t\t\t<div class=\"elementor-icon-wrapper\">\n\t\t\t<div class=\"elementor-icon\">\n\t\t\t<svg xmlns=\"http:\/\/www.w3.org\/2000\/svg\" width=\"19.542\" height=\"36.121\" viewBox=\"0 0 19.542 36.121\"><g id=\"Group_1647\" data-name=\"Group 1647\" transform=\"translate(1.414 1.414)\"><line id=\"Line_3\" data-name=\"Line 3\" x2=\"23.636\" transform=\"translate(0 33.292) rotate(-45)\" fill=\"none\" stroke=\"#504f4e\" stroke-linecap=\"round\" stroke-width=\"2\"><\/line><line id=\"Line_20\" data-name=\"Line 20\" x2=\"16.665\" y2=\"16.579\" transform=\"translate(0.049 0)\" fill=\"none\" stroke=\"#504f4e\" stroke-linecap=\"round\" stroke-width=\"2\"><\/line><\/g><\/svg>\t\t\t<\/div>\n\t\t<\/div>\n\t\t\t\t\t\t<\/div>\n\t\t\t\t<\/div>\n\t\t\t\t<div class=\"elementor-element elementor-element-53d86e4e bbspa-we-block-btn elementor-widget elementor-widget-text-editor\" data-id=\"53d86e4e\" data-element_type=\"widget\" data-widget_type=\"text-editor.default\">\n\t\t\t\t<div class=\"elementor-widget-container\">\n\t\t\t\t\t\t\t\t\t<a href=\"https:\/\/www.bbspagroup.com\/fr\/ce-quon-fait\/we-develop\/\" target=\"_self\">We <span style=\"background-color: #bd2f27;\">Develop<\/span><\/a>\t\t\t\t\t\t\t\t<\/div>\n\t\t\t\t<\/div>\n\t\t\t\t<div class=\"elementor-element elementor-element-35901250 elementor-view-default elementor-widget elementor-widget-icon\" data-id=\"35901250\" data-element_type=\"widget\" data-widget_type=\"icon.default\">\n\t\t\t\t<div class=\"elementor-widget-container\">\n\t\t\t\t\t\t\t<div class=\"elementor-icon-wrapper\">\n\t\t\t<div class=\"elementor-icon\">\n\t\t\t<svg xmlns=\"http:\/\/www.w3.org\/2000\/svg\" width=\"19.542\" height=\"36.121\" viewBox=\"0 0 19.542 36.121\"><g id=\"Group_1647\" data-name=\"Group 1647\" transform=\"translate(1.414 1.414)\"><line id=\"Line_3\" data-name=\"Line 3\" x2=\"23.636\" transform=\"translate(0 33.292) rotate(-45)\" fill=\"none\" stroke=\"#504f4e\" stroke-linecap=\"round\" stroke-width=\"2\"><\/line><line id=\"Line_20\" data-name=\"Line 20\" x2=\"16.665\" y2=\"16.579\" transform=\"translate(0.049 0)\" fill=\"none\" stroke=\"#504f4e\" stroke-linecap=\"round\" stroke-width=\"2\"><\/line><\/g><\/svg>\t\t\t<\/div>\n\t\t<\/div>\n\t\t\t\t\t\t<\/div>\n\t\t\t\t<\/div>\n\t\t\t\t<div class=\"elementor-element elementor-element-5d541a4 bbspa-we-block-btn elementor-widget elementor-widget-text-editor\" data-id=\"5d541a4\" data-element_type=\"widget\" data-widget_type=\"text-editor.default\">\n\t\t\t\t<div class=\"elementor-widget-container\">\n\t\t\t\t\t\t\t\t\t<a href=\"https:\/\/www.bbspagroup.com\/fr\/ce-quon-fait\/we-design\/\" target=\"_self\">We <span style=\"background-color: #d13a35;\">Design<\/span><\/a>\t\t\t\t\t\t\t\t<\/div>\n\t\t\t\t<\/div>\n\t\t\t\t<div class=\"elementor-element elementor-element-7f75e94d elementor-view-default elementor-widget elementor-widget-icon\" data-id=\"7f75e94d\" data-element_type=\"widget\" data-widget_type=\"icon.default\">\n\t\t\t\t<div class=\"elementor-widget-container\">\n\t\t\t\t\t\t\t<div class=\"elementor-icon-wrapper\">\n\t\t\t<div class=\"elementor-icon\">\n\t\t\t<svg xmlns=\"http:\/\/www.w3.org\/2000\/svg\" width=\"19.542\" height=\"36.121\" viewBox=\"0 0 19.542 36.121\"><g id=\"Group_1647\" data-name=\"Group 1647\" transform=\"translate(1.414 1.414)\"><line id=\"Line_3\" data-name=\"Line 3\" x2=\"23.636\" transform=\"translate(0 33.292) rotate(-45)\" fill=\"none\" stroke=\"#504f4e\" stroke-linecap=\"round\" stroke-width=\"2\"><\/line><line id=\"Line_20\" data-name=\"Line 20\" x2=\"16.665\" y2=\"16.579\" transform=\"translate(0.049 0)\" fill=\"none\" stroke=\"#504f4e\" stroke-linecap=\"round\" stroke-width=\"2\"><\/line><\/g><\/svg>\t\t\t<\/div>\n\t\t<\/div>\n\t\t\t\t\t\t<\/div>\n\t\t\t\t<\/div>\n\t\t\t\t<div class=\"elementor-element elementor-element-265cf023 bbspa-we-block-btn elementor-widget elementor-widget-text-editor\" data-id=\"265cf023\" data-element_type=\"widget\" data-widget_type=\"text-editor.default\">\n\t\t\t\t<div class=\"elementor-widget-container\">\n\t\t\t\t\t\t\t\t\t<p><a href=\"https:\/\/www.bbspagroup.com\/fr\/ce-quon-fait\/we-deliver\/\" target=\"_self\">We <span style=\"background-color: #9c9d9e;\">Deliver<\/span><\/a><\/p>\t\t\t\t\t\t\t\t<\/div>\n\t\t\t\t<\/div>\n\t\t\t\t<div class=\"elementor-element elementor-element-5ce18717 elementor-view-default elementor-widget elementor-widget-icon\" data-id=\"5ce18717\" data-element_type=\"widget\" data-widget_type=\"icon.default\">\n\t\t\t\t<div class=\"elementor-widget-container\">\n\t\t\t\t\t\t\t<div class=\"elementor-icon-wrapper\">\n\t\t\t<div class=\"elementor-icon\">\n\t\t\t<svg xmlns=\"http:\/\/www.w3.org\/2000\/svg\" width=\"19.542\" height=\"36.121\" viewBox=\"0 0 19.542 36.121\"><g id=\"Group_1647\" data-name=\"Group 1647\" transform=\"translate(1.414 1.414)\"><line id=\"Line_3\" data-name=\"Line 3\" x2=\"23.636\" transform=\"translate(0 33.292) rotate(-45)\" fill=\"none\" stroke=\"#504f4e\" stroke-linecap=\"round\" stroke-width=\"2\"><\/line><line id=\"Line_20\" data-name=\"Line 20\" x2=\"16.665\" y2=\"16.579\" transform=\"translate(0.049 0)\" fill=\"none\" stroke=\"#504f4e\" stroke-linecap=\"round\" stroke-width=\"2\"><\/line><\/g><\/svg>\t\t\t<\/div>\n\t\t<\/div>\n\t\t\t\t\t\t<\/div>\n\t\t\t\t<\/div>\n\t\t\t\t<div class=\"elementor-element elementor-element-21d831c8 bbspa-we-block-btn bbspa-we-block-btn--current elementor-widget elementor-widget-text-editor\" data-id=\"21d831c8\" data-element_type=\"widget\" data-widget_type=\"text-editor.default\">\n\t\t\t\t<div class=\"elementor-widget-container\">\n\t\t\t\t\t\t\t\t\t<a href=\"#\" target=\"_self\">We <span style=\"background-color: #514f4e;\">Manage<\/span><\/a>\t\t\t\t\t\t\t\t<\/div>\n\t\t\t\t<\/div>\n\t\t\t\t<\/div>\n\t\t\t\t<div class=\"elementor-element elementor-element-3df213ef elementor-hidden-desktop elementor-hidden-tablet elementor-widget-divider--view-line elementor-widget elementor-widget-divider\" data-id=\"3df213ef\" data-element_type=\"widget\" data-widget_type=\"divider.default\">\n\t\t\t\t<div class=\"elementor-widget-container\">\n\t\t\t\t\t\t\t<div class=\"elementor-divider\">\n\t\t\t<span class=\"elementor-divider-separator\">\n\t\t\t\t\t\t<\/span>\n\t\t<\/div>\n\t\t\t\t\t\t<\/div>\n\t\t\t\t<\/div>\n\t\t\t\t<\/div>\n\t\t<div class=\"elementor-element elementor-element-4bf231c4 e-con-full e-flex e-con e-child\" data-id=\"4bf231c4\" data-element_type=\"container\">\n\t\t\t\t<div class=\"elementor-element elementor-element-57d68d1c elementor-widget elementor-widget-image\" data-id=\"57d68d1c\" data-element_type=\"widget\" data-widget_type=\"image.default\">\n\t\t\t\t<div class=\"elementor-widget-container\">\n\t\t\t\t\t\t\t\t\t\t\t\t\t\t\t<img decoding=\"async\" src=\"https:\/\/www.bbspagroup.com\/wp-content\/uploads\/2025\/12\/bbspa_group-we-manage.png\" title=\"bbspa_group&#8211;we-manage\" alt=\"bbspa_group--we-manage\" loading=\"lazy\" \/>\t\t\t\t\t\t\t\t\t\t\t\t\t\t\t<\/div>\n\t\t\t\t<\/div>\n\t\t\t\t<\/div>\n\t\t\t\t\t<\/div>\n\t\t\t\t<\/div>\n\t\t\t\t<\/div>\n\t\t","protected":false},"excerpt":{"rendered":"<p>We Manage We Manage est le service de bbspa_Group d\u00e9di\u00e9 \u00e0 la gestion op\u00e9rationnelle du SPA pour garantir l\u2019excellence, la coh\u00e9rence et l\u2019attractivit\u00e9 de l&rsquo;exp\u00e9rience quotidienne. De la formation continue du personnel au suivi des KPI, bbspa_Group accompagne ses clients dans toutes les activit\u00e9s post-ouverture avec une approche flexible, strat\u00e9gique et mesurable. Comment maintenir l&rsquo;excellence [&hellip;]<\/p>\n","protected":false},"author":1,"featured_media":0,"parent":2477,"menu_order":0,"comment_status":"closed","ping_status":"closed","template":"","meta":{"_acf_changed":false,"footnotes":""},"class_list":["post-2483","page","type-page","status-publish","hentry"],"acf":[],"yoast_head":"<!-- This site is optimized with the Yoast SEO plugin v22.5 - https:\/\/yoast.com\/wordpress\/plugins\/seo\/ -->\n<title>we Manage - bbspa_Group<\/title>\n<meta name=\"description\" content=\"bbspa Manage est le service assurant une gestion r\u00e9ussie et continue pour chaque structure.\" \/>\n<meta name=\"robots\" content=\"index, follow, max-snippet:-1, max-image-preview:large, max-video-preview:-1\" \/>\n<link rel=\"canonical\" href=\"https:\/\/www.bbspagroup.com\/fr\/ce-quon-fait\/we-manage\/\" \/>\n<meta property=\"og:locale\" content=\"fr_FR\" \/>\n<meta property=\"og:type\" content=\"article\" \/>\n<meta property=\"og:title\" content=\"we Manage - bbspa_Group\" \/>\n<meta property=\"og:description\" content=\"bbspa Manage est le service assurant une gestion r\u00e9ussie et continue pour chaque structure.\" \/>\n<meta property=\"og:url\" content=\"https:\/\/www.bbspagroup.com\/fr\/ce-quon-fait\/we-manage\/\" \/>\n<meta property=\"og:site_name\" content=\"bbspa_Group\" \/>\n<meta property=\"article:modified_time\" content=\"2025-12-04T22:58:53+00:00\" \/>\n<meta property=\"og:image\" content=\"https:\/\/www.bbspagroup.com\/wp-content\/uploads\/2025\/12\/bbspa_group-we-manage.png\" \/>\n<meta name=\"twitter:card\" content=\"summary_large_image\" \/>\n<meta name=\"twitter:label1\" content=\"Dur\u00e9e de lecture estim\u00e9e\" \/>\n\t<meta name=\"twitter:data1\" content=\"2 minutes\" \/>\n<script type=\"application\/ld+json\" class=\"yoast-schema-graph\">{\"@context\":\"https:\/\/schema.org\",\"@graph\":[{\"@type\":\"WebPage\",\"@id\":\"https:\/\/www.bbspagroup.com\/fr\/ce-quon-fait\/we-manage\/\",\"url\":\"https:\/\/www.bbspagroup.com\/fr\/ce-quon-fait\/we-manage\/\",\"name\":\"we Manage - bbspa_Group\",\"isPartOf\":{\"@id\":\"https:\/\/www.bbspagroup.com\/fr\/#website\"},\"primaryImageOfPage\":{\"@id\":\"https:\/\/www.bbspagroup.com\/fr\/ce-quon-fait\/we-manage\/#primaryimage\"},\"image\":{\"@id\":\"https:\/\/www.bbspagroup.com\/fr\/ce-quon-fait\/we-manage\/#primaryimage\"},\"thumbnailUrl\":\"https:\/\/www.bbspagroup.com\/wp-content\/uploads\/2025\/12\/bbspa_group-we-manage.png\",\"datePublished\":\"2022-04-21T08:22:12+00:00\",\"dateModified\":\"2025-12-04T22:58:53+00:00\",\"description\":\"bbspa Manage est le service assurant une gestion r\u00e9ussie et continue pour chaque structure.\",\"breadcrumb\":{\"@id\":\"https:\/\/www.bbspagroup.com\/fr\/ce-quon-fait\/we-manage\/#breadcrumb\"},\"inLanguage\":\"fr-FR\",\"potentialAction\":[{\"@type\":\"ReadAction\",\"target\":[\"https:\/\/www.bbspagroup.com\/fr\/ce-quon-fait\/we-manage\/\"]}]},{\"@type\":\"ImageObject\",\"inLanguage\":\"fr-FR\",\"@id\":\"https:\/\/www.bbspagroup.com\/fr\/ce-quon-fait\/we-manage\/#primaryimage\",\"url\":\"https:\/\/www.bbspagroup.com\/wp-content\/uploads\/2025\/12\/bbspa_group-we-manage.png\",\"contentUrl\":\"https:\/\/www.bbspagroup.com\/wp-content\/uploads\/2025\/12\/bbspa_group-we-manage.png\"},{\"@type\":\"BreadcrumbList\",\"@id\":\"https:\/\/www.bbspagroup.com\/fr\/ce-quon-fait\/we-manage\/#breadcrumb\",\"itemListElement\":[{\"@type\":\"ListItem\",\"position\":1,\"name\":\"Home\",\"item\":\"https:\/\/www.bbspagroup.com\/fr\/the-sandbox\/\"},{\"@type\":\"ListItem\",\"position\":2,\"name\":\"Ce qu&rsquo;on fait\",\"item\":\"https:\/\/www.bbspagroup.com\/fr\/ce-quon-fait\/\"},{\"@type\":\"ListItem\",\"position\":3,\"name\":\"we Manage\"}]},{\"@type\":\"WebSite\",\"@id\":\"https:\/\/www.bbspagroup.com\/fr\/#website\",\"url\":\"https:\/\/www.bbspagroup.com\/fr\/\",\"name\":\"bbspa_Group\",\"description\":\"\",\"publisher\":{\"@id\":\"https:\/\/www.bbspagroup.com\/fr\/#organization\"},\"potentialAction\":[{\"@type\":\"SearchAction\",\"target\":{\"@type\":\"EntryPoint\",\"urlTemplate\":\"https:\/\/www.bbspagroup.com\/fr\/?s={search_term_string}\"},\"query-input\":\"required name=search_term_string\"}],\"inLanguage\":\"fr-FR\"},{\"@type\":\"Organization\",\"@id\":\"https:\/\/www.bbspagroup.com\/fr\/#organization\",\"name\":\"bbspa_Group\",\"url\":\"https:\/\/www.bbspagroup.com\/fr\/\",\"logo\":{\"@type\":\"ImageObject\",\"inLanguage\":\"fr-FR\",\"@id\":\"https:\/\/www.bbspagroup.com\/fr\/#\/schema\/logo\/image\/\",\"url\":\"https:\/\/www.bbspagroup.com\/wp-content\/uploads\/2022\/04\/\u2022BBspa_LOGO_08_2022_\u00ae-1.png\",\"contentUrl\":\"https:\/\/www.bbspagroup.com\/wp-content\/uploads\/2022\/04\/\u2022BBspa_LOGO_08_2022_\u00ae-1.png\",\"width\":1926,\"height\":548,\"caption\":\"bbspa_Group\"},\"image\":{\"@id\":\"https:\/\/www.bbspagroup.com\/fr\/#\/schema\/logo\/image\/\"}}]}<\/script>\n<!-- \/ Yoast SEO plugin. -->","yoast_head_json":{"title":"we Manage - bbspa_Group","description":"bbspa Manage est le service assurant une gestion r\u00e9ussie et continue pour chaque structure.","robots":{"index":"index","follow":"follow","max-snippet":"max-snippet:-1","max-image-preview":"max-image-preview:large","max-video-preview":"max-video-preview:-1"},"canonical":"https:\/\/www.bbspagroup.com\/fr\/ce-quon-fait\/we-manage\/","og_locale":"fr_FR","og_type":"article","og_title":"we Manage - bbspa_Group","og_description":"bbspa Manage est le service assurant une gestion r\u00e9ussie et continue pour chaque structure.","og_url":"https:\/\/www.bbspagroup.com\/fr\/ce-quon-fait\/we-manage\/","og_site_name":"bbspa_Group","article_modified_time":"2025-12-04T22:58:53+00:00","og_image":[{"url":"https:\/\/www.bbspagroup.com\/wp-content\/uploads\/2025\/12\/bbspa_group-we-manage.png"}],"twitter_card":"summary_large_image","twitter_misc":{"Dur\u00e9e de lecture estim\u00e9e":"2 minutes"},"schema":{"@context":"https:\/\/schema.org","@graph":[{"@type":"WebPage","@id":"https:\/\/www.bbspagroup.com\/fr\/ce-quon-fait\/we-manage\/","url":"https:\/\/www.bbspagroup.com\/fr\/ce-quon-fait\/we-manage\/","name":"we Manage - bbspa_Group","isPartOf":{"@id":"https:\/\/www.bbspagroup.com\/fr\/#website"},"primaryImageOfPage":{"@id":"https:\/\/www.bbspagroup.com\/fr\/ce-quon-fait\/we-manage\/#primaryimage"},"image":{"@id":"https:\/\/www.bbspagroup.com\/fr\/ce-quon-fait\/we-manage\/#primaryimage"},"thumbnailUrl":"https:\/\/www.bbspagroup.com\/wp-content\/uploads\/2025\/12\/bbspa_group-we-manage.png","datePublished":"2022-04-21T08:22:12+00:00","dateModified":"2025-12-04T22:58:53+00:00","description":"bbspa Manage est le service assurant une gestion r\u00e9ussie et continue pour chaque structure.","breadcrumb":{"@id":"https:\/\/www.bbspagroup.com\/fr\/ce-quon-fait\/we-manage\/#breadcrumb"},"inLanguage":"fr-FR","potentialAction":[{"@type":"ReadAction","target":["https:\/\/www.bbspagroup.com\/fr\/ce-quon-fait\/we-manage\/"]}]},{"@type":"ImageObject","inLanguage":"fr-FR","@id":"https:\/\/www.bbspagroup.com\/fr\/ce-quon-fait\/we-manage\/#primaryimage","url":"https:\/\/www.bbspagroup.com\/wp-content\/uploads\/2025\/12\/bbspa_group-we-manage.png","contentUrl":"https:\/\/www.bbspagroup.com\/wp-content\/uploads\/2025\/12\/bbspa_group-we-manage.png"},{"@type":"BreadcrumbList","@id":"https:\/\/www.bbspagroup.com\/fr\/ce-quon-fait\/we-manage\/#breadcrumb","itemListElement":[{"@type":"ListItem","position":1,"name":"Home","item":"https:\/\/www.bbspagroup.com\/fr\/the-sandbox\/"},{"@type":"ListItem","position":2,"name":"Ce qu&rsquo;on fait","item":"https:\/\/www.bbspagroup.com\/fr\/ce-quon-fait\/"},{"@type":"ListItem","position":3,"name":"we Manage"}]},{"@type":"WebSite","@id":"https:\/\/www.bbspagroup.com\/fr\/#website","url":"https:\/\/www.bbspagroup.com\/fr\/","name":"bbspa_Group","description":"","publisher":{"@id":"https:\/\/www.bbspagroup.com\/fr\/#organization"},"potentialAction":[{"@type":"SearchAction","target":{"@type":"EntryPoint","urlTemplate":"https:\/\/www.bbspagroup.com\/fr\/?s={search_term_string}"},"query-input":"required name=search_term_string"}],"inLanguage":"fr-FR"},{"@type":"Organization","@id":"https:\/\/www.bbspagroup.com\/fr\/#organization","name":"bbspa_Group","url":"https:\/\/www.bbspagroup.com\/fr\/","logo":{"@type":"ImageObject","inLanguage":"fr-FR","@id":"https:\/\/www.bbspagroup.com\/fr\/#\/schema\/logo\/image\/","url":"https:\/\/www.bbspagroup.com\/wp-content\/uploads\/2022\/04\/\u2022BBspa_LOGO_08_2022_\u00ae-1.png","contentUrl":"https:\/\/www.bbspagroup.com\/wp-content\/uploads\/2022\/04\/\u2022BBspa_LOGO_08_2022_\u00ae-1.png","width":1926,"height":548,"caption":"bbspa_Group"},"image":{"@id":"https:\/\/www.bbspagroup.com\/fr\/#\/schema\/logo\/image\/"}}]}},"_links":{"self":[{"href":"https:\/\/www.bbspagroup.com\/fr\/wp-json\/wp\/v2\/pages\/2483","targetHints":{"allow":["GET"]}}],"collection":[{"href":"https:\/\/www.bbspagroup.com\/fr\/wp-json\/wp\/v2\/pages"}],"about":[{"href":"https:\/\/www.bbspagroup.com\/fr\/wp-json\/wp\/v2\/types\/page"}],"author":[{"embeddable":true,"href":"https:\/\/www.bbspagroup.com\/fr\/wp-json\/wp\/v2\/users\/1"}],"replies":[{"embeddable":true,"href":"https:\/\/www.bbspagroup.com\/fr\/wp-json\/wp\/v2\/comments?post=2483"}],"version-history":[{"count":28,"href":"https:\/\/www.bbspagroup.com\/fr\/wp-json\/wp\/v2\/pages\/2483\/revisions"}],"predecessor-version":[{"id":8235,"href":"https:\/\/www.bbspagroup.com\/fr\/wp-json\/wp\/v2\/pages\/2483\/revisions\/8235"}],"up":[{"embeddable":true,"href":"https:\/\/www.bbspagroup.com\/fr\/wp-json\/wp\/v2\/pages\/2477"}],"wp:attachment":[{"href":"https:\/\/www.bbspagroup.com\/fr\/wp-json\/wp\/v2\/media?parent=2483"}],"curies":[{"name":"wp","href":"https:\/\/api.w.org\/{rel}","templated":true}]}}