{"id":2481,"date":"2022-04-21T10:21:45","date_gmt":"2022-04-21T08:21:45","guid":{"rendered":"http:\/\/www.bbspagroup.com\/ce-quon-fait\/we-design\/"},"modified":"2025-12-05T00:05:27","modified_gmt":"2025-12-04T23:05:27","slug":"we-design","status":"publish","type":"page","link":"https:\/\/www.bbspagroup.com\/fr\/ce-quon-fait\/we-design\/","title":{"rendered":"we Design"},"content":{"rendered":"\t\t<div data-elementor-type=\"wp-page\" data-elementor-id=\"2481\" class=\"elementor elementor-2481 elementor-82\" data-elementor-post-type=\"page\">\n\t\t\t\t<div class=\"elementor-element elementor-element-2fb90a01 e-con-full bbspa-we-page--intro e-flex e-con e-parent\" data-id=\"2fb90a01\" data-element_type=\"container\" data-settings=\"{&quot;background_background&quot;:&quot;classic&quot;}\">\n\t\t<div class=\"elementor-element elementor-element-1dd2d50d e-flex e-con-boxed e-con e-child\" data-id=\"1dd2d50d\" data-element_type=\"container\">\n\t\t\t\t\t<div class=\"e-con-inner\">\n\t\t\t\t<div class=\"elementor-element elementor-element-47157f80 bbspa-we-block-title elementor-widget elementor-widget-heading\" data-id=\"47157f80\" data-element_type=\"widget\" data-widget_type=\"heading.default\">\n\t\t\t\t<div class=\"elementor-widget-container\">\n\t\t\t\t\t<h1 class=\"elementor-heading-title elementor-size-default\">We <span style=\"background-color: #d13a35\">Design<\/span><\/h1>\t\t\t\t<\/div>\n\t\t\t\t<\/div>\n\t\t\t\t\t<\/div>\n\t\t\t\t<\/div>\n\t\t\t\t<\/div>\n\t\t<div class=\"elementor-element elementor-element-756596bf e-flex e-con-boxed e-con e-parent\" data-id=\"756596bf\" data-element_type=\"container\" data-settings=\"{&quot;background_background&quot;:&quot;classic&quot;}\">\n\t\t\t\t\t<div class=\"e-con-inner\">\n\t\t<div class=\"elementor-element elementor-element-2b830810 e-con-full e-flex e-con e-child\" data-id=\"2b830810\" data-element_type=\"container\" data-settings=\"{&quot;background_background&quot;:&quot;classic&quot;}\">\n\t\t\t\t<div class=\"elementor-element elementor-element-4ed5f714 elementor-widget elementor-widget-text-editor\" data-id=\"4ed5f714\" data-element_type=\"widget\" data-widget_type=\"text-editor.default\">\n\t\t\t\t<div class=\"elementor-widget-container\">\n\t\t\t\t\t\t\t\t\t<p><strong>We Design<\/strong> est le service conseil qui s\u2019occupe d\u2019accompagner l\u2019\u00e9quipe d\u2019architectes, d\u2019ing\u00e9nieurs et de fournisseurs des clients, dans la d\u00e9finition et la r\u00e9alisation des projets ex\u00e9cutifs, et dans chaque phase du chantier jusqu\u2019au contr\u00f4le qualit\u00e9 des travaux ex\u00e9cut\u00e9s.<\/p><p><strong>Comment r\u00e9alise-t-on un SPA performant?<\/strong><\/p><p>Nous commen\u00e7ons par le <strong>design du concept<\/strong> de tous les \u00e9l\u00e9ments pour le traduire ensuite en un projet d\u2019architecture d\u2019int\u00e9rieur &amp; d\u2019ext\u00e9rieur <strong>ex\u00e9cutif<\/strong>, en fournissant aux clients les informations n\u00e9cessaires \u00e0 travers des sch\u00e9mas fonctionnels, des planches d\u2019inspiration, des fiches et des dessins techniques et en illustrant aux clients chacune des macro\/micro-aires, des espaces et des technologies pr\u00e9vues.<\/p><p>Il s\u2019ensuit le <strong>d\u00e9veloppement du projet ex\u00e9cutif <\/strong> d\u2019ensemble dans lequel nous accompagnons chaque \u00e9quipe dans la conception : de l\u2019architecture \u00e0 l\u2019\u00e9clairagisme, du mobilier \u00e0 la signal\u00e9tique, des installations sp\u00e9ciales \u00e0 celles des piscines, jusqu\u2019\u00e0 la compatibilit\u00e9 avec les diff\u00e9rentes formes de handicap.<\/p><p>Avant d\u2019arriver \u00e0 la mise en chantier, une phase cruciale est celle de <strong>l\u2019Appel d\u2019offres<\/strong>, pour laquelle nous nous occupons de superviser la r\u00e9daction des dossiers, la s\u00e9lection des fournisseurs, l\u2019analyse des offres et leur contractualisation.<\/p><p>Au moment du chantier, nous garantissons une <strong>assistance <\/strong> constante en soutenant les architectes, les ing\u00e9nieurs et les soci\u00e9t\u00e9s charg\u00e9es de la r\u00e9alisation du projet aussi bien sur le terrain qu\u2019en distanciel, et en affrontant avec eux toute probl\u00e9matique qui concernerait la construction.<\/p><p>Pendant le chantier et dans la phase finale, nous nous occupons enfin de r\u00e9aliser une enqu\u00eate scrupuleuse de <strong>contr\u00f4le de qualit\u00e9<\/strong>, pour v\u00e9rifier le respect des param\u00e8tres de conception, fonctionnels et r\u00e9glementaires.<\/p>\t\t\t\t\t\t\t\t<\/div>\n\t\t\t\t<\/div>\n\t\t\t\t<div class=\"elementor-element elementor-element-12fc8573 elementor-icon-list--layout-traditional elementor-list-item-link-full_width elementor-widget elementor-widget-icon-list\" data-id=\"12fc8573\" data-element_type=\"widget\" data-widget_type=\"icon-list.default\">\n\t\t\t\t<div class=\"elementor-widget-container\">\n\t\t\t\t\t\t\t<ul class=\"elementor-icon-list-items\">\n\t\t\t\t\t\t\t<li class=\"elementor-icon-list-item\">\n\t\t\t\t\t\t\t\t\t\t\t<span class=\"elementor-icon-list-icon\">\n\t\t\t\t\t\t\t<i aria-hidden=\"true\" class=\"fas fa-square-full\"><\/i>\t\t\t\t\t\t<\/span>\n\t\t\t\t\t\t\t\t\t\t<span class=\"elementor-icon-list-text\"><strong>3.1<\/strong> Design du concept<\/span>\n\t\t\t\t\t\t\t\t\t<\/li>\n\t\t\t\t\t\t\t\t<li class=\"elementor-icon-list-item\">\n\t\t\t\t\t\t\t\t\t\t\t<span class=\"elementor-icon-list-icon\">\n\t\t\t\t\t\t\t<i aria-hidden=\"true\" class=\"fas fa-square-full\"><\/i>\t\t\t\t\t\t<\/span>\n\t\t\t\t\t\t\t\t\t\t<span class=\"elementor-icon-list-text\"><strong>3.2<\/strong> D\u00e9veloppement du projet ex\u00e9cutif<\/span>\n\t\t\t\t\t\t\t\t\t<\/li>\n\t\t\t\t\t\t\t\t<li class=\"elementor-icon-list-item\">\n\t\t\t\t\t\t\t\t\t\t\t<span class=\"elementor-icon-list-icon\">\n\t\t\t\t\t\t\t<i aria-hidden=\"true\" class=\"fas fa-square-full\"><\/i>\t\t\t\t\t\t<\/span>\n\t\t\t\t\t\t\t\t\t\t<span class=\"elementor-icon-list-text\"><strong>3.3<\/strong> Appel d\u2019offres<\/span>\n\t\t\t\t\t\t\t\t\t<\/li>\n\t\t\t\t\t\t\t\t<li class=\"elementor-icon-list-item\">\n\t\t\t\t\t\t\t\t\t\t\t<span class=\"elementor-icon-list-icon\">\n\t\t\t\t\t\t\t<i aria-hidden=\"true\" class=\"fas fa-square-full\"><\/i>\t\t\t\t\t\t<\/span>\n\t\t\t\t\t\t\t\t\t\t<span class=\"elementor-icon-list-text\"><strong>3.4<\/strong> Assistance en phase de construction <\/span>\n\t\t\t\t\t\t\t\t\t<\/li>\n\t\t\t\t\t\t\t\t<li class=\"elementor-icon-list-item\">\n\t\t\t\t\t\t\t\t\t\t\t<span class=\"elementor-icon-list-icon\">\n\t\t\t\t\t\t\t<i aria-hidden=\"true\" class=\"fas fa-square-full\"><\/i>\t\t\t\t\t\t<\/span>\n\t\t\t\t\t\t\t\t\t\t<span class=\"elementor-icon-list-text\"><strong>3.5<\/strong> Contr\u00f4le qualit\u00e9<\/span>\n\t\t\t\t\t\t\t\t\t<\/li>\n\t\t\t\t\t\t<\/ul>\n\t\t\t\t\t\t<\/div>\n\t\t\t\t<\/div>\n\t\t\t\t<div class=\"elementor-element elementor-element-4bc0baa5 elementor-hidden-desktop elementor-hidden-tablet elementor-widget-divider--view-line elementor-widget elementor-widget-divider\" data-id=\"4bc0baa5\" data-element_type=\"widget\" data-widget_type=\"divider.default\">\n\t\t\t\t<div class=\"elementor-widget-container\">\n\t\t\t\t\t\t\t<div class=\"elementor-divider\">\n\t\t\t<span class=\"elementor-divider-separator\">\n\t\t\t\t\t\t<\/span>\n\t\t<\/div>\n\t\t\t\t\t\t<\/div>\n\t\t\t\t<\/div>\n\t\t<div class=\"elementor-element elementor-element-175b1bbe e-con-full e-grid bbspa-we-page--grid e-con e-child\" data-id=\"175b1bbe\" data-element_type=\"container\">\n\t\t\t\t<div class=\"elementor-element elementor-element-72825dcb bbspa-we-block-btn elementor-widget elementor-widget-text-editor\" data-id=\"72825dcb\" data-element_type=\"widget\" data-widget_type=\"text-editor.default\">\n\t\t\t\t<div class=\"elementor-widget-container\">\n\t\t\t\t\t\t\t\t\t<a href=\"https:\/\/www.bbspagroup.com\/fr\/ce-quon-fait\/we-think\/\" target=\"_self\">We <span style=\"background-color: #9b3128;\">Think<\/span><\/a>\t\t\t\t\t\t\t\t<\/div>\n\t\t\t\t<\/div>\n\t\t\t\t<div class=\"elementor-element elementor-element-53d65d60 elementor-view-default elementor-widget elementor-widget-icon\" data-id=\"53d65d60\" data-element_type=\"widget\" data-widget_type=\"icon.default\">\n\t\t\t\t<div class=\"elementor-widget-container\">\n\t\t\t\t\t\t\t<div class=\"elementor-icon-wrapper\">\n\t\t\t<div class=\"elementor-icon\">\n\t\t\t<svg xmlns=\"http:\/\/www.w3.org\/2000\/svg\" width=\"19.542\" height=\"36.121\" viewBox=\"0 0 19.542 36.121\"><g id=\"Group_1647\" data-name=\"Group 1647\" transform=\"translate(1.414 1.414)\"><line id=\"Line_3\" data-name=\"Line 3\" x2=\"23.636\" transform=\"translate(0 33.292) rotate(-45)\" fill=\"none\" stroke=\"#504f4e\" stroke-linecap=\"round\" stroke-width=\"2\"><\/line><line id=\"Line_20\" data-name=\"Line 20\" x2=\"16.665\" y2=\"16.579\" transform=\"translate(0.049 0)\" fill=\"none\" stroke=\"#504f4e\" stroke-linecap=\"round\" stroke-width=\"2\"><\/line><\/g><\/svg>\t\t\t<\/div>\n\t\t<\/div>\n\t\t\t\t\t\t<\/div>\n\t\t\t\t<\/div>\n\t\t\t\t<div class=\"elementor-element elementor-element-e098845 bbspa-we-block-btn elementor-widget elementor-widget-text-editor\" data-id=\"e098845\" data-element_type=\"widget\" data-widget_type=\"text-editor.default\">\n\t\t\t\t<div class=\"elementor-widget-container\">\n\t\t\t\t\t\t\t\t\t<a href=\"https:\/\/www.bbspagroup.com\/fr\/ce-quon-fait\/we-develop\/\" target=\"_self\">We <span style=\"background-color: #bd2f27;\">Develop<\/span><\/a>\t\t\t\t\t\t\t\t<\/div>\n\t\t\t\t<\/div>\n\t\t\t\t<div class=\"elementor-element elementor-element-193251f9 elementor-view-default elementor-widget elementor-widget-icon\" data-id=\"193251f9\" data-element_type=\"widget\" data-widget_type=\"icon.default\">\n\t\t\t\t<div class=\"elementor-widget-container\">\n\t\t\t\t\t\t\t<div class=\"elementor-icon-wrapper\">\n\t\t\t<div class=\"elementor-icon\">\n\t\t\t<svg xmlns=\"http:\/\/www.w3.org\/2000\/svg\" width=\"19.542\" height=\"36.121\" viewBox=\"0 0 19.542 36.121\"><g id=\"Group_1647\" data-name=\"Group 1647\" transform=\"translate(1.414 1.414)\"><line id=\"Line_3\" data-name=\"Line 3\" x2=\"23.636\" transform=\"translate(0 33.292) rotate(-45)\" fill=\"none\" stroke=\"#504f4e\" stroke-linecap=\"round\" stroke-width=\"2\"><\/line><line id=\"Line_20\" data-name=\"Line 20\" x2=\"16.665\" y2=\"16.579\" transform=\"translate(0.049 0)\" fill=\"none\" stroke=\"#504f4e\" stroke-linecap=\"round\" stroke-width=\"2\"><\/line><\/g><\/svg>\t\t\t<\/div>\n\t\t<\/div>\n\t\t\t\t\t\t<\/div>\n\t\t\t\t<\/div>\n\t\t\t\t<div class=\"elementor-element elementor-element-2157f28d bbspa-we-block-btn bbspa-we-block-btn--current elementor-widget elementor-widget-text-editor\" data-id=\"2157f28d\" data-element_type=\"widget\" data-widget_type=\"text-editor.default\">\n\t\t\t\t<div class=\"elementor-widget-container\">\n\t\t\t\t\t\t\t\t\t<a href=\"#\" target=\"_self\">We <span style=\"background-color: #d13a35;\">Design<\/span><\/a>\t\t\t\t\t\t\t\t<\/div>\n\t\t\t\t<\/div>\n\t\t\t\t<div class=\"elementor-element elementor-element-422421ca elementor-view-default elementor-widget elementor-widget-icon\" data-id=\"422421ca\" data-element_type=\"widget\" data-widget_type=\"icon.default\">\n\t\t\t\t<div class=\"elementor-widget-container\">\n\t\t\t\t\t\t\t<div class=\"elementor-icon-wrapper\">\n\t\t\t<div class=\"elementor-icon\">\n\t\t\t<svg xmlns=\"http:\/\/www.w3.org\/2000\/svg\" width=\"19.542\" height=\"36.121\" viewBox=\"0 0 19.542 36.121\"><g id=\"Group_1647\" data-name=\"Group 1647\" transform=\"translate(1.414 1.414)\"><line id=\"Line_3\" data-name=\"Line 3\" x2=\"23.636\" transform=\"translate(0 33.292) rotate(-45)\" fill=\"none\" stroke=\"#504f4e\" stroke-linecap=\"round\" stroke-width=\"2\"><\/line><line id=\"Line_20\" data-name=\"Line 20\" x2=\"16.665\" y2=\"16.579\" transform=\"translate(0.049 0)\" fill=\"none\" stroke=\"#504f4e\" stroke-linecap=\"round\" stroke-width=\"2\"><\/line><\/g><\/svg>\t\t\t<\/div>\n\t\t<\/div>\n\t\t\t\t\t\t<\/div>\n\t\t\t\t<\/div>\n\t\t\t\t<div class=\"elementor-element elementor-element-720dfcc8 bbspa-we-block-btn elementor-widget elementor-widget-text-editor\" data-id=\"720dfcc8\" data-element_type=\"widget\" data-widget_type=\"text-editor.default\">\n\t\t\t\t<div class=\"elementor-widget-container\">\n\t\t\t\t\t\t\t\t\t<a href=\"https:\/\/www.bbspagroup.com\/fr\/ce-quon-fait\/we-deliver\/\" target=\"_self\">We <span style=\"background-color: #9c9d9e;\">Deliver<\/span><\/a>\t\t\t\t\t\t\t\t<\/div>\n\t\t\t\t<\/div>\n\t\t\t\t<div class=\"elementor-element elementor-element-7373a81d elementor-view-default elementor-widget elementor-widget-icon\" data-id=\"7373a81d\" data-element_type=\"widget\" data-widget_type=\"icon.default\">\n\t\t\t\t<div class=\"elementor-widget-container\">\n\t\t\t\t\t\t\t<div class=\"elementor-icon-wrapper\">\n\t\t\t<div class=\"elementor-icon\">\n\t\t\t<svg xmlns=\"http:\/\/www.w3.org\/2000\/svg\" width=\"19.542\" height=\"36.121\" viewBox=\"0 0 19.542 36.121\"><g id=\"Group_1647\" data-name=\"Group 1647\" transform=\"translate(1.414 1.414)\"><line id=\"Line_3\" data-name=\"Line 3\" x2=\"23.636\" transform=\"translate(0 33.292) rotate(-45)\" fill=\"none\" stroke=\"#504f4e\" stroke-linecap=\"round\" stroke-width=\"2\"><\/line><line id=\"Line_20\" data-name=\"Line 20\" x2=\"16.665\" y2=\"16.579\" transform=\"translate(0.049 0)\" fill=\"none\" stroke=\"#504f4e\" stroke-linecap=\"round\" stroke-width=\"2\"><\/line><\/g><\/svg>\t\t\t<\/div>\n\t\t<\/div>\n\t\t\t\t\t\t<\/div>\n\t\t\t\t<\/div>\n\t\t\t\t<div class=\"elementor-element elementor-element-5c4dd769 bbspa-we-block-btn elementor-widget elementor-widget-text-editor\" data-id=\"5c4dd769\" data-element_type=\"widget\" data-widget_type=\"text-editor.default\">\n\t\t\t\t<div class=\"elementor-widget-container\">\n\t\t\t\t\t\t\t\t\t<a href=\"https:\/\/www.bbspagroup.com\/fr\/ce-quon-fait\/we-manage\/\" target=\"_self\">We <span style=\"background-color: #514f4e;\">Manage<\/span><\/a>\t\t\t\t\t\t\t\t<\/div>\n\t\t\t\t<\/div>\n\t\t\t\t<\/div>\n\t\t\t\t<div class=\"elementor-element elementor-element-179cdca1 elementor-hidden-desktop elementor-hidden-tablet elementor-widget-divider--view-line elementor-widget elementor-widget-divider\" data-id=\"179cdca1\" data-element_type=\"widget\" data-widget_type=\"divider.default\">\n\t\t\t\t<div class=\"elementor-widget-container\">\n\t\t\t\t\t\t\t<div class=\"elementor-divider\">\n\t\t\t<span class=\"elementor-divider-separator\">\n\t\t\t\t\t\t<\/span>\n\t\t<\/div>\n\t\t\t\t\t\t<\/div>\n\t\t\t\t<\/div>\n\t\t\t\t<\/div>\n\t\t<div class=\"elementor-element elementor-element-34cbfbc3 e-con-full e-flex e-con e-child\" data-id=\"34cbfbc3\" data-element_type=\"container\">\n\t\t\t\t<div class=\"elementor-element elementor-element-6aa8136a elementor-widget elementor-widget-image\" data-id=\"6aa8136a\" data-element_type=\"widget\" data-widget_type=\"image.default\">\n\t\t\t\t<div class=\"elementor-widget-container\">\n\t\t\t\t\t\t\t\t\t\t\t\t\t\t\t<img fetchpriority=\"high\" decoding=\"async\" width=\"764\" height=\"600\" src=\"https:\/\/www.bbspagroup.com\/wp-content\/uploads\/2022\/08\/mark-potterton-sNVkn3507Oo-unsplash.png\" class=\"attachment-full size-full wp-image-3513\" alt=\"mark-potterton-sNVkn3507Oo-unsplash\" srcset=\"https:\/\/www.bbspagroup.com\/wp-content\/uploads\/2022\/08\/mark-potterton-sNVkn3507Oo-unsplash.png 764w, https:\/\/www.bbspagroup.com\/wp-content\/uploads\/2022\/08\/mark-potterton-sNVkn3507Oo-unsplash-300x236.png 300w\" sizes=\"(max-width: 764px) 100vw, 764px\" title=\"mark-potterton-sNVkn3507Oo-unsplash\" \/>\t\t\t\t\t\t\t\t\t\t\t\t\t\t\t<\/div>\n\t\t\t\t<\/div>\n\t\t\t\t<\/div>\n\t\t\t\t\t<\/div>\n\t\t\t\t<\/div>\n\t\t\t\t<\/div>\n\t\t","protected":false},"excerpt":{"rendered":"<p>We Design We Design est le service conseil qui s\u2019occupe d\u2019accompagner l\u2019\u00e9quipe d\u2019architectes, d\u2019ing\u00e9nieurs et de fournisseurs des clients, dans la d\u00e9finition et la r\u00e9alisation des projets ex\u00e9cutifs, et dans chaque phase du chantier jusqu\u2019au contr\u00f4le qualit\u00e9 des travaux ex\u00e9cut\u00e9s. Comment r\u00e9alise-t-on un SPA performant? Nous commen\u00e7ons par le design du concept de tous les [&hellip;]<\/p>\n","protected":false},"author":1,"featured_media":0,"parent":2477,"menu_order":0,"comment_status":"closed","ping_status":"closed","template":"","meta":{"_acf_changed":false,"footnotes":""},"class_list":["post-2481","page","type-page","status-publish","hentry"],"acf":[],"yoast_head":"<!-- This site is optimized with the Yoast SEO plugin v22.5 - https:\/\/yoast.com\/wordpress\/plugins\/seo\/ -->\n<title>we Design - bbspa_Group<\/title>\n<meta name=\"description\" content=\"est le service pens\u00e9 pour le r\u00e9am\u00e9nagement et l\u2019actualisation du design d\u2019un Spa d\u00e9j\u00e0 \u00e9tabli ou pour la mise en place des lignes directrices d\u2019un nouveau projet.\" \/>\n<meta name=\"robots\" content=\"index, follow, max-snippet:-1, max-image-preview:large, max-video-preview:-1\" \/>\n<link rel=\"canonical\" href=\"https:\/\/www.bbspagroup.com\/fr\/ce-quon-fait\/we-design\/\" \/>\n<meta property=\"og:locale\" content=\"fr_FR\" \/>\n<meta property=\"og:type\" content=\"article\" \/>\n<meta property=\"og:title\" content=\"we Design - bbspa_Group\" \/>\n<meta property=\"og:description\" content=\"est le service pens\u00e9 pour le r\u00e9am\u00e9nagement et l\u2019actualisation du design d\u2019un Spa d\u00e9j\u00e0 \u00e9tabli ou pour la mise en place des lignes directrices d\u2019un nouveau projet.\" \/>\n<meta property=\"og:url\" content=\"https:\/\/www.bbspagroup.com\/fr\/ce-quon-fait\/we-design\/\" \/>\n<meta property=\"og:site_name\" content=\"bbspa_Group\" \/>\n<meta property=\"article:modified_time\" content=\"2025-12-04T23:05:27+00:00\" \/>\n<meta property=\"og:image\" content=\"https:\/\/www.bbspagroup.com\/wp-content\/uploads\/2022\/08\/mark-potterton-sNVkn3507Oo-unsplash.png\" \/>\n<meta name=\"twitter:card\" content=\"summary_large_image\" \/>\n<meta name=\"twitter:label1\" content=\"Dur\u00e9e de lecture estim\u00e9e\" \/>\n\t<meta name=\"twitter:data1\" content=\"2 minutes\" \/>\n<script type=\"application\/ld+json\" class=\"yoast-schema-graph\">{\"@context\":\"https:\/\/schema.org\",\"@graph\":[{\"@type\":\"WebPage\",\"@id\":\"https:\/\/www.bbspagroup.com\/fr\/ce-quon-fait\/we-design\/\",\"url\":\"https:\/\/www.bbspagroup.com\/fr\/ce-quon-fait\/we-design\/\",\"name\":\"we Design - bbspa_Group\",\"isPartOf\":{\"@id\":\"https:\/\/www.bbspagroup.com\/fr\/#website\"},\"primaryImageOfPage\":{\"@id\":\"https:\/\/www.bbspagroup.com\/fr\/ce-quon-fait\/we-design\/#primaryimage\"},\"image\":{\"@id\":\"https:\/\/www.bbspagroup.com\/fr\/ce-quon-fait\/we-design\/#primaryimage\"},\"thumbnailUrl\":\"https:\/\/www.bbspagroup.com\/wp-content\/uploads\/2022\/08\/mark-potterton-sNVkn3507Oo-unsplash.png\",\"datePublished\":\"2022-04-21T08:21:45+00:00\",\"dateModified\":\"2025-12-04T23:05:27+00:00\",\"description\":\"est le service pens\u00e9 pour le r\u00e9am\u00e9nagement et l\u2019actualisation du design d\u2019un Spa d\u00e9j\u00e0 \u00e9tabli ou pour la mise en place des lignes directrices d\u2019un nouveau projet.\",\"breadcrumb\":{\"@id\":\"https:\/\/www.bbspagroup.com\/fr\/ce-quon-fait\/we-design\/#breadcrumb\"},\"inLanguage\":\"fr-FR\",\"potentialAction\":[{\"@type\":\"ReadAction\",\"target\":[\"https:\/\/www.bbspagroup.com\/fr\/ce-quon-fait\/we-design\/\"]}]},{\"@type\":\"ImageObject\",\"inLanguage\":\"fr-FR\",\"@id\":\"https:\/\/www.bbspagroup.com\/fr\/ce-quon-fait\/we-design\/#primaryimage\",\"url\":\"https:\/\/www.bbspagroup.com\/wp-content\/uploads\/2022\/08\/mark-potterton-sNVkn3507Oo-unsplash.png\",\"contentUrl\":\"https:\/\/www.bbspagroup.com\/wp-content\/uploads\/2022\/08\/mark-potterton-sNVkn3507Oo-unsplash.png\"},{\"@type\":\"BreadcrumbList\",\"@id\":\"https:\/\/www.bbspagroup.com\/fr\/ce-quon-fait\/we-design\/#breadcrumb\",\"itemListElement\":[{\"@type\":\"ListItem\",\"position\":1,\"name\":\"Home\",\"item\":\"https:\/\/www.bbspagroup.com\/fr\/the-sandbox\/\"},{\"@type\":\"ListItem\",\"position\":2,\"name\":\"Ce qu&rsquo;on fait\",\"item\":\"https:\/\/www.bbspagroup.com\/fr\/ce-quon-fait\/\"},{\"@type\":\"ListItem\",\"position\":3,\"name\":\"we Design\"}]},{\"@type\":\"WebSite\",\"@id\":\"https:\/\/www.bbspagroup.com\/fr\/#website\",\"url\":\"https:\/\/www.bbspagroup.com\/fr\/\",\"name\":\"bbspa_Group\",\"description\":\"\",\"publisher\":{\"@id\":\"https:\/\/www.bbspagroup.com\/fr\/#organization\"},\"potentialAction\":[{\"@type\":\"SearchAction\",\"target\":{\"@type\":\"EntryPoint\",\"urlTemplate\":\"https:\/\/www.bbspagroup.com\/fr\/?s={search_term_string}\"},\"query-input\":\"required name=search_term_string\"}],\"inLanguage\":\"fr-FR\"},{\"@type\":\"Organization\",\"@id\":\"https:\/\/www.bbspagroup.com\/fr\/#organization\",\"name\":\"bbspa_Group\",\"url\":\"https:\/\/www.bbspagroup.com\/fr\/\",\"logo\":{\"@type\":\"ImageObject\",\"inLanguage\":\"fr-FR\",\"@id\":\"https:\/\/www.bbspagroup.com\/fr\/#\/schema\/logo\/image\/\",\"url\":\"https:\/\/www.bbspagroup.com\/wp-content\/uploads\/2022\/04\/\u2022BBspa_LOGO_08_2022_\u00ae-1.png\",\"contentUrl\":\"https:\/\/www.bbspagroup.com\/wp-content\/uploads\/2022\/04\/\u2022BBspa_LOGO_08_2022_\u00ae-1.png\",\"width\":1926,\"height\":548,\"caption\":\"bbspa_Group\"},\"image\":{\"@id\":\"https:\/\/www.bbspagroup.com\/fr\/#\/schema\/logo\/image\/\"}}]}<\/script>\n<!-- \/ Yoast SEO plugin. -->","yoast_head_json":{"title":"we Design - bbspa_Group","description":"est le service pens\u00e9 pour le r\u00e9am\u00e9nagement et l\u2019actualisation du design d\u2019un Spa d\u00e9j\u00e0 \u00e9tabli ou pour la mise en place des lignes directrices d\u2019un nouveau projet.","robots":{"index":"index","follow":"follow","max-snippet":"max-snippet:-1","max-image-preview":"max-image-preview:large","max-video-preview":"max-video-preview:-1"},"canonical":"https:\/\/www.bbspagroup.com\/fr\/ce-quon-fait\/we-design\/","og_locale":"fr_FR","og_type":"article","og_title":"we Design - bbspa_Group","og_description":"est le service pens\u00e9 pour le r\u00e9am\u00e9nagement et l\u2019actualisation du design d\u2019un Spa d\u00e9j\u00e0 \u00e9tabli ou pour la mise en place des lignes directrices d\u2019un nouveau projet.","og_url":"https:\/\/www.bbspagroup.com\/fr\/ce-quon-fait\/we-design\/","og_site_name":"bbspa_Group","article_modified_time":"2025-12-04T23:05:27+00:00","og_image":[{"url":"https:\/\/www.bbspagroup.com\/wp-content\/uploads\/2022\/08\/mark-potterton-sNVkn3507Oo-unsplash.png"}],"twitter_card":"summary_large_image","twitter_misc":{"Dur\u00e9e de lecture estim\u00e9e":"2 minutes"},"schema":{"@context":"https:\/\/schema.org","@graph":[{"@type":"WebPage","@id":"https:\/\/www.bbspagroup.com\/fr\/ce-quon-fait\/we-design\/","url":"https:\/\/www.bbspagroup.com\/fr\/ce-quon-fait\/we-design\/","name":"we Design - bbspa_Group","isPartOf":{"@id":"https:\/\/www.bbspagroup.com\/fr\/#website"},"primaryImageOfPage":{"@id":"https:\/\/www.bbspagroup.com\/fr\/ce-quon-fait\/we-design\/#primaryimage"},"image":{"@id":"https:\/\/www.bbspagroup.com\/fr\/ce-quon-fait\/we-design\/#primaryimage"},"thumbnailUrl":"https:\/\/www.bbspagroup.com\/wp-content\/uploads\/2022\/08\/mark-potterton-sNVkn3507Oo-unsplash.png","datePublished":"2022-04-21T08:21:45+00:00","dateModified":"2025-12-04T23:05:27+00:00","description":"est le service pens\u00e9 pour le r\u00e9am\u00e9nagement et l\u2019actualisation du design d\u2019un Spa d\u00e9j\u00e0 \u00e9tabli ou pour la mise en place des lignes directrices d\u2019un nouveau projet.","breadcrumb":{"@id":"https:\/\/www.bbspagroup.com\/fr\/ce-quon-fait\/we-design\/#breadcrumb"},"inLanguage":"fr-FR","potentialAction":[{"@type":"ReadAction","target":["https:\/\/www.bbspagroup.com\/fr\/ce-quon-fait\/we-design\/"]}]},{"@type":"ImageObject","inLanguage":"fr-FR","@id":"https:\/\/www.bbspagroup.com\/fr\/ce-quon-fait\/we-design\/#primaryimage","url":"https:\/\/www.bbspagroup.com\/wp-content\/uploads\/2022\/08\/mark-potterton-sNVkn3507Oo-unsplash.png","contentUrl":"https:\/\/www.bbspagroup.com\/wp-content\/uploads\/2022\/08\/mark-potterton-sNVkn3507Oo-unsplash.png"},{"@type":"BreadcrumbList","@id":"https:\/\/www.bbspagroup.com\/fr\/ce-quon-fait\/we-design\/#breadcrumb","itemListElement":[{"@type":"ListItem","position":1,"name":"Home","item":"https:\/\/www.bbspagroup.com\/fr\/the-sandbox\/"},{"@type":"ListItem","position":2,"name":"Ce qu&rsquo;on fait","item":"https:\/\/www.bbspagroup.com\/fr\/ce-quon-fait\/"},{"@type":"ListItem","position":3,"name":"we Design"}]},{"@type":"WebSite","@id":"https:\/\/www.bbspagroup.com\/fr\/#website","url":"https:\/\/www.bbspagroup.com\/fr\/","name":"bbspa_Group","description":"","publisher":{"@id":"https:\/\/www.bbspagroup.com\/fr\/#organization"},"potentialAction":[{"@type":"SearchAction","target":{"@type":"EntryPoint","urlTemplate":"https:\/\/www.bbspagroup.com\/fr\/?s={search_term_string}"},"query-input":"required name=search_term_string"}],"inLanguage":"fr-FR"},{"@type":"Organization","@id":"https:\/\/www.bbspagroup.com\/fr\/#organization","name":"bbspa_Group","url":"https:\/\/www.bbspagroup.com\/fr\/","logo":{"@type":"ImageObject","inLanguage":"fr-FR","@id":"https:\/\/www.bbspagroup.com\/fr\/#\/schema\/logo\/image\/","url":"https:\/\/www.bbspagroup.com\/wp-content\/uploads\/2022\/04\/\u2022BBspa_LOGO_08_2022_\u00ae-1.png","contentUrl":"https:\/\/www.bbspagroup.com\/wp-content\/uploads\/2022\/04\/\u2022BBspa_LOGO_08_2022_\u00ae-1.png","width":1926,"height":548,"caption":"bbspa_Group"},"image":{"@id":"https:\/\/www.bbspagroup.com\/fr\/#\/schema\/logo\/image\/"}}]}},"_links":{"self":[{"href":"https:\/\/www.bbspagroup.com\/fr\/wp-json\/wp\/v2\/pages\/2481","targetHints":{"allow":["GET"]}}],"collection":[{"href":"https:\/\/www.bbspagroup.com\/fr\/wp-json\/wp\/v2\/pages"}],"about":[{"href":"https:\/\/www.bbspagroup.com\/fr\/wp-json\/wp\/v2\/types\/page"}],"author":[{"embeddable":true,"href":"https:\/\/www.bbspagroup.com\/fr\/wp-json\/wp\/v2\/users\/1"}],"replies":[{"embeddable":true,"href":"https:\/\/www.bbspagroup.com\/fr\/wp-json\/wp\/v2\/comments?post=2481"}],"version-history":[{"count":17,"href":"https:\/\/www.bbspagroup.com\/fr\/wp-json\/wp\/v2\/pages\/2481\/revisions"}],"predecessor-version":[{"id":8241,"href":"https:\/\/www.bbspagroup.com\/fr\/wp-json\/wp\/v2\/pages\/2481\/revisions\/8241"}],"up":[{"embeddable":true,"href":"https:\/\/www.bbspagroup.com\/fr\/wp-json\/wp\/v2\/pages\/2477"}],"wp:attachment":[{"href":"https:\/\/www.bbspagroup.com\/fr\/wp-json\/wp\/v2\/media?parent=2481"}],"curies":[{"name":"wp","href":"https:\/\/api.w.org\/{rel}","templated":true}]}}